{"id":2694,"date":"2016-05-12T18:49:22","date_gmt":"2016-05-12T18:49:22","guid":{"rendered":"http:\/\/www.heinehaus.de\/?page_id=2694"},"modified":"2016-05-12T19:00:24","modified_gmt":"2016-05-12T19:00:24","slug":"archiv-2015","status":"publish","type":"page","link":"https:\/\/www.heinehaus.de\/index.php\/archive\/archiv-2015\/","title":{"rendered":"Archiv 2015"},"content":{"rendered":"<div class=\"post\"><strong>Unsere Veranstaltungen im November und Dezember 2015.<\/strong><\/p>\n<p>+++ Die Theater- und Filmschauspielerin <strong>Lena Stolze<\/strong>, bestreitet in diesem Jahr die vierte Veranstaltung der Auslese. Sie pr\u00e4sentiert am <strong>1. November<\/strong> im Schmela Haus ihre pers\u00f6nliche Auswahl.\u00a0 +++<\/p>\n<p>+++ Von den f\u00fcnf Nominierten des Schweizer Buchpreis 2015 werden die drei Autorinnen <strong>Dana Grigorcea, Ruth Schweikert <\/strong>und<strong> Monique Schwitter<\/strong> ihre B\u00fccher im Heine Haus vorstellen. Am<strong> 3. November<\/strong> +++<\/p>\n<p>+++ Die Gedichte von <strong>Judith Holofernes<\/strong> sind in einem au\u00dfergew\u00f6hnlichen Buch erschienen, kongenial illustriert von der K\u00fcnstlerin <strong>Vanessa Karr\u00e9<\/strong>. Sie stellt das Buch im Heine Haus am <strong>5. November<\/strong> vor. +++<\/p>\n<p>+++ <strong>Michael Frayn<\/strong>, Meister des britischen Humors, kommt mit seinem neuen Leseband Streichholzschachteltheater am<strong> 6. November<\/strong> nach D\u00fcsseldorf. +++<\/p>\n<p>+++\u00a0<strong>Cees Nooteboom<\/strong> liest aus seinem Essay, spricht \u00fcber Zurbar\u00e1n und die Zeit des spanischen Barock und stellt den Bildband vor. Am<strong> 11. November.<\/strong> +++<\/p>\n<p>+++ <strong>Durs Gr\u00fcnbein<\/strong> spricht mit <strong>Lukas B\u00e4rfuss<\/strong>, der im letzten Jahr mit dem Schweizer Buchpreis ausgezeichnet wurde, \u00fcber Themen wie \u201everstaatlichtes Dasein\u201d, \u201eDichterleben\u201d, \u201eTheater heute\u201d u.a.m. Am <strong>23. November<\/strong>. +++<\/p>\n<p>+++ <em>\u201e<strong>David Foenkinos<\/strong> riskiert alles und schafft ein gro\u00dfartiges literarisches Monument f\u00fcr die Malerin Charlotte Salomon.\u201d<\/em> Er liest am <strong>7. Dezember<\/strong> im Heine Haus. +++<\/p>\n<p>+++ <strong>Barbara K\u00f6hler<\/strong> stellt eine besondere Art von Reisebericht vor: Ihre Eindr\u00fccke von Istanbul hat sie in Gedichten, Fotos und einem Essay festgehalten. Sie stellt ihn am<strong> 10. Dezember<\/strong> vor. +++<\/p>\n<p>+++ Am 13. Dezember stellt <strong>Ursula Nowak<\/strong> eine Auswahl der sch\u00f6nsten<strong> Kinder- und Jugendb\u00fccher<\/strong> vor. Ab 15 Uhr. +++<\/p>\n<p><strong>Unsere Veranstaltungen im Oktober 2015.<\/strong><\/p>\n<p>+++<strong> Karl-Heinz Ott<\/strong> erz\u00e4hlt brilliant und mit gro\u00dfer Komik von dem, was eine Familie zusammenh\u00e4lt und was sie auseinanderrei\u00dft. Am <strong>1. Oktober<\/strong> +++<\/p>\n<p>+++ In der Reihe<em> Literatur.Sprache.Musik.<\/em> gibt es Klangbilder von <strong>Burkhard Reinartz<\/strong> zu h\u00f6ren. Am<strong> 8. Oktober<\/strong> +++<\/p>\n<p>+++ Mit <em>Narrenleben<\/em>, einem Roman \u00fcber Macht und Moral, \u00fcber Abh\u00e4ngigkeit und Selbstachtung, macht <strong>Hans Joachim Sch\u00e4dlich<\/strong> erneut, kunstvoll und verknappt, zwei historische Gestalten und ihre Zeit lebendig. Am <strong>19. Oktober<\/strong> +++<\/p>\n<p>+++ Der K\u00fcnstler <strong>Mischa Kuball<\/strong> beleuchtet das Thema \u201eHeimat\u201c in einem Workshop mit Sch\u00fclerinnen und Sch\u00fclern, vorwiegend mit Migrationshintergrund, unter verschiedenen k\u00fcnstlerischen Aspekten. Die Ergebnisse werden am <strong>23. Oktober<\/strong> pr\u00e4sentiert. +++<\/p>\n<p><strong>Unsere Veranstaltungen im September 2015.<\/strong><\/p>\n<p>+++ Das <strong>Poesiefest<\/strong> findet zum f\u00fcnften Mal statt und es erwartet Sie ein hochkar\u00e4tiges Programm. Vom<strong> 4. bis 6. Sept.<\/strong> +++<\/p>\n<p>+++ Die Erz\u00e4hlungen des international ausgezeichneten Autors, Verlegers und \u00dcbersetzers <strong>Michael Kr\u00fcger<\/strong> handeln von Zuwendung und Abkehr, von Widerspr\u00fcchen und Harmonie, von N\u00e4he und Distanz. Er liest am <strong>10. September<\/strong> im Heine Haus +++<\/p>\n<p>+++ Am <strong>15. September<\/strong> ist das d\u00fcsseldorf festival! ist zu Gast mit einem <strong>Abend zu Heiner M\u00fcller.<\/strong> +++<\/p>\n<p>+++ Der Philosoph <strong>R\u00fcdiger Safranski<\/strong> gibt uns einen Einblick in die Geschichte der Zeiterfahrung von der Antike bis zur Gegenwart. Am<strong> 23. September<\/strong> +++<\/p>\n<p>+++ Am <strong>24. September<\/strong> laden wir au\u00dfer Haus ins Palais Wittgenstein zu einem Abend f\u00fcr <strong>Ingrid Bach\u00e9r<\/strong>. +++<\/p>\n<p>+++ Die Theater- und Filmschauspielerin <strong>Heike Trinker<\/strong>, aus dem Fernsehen bekannt u.a. aus der Serie <em>Stubbe<\/em> \u2013 von Fall zu Fall, liest ausgew\u00e4hlte Textstellen aus Heines Harzreise. Am<strong> 30. September<\/strong> +++<\/p>\n<p><strong>Unsere Veranstaltungen im August 2015.<\/strong><\/p>\n<p>+++ Der Literatur- und Kunstbuchverleger<strong> Stefan Weidle<\/strong> pr\u00e4sentiert im Schmela Haus der Kunstsammlung seine pers\u00f6nliche Auswahl f\u00fcr die Sammlung. Am 2. August +++<\/p>\n<p>+++ Der zuletzt mit dem Heinrich-B\u00f6ll-Preis ausgezeichnete <strong>Ulrich Peltzer<\/strong> liest aus seinem neuen Roman, einem metaphysischen Thriller \u00fcber das 21. Jahrhundert und die Gespenster der Vergangenheit. Am <strong>25. August<\/strong> +++<\/p>\n<p>+++ Die \u00d6konomin und Philosophin<strong> Lisa Herzog<\/strong> tr\u00e4gt aus ihrem Buch <em>Freiheit<\/em> geh\u00f6rt nicht nur den Reichen. Pl\u00e4doyer f\u00fcr einen zeitgem\u00e4\u00dfen Liberalismus vor und zeigt auf, wie alte Ideen \u00fcber die Freiheit f\u00fcr die heutige Zeit relevant sein k\u00f6nnen. Am<strong> 27. August<\/strong> +++<\/p>\n<p><strong>Unsere Veranstaltungen im Mai, Juni und Juli 2015.<\/strong><\/p>\n<p>+++ Der Kulturjournalist, H\u00f6rfunkmoderator und \u00dcbersetzer <strong>David Eisermann<\/strong> bestreitet in diesem Jahr die zweite Veranstaltung dieser Reihe. Er pr\u00e4sentiert im Museumscaf\u00e9 Lieshout der Kunstsammlung seine pers\u00f6nliche Auswahl. Am <strong>3. Mai<\/strong>\u00a0+++<\/p>\n<p>+++\u00a0<strong>Am\u00e9lie Nothomb<\/strong> wagt die Reise nach Japan, in das Land ihrer Kindheit und vergleicht ihr Paradies von damals mit der Wirklichkeit von heute. Sie liest aus ihrem neuen Buch am <strong>8. Mai<\/strong>\u00a0+++<\/p>\n<p>+++\u00a0Der Schriftsteller, Literaturwissenschaftler, Poet und Musiker <strong>Michael Lentz<\/strong> gibt im Heine Haus einen Einblick in sein kreatives Schaffen: Eine Rede halten mit K\u00f6rper und Stimme. Mit Musik. Die Rede als Text und Ereignis. Am <strong>11. Mai<\/strong> +++<\/p>\n<p>+++ <strong>Werner Spies<\/strong> w\u00e4hlte rund 150 der besten Werke auf Papier aus den Best\u00e4nden des Mus\u00e9e d\u2019Orsay aus und lie\u00df sie von zeitgen\u00f6ssischen K\u00fcnstlern in v\u00f6llig freier Form interpretieren. Am <strong>27. Mai<\/strong> +++<\/p>\n<p>+++\u00a0<strong>Dr. Vera Elisabeth Gerling <\/strong>und<strong> Peter Kultzen<\/strong> sprechen \u00fcber die Herausforderungen des \u00dcbersetzens angesichts so unterschiedlicher Umgangsformen mit dem historischen Ged\u00e4chtnis, wie sie Javier\u00a0Cercas entwirft. Am<strong> 2. Juni\u00a0<\/strong>+++<\/p>\n<p>+++ Der niederl\u00e4ndische Autor<strong> J.J. Voskuil<\/strong> und sein 5.000-Seiten-Opus\u00a0<em>Das B\u00fcro:\u00a0<\/em>Eine Veranstaltung zum Erscheinen von Band 3 des Kultbuches um\u00a0den wackeren B\u00fcro-Arbeiter Maarten Koning und seine Frau Nicolien. Am<strong> 11. Juni<\/strong> +++<\/p>\n<p>+++\u00a0Mit dem in der FAZ vorabgedruckten Roman <em>\u00dcberm Rauschen<\/em> war <strong>Norbert Scheuer<\/strong> 2009 auf der Shortlist f\u00fcr den Deutschen Buchpreis. Er liest aus seinem neuen Buch am <strong>17. Juni<\/strong> im Heine Haus\u00a0+++<\/p>\n<p>+++\u00a0<strong>Denis Scheck<\/strong> stellt vor: In der Tradition von Hoffmanns<em> Elixieren des Teufels,<\/em> Carolls <em>Alice im Wunderland<\/em> oder Stanley Kubricks<em> 2001 Odyssee im Weltraum<\/em> \u2013 ist <em>Das gr\u00fcne Rollo<\/em> der neueste Roman-Coup von<strong> Heinrich Steinfest. 26. Juni<\/strong> +++<\/p>\n<p>+++\u00a0Der Lyriker und Essayist <strong>Ulf Stolterfoht<\/strong> hat im Fr\u00fchjahr 2015 einen kleinen Verlag gegr\u00fcndet und wirbt daf\u00fcr selbstbewusst mit dem Slogan: \u201eSchwierige Lyrik zu einem sehr hohen Preis \u2013 dann ist es BRUETERICH PRESS\u201d. Gemeinsam mit <strong>Oswald Egger<\/strong> stellt er ihn am <strong>8. Juli<\/strong> vor.\u00a0+++<\/p>\n<p><strong>Unsere Veranstaltungen im M\u00e4rz und April 2015.<\/strong><\/p>\n<p>+++ Der M\u00e4rz steht auch im Heine Haus ganz im Zeichen der<strong> J\u00fcdischen Kulturtage NRW<\/strong>. <strong>Piotr Pazinski<\/strong> liest am <strong>11.M\u00e4rz<\/strong> aus seinem Buch <em>Die Pension.<\/em> Es ist die Suche der heutigen, jungen Generation polnischer Juden nach der angemessenen Form im Umgang mit der Geschichte, die nicht die eigene ist, und den Zeugnissen von einer Welt, die es nicht mehr gibt.+++<\/p>\n<p>+++ <strong>Olga Grjasnowa<\/strong> erz\u00e4hlt von zwei Frauen und einem Mann, die von der Liebe tr\u00e4umen, aber nicht wissen, wie man sie lebt. Sie liest am <strong>13. M\u00e4rz.<\/strong>+++<\/p>\n<p>+++ <em>Horcynus Orca i<\/em>st ein Roman des Meeres und steht in der Reihe der bedeutendsten Romanwerke des 20. Jahrhunderts. <strong>Tobias Eisermann<\/strong> spricht am <strong>17. M\u00e4rz<\/strong> mit dem \u00dcbersetzer <strong>Moshe Kahn<\/strong>.+++<\/p>\n<p><strong>+++ Lily Brett<\/strong> f\u00e4ngt in ihrem aktuellen Buch New Yorker Szenen ein. Sie liest am <strong>19. M\u00e4rz\u00a0<\/strong> aus Immer noch New York. +++<\/p>\n<p>+++ Die auf Deutsch schreibende und aus Georgien stammende <strong>Nino Haratischwili<\/strong>, preisgekr\u00f6nte Theaterautorin und Regisseurin, legt mit <em>Das achte Leben (F\u00fcr Brilka)<\/em> ihren dritten Roman vor. Sie liest daraus am <strong>7. April.<\/strong> +++<\/p>\n<p>+++ Zentraler Ausgangspunkt der Textperformance von<strong> Iwona Mickiewicz, Xaver R\u00f6mer <\/strong>und<strong> Julia Trompeter<\/strong> ist Thomas Klings Gedicht die schrift \u2013 echtfoto aus dem 1999 ver\u00f6ffentlichten Zyklus Der Erste Weltkrieg. Am <strong>14.April<\/strong> +++<\/p>\n<p>+++ Am <strong>15. April<\/strong> ist der Rimbaud Verlag zu Gast im Heine Haus mit Autorenlesungen und Gespr\u00e4chen mit<strong> Lioba Happel<\/strong> und <strong>Frank Schablewski.<\/strong> +++<\/p>\n<p><strong>Unsere Veranstaltungen im Januar und Februar 2015<\/strong><\/p>\n<p>+++<strong> Lutz Seiler<\/strong>, bekannt als Lyriker, legt mit Kruso seinen ersten, lang erwarteten Roman vor und erhielt auf Anhieb den Deutschen Buchpreis. Er liest daraus am <strong>22. Januar<\/strong> +++<\/p>\n<p>+++ <strong>Michael Kr\u00fcger,<\/strong> Schriftsteller, Dichter, \u00dcbersetzer und ehemaliger Verleger des Hanser Verlages verbindet eine enge Freundschaft mit dem Schriftsteller und aktuellen Nobelpreistr\u00e4ger <strong>Patrick Modiano<\/strong>. Im Heine Haus gibt er uns einen Einblick in Werk und Schaffen des Literaturnobelpreistr\u00e4gers. Am<strong> 23. Januar<\/strong> +++<\/p>\n<p>+++ Die Leiterin des Literaturhaus K\u00f6ln<strong> Bettina Fischer<\/strong> pr\u00e4sentiert im Museumscaf\u00e9 Lieshout der Kunstsammlung ihre pers\u00f6nliche Auswahl f\u00fcr die Kunstsammlung NRW. Am<strong> 1. Februar<\/strong> +++<\/p>\n<p>+++<strong> Arno Geiger<\/strong> erz\u00e4hlt in seinem ganz pers\u00f6nlichen, unverwechselbaren Ton vom Jungsein, von der Suche nach dem, was wichtig ist, von der Suche nach einem eigenen Platz in der Welt. <strong>Am 26. Februar<\/strong> +++<\/div>\n","protected":false},"excerpt":{"rendered":"<p>Unsere Veranstaltungen im November und Dezember 2015. +++ Die Theater- und Filmschauspielerin Lena Stolze, bestreitet in diesem Jahr die vierte Veranstaltung der Auslese. Sie pr\u00e4sentiert am 1. November im Schmela Haus ihre pers\u00f6nliche Auswahl.\u00a0 +++ +++ Von den f\u00fcnf Nominierten des Schweizer Buchpreis 2015 werden die drei Autorinnen Dana Grigorcea, Ruth Schweikert und Monique Schwitter ihre B\u00fccher im Heine Haus vorstellen. Am 3. November +++ +++ Die Gedichte von Judith Holofernes sind in einem au\u00dfergew\u00f6hnlichen Buch erschienen, kongenial illustriert von der K\u00fcnstlerin Vanessa Karr\u00e9. Sie stellt das Buch im Heine Haus am 5. November vor. +++ +++ Michael Frayn, Meister des britischen Humors, kommt mit seinem neuen Leseband Streichholzschachteltheater am 6. November nach D\u00fcsseldorf. +++ +++\u00a0Cees Nooteboom liest aus seinem&#8230;<\/p>\n","protected":false},"author":1,"featured_media":0,"parent":23,"menu_order":0,"comment_status":"closed","ping_status":"closed","template":"","meta":{"_mc_calendar":[]},"_links":{"self":[{"href":"https:\/\/www.heinehaus.de\/index.php\/wp-json\/wp\/v2\/pages\/2694"}],"collection":[{"href":"https:\/\/www.heinehaus.de\/index.php\/wp-json\/wp\/v2\/pages"}],"about":[{"href":"https:\/\/www.heinehaus.de\/index.php\/wp-json\/wp\/v2\/types\/page"}],"author":[{"embeddable":true,"href":"https:\/\/www.heinehaus.de\/index.php\/wp-json\/wp\/v2\/users\/1"}],"replies":[{"embeddable":true,"href":"https:\/\/www.heinehaus.de\/index.php\/wp-json\/wp\/v2\/comments?post=2694"}],"version-history":[{"count":3,"href":"https:\/\/www.heinehaus.de\/index.php\/wp-json\/wp\/v2\/pages\/2694\/revisions"}],"predecessor-version":[{"id":2697,"href":"https:\/\/www.heinehaus.de\/index.php\/wp-json\/wp\/v2\/pages\/2694\/revisions\/2697"}],"up":[{"embeddable":true,"href":"https:\/\/www.heinehaus.de\/index.php\/wp-json\/wp\/v2\/pages\/23"}],"wp:attachment":[{"href":"https:\/\/www.heinehaus.de\/index.php\/wp-json\/wp\/v2\/media?parent=2694"}],"curies":[{"name":"wp","href":"https:\/\/api.w.org\/{rel}","templated":true}]}}