{"id":2766,"date":"2016-05-14T13:21:43","date_gmt":"2016-05-14T13:21:43","guid":{"rendered":"http:\/\/www.heinehaus.de\/?page_id=2766"},"modified":"2017-01-07T10:37:14","modified_gmt":"2017-01-07T10:37:14","slug":"archiv-2016","status":"publish","type":"page","link":"https:\/\/www.heinehaus.de\/index.php\/archive\/archiv-2016\/","title":{"rendered":"Archiv 2016"},"content":{"rendered":"<p><strong>Unsere Veranstaltungen im November und Dezember 2016<\/strong><\/p>\n<p>+++ <a href=\"https:\/\/www.heinehaus.de\/index.php\/2016\/10\/25\/auslese-buecher-fuer-die-sammlung\/\"><strong>Oswald Egger,<\/strong><\/a> Dichter und Philosoph, pr\u00e4sentiert im Museumscaf\u00e9 Lieshout der Kunstsammlung seine B\u00fccher-Auslese am <strong>06. November<\/strong>.\u00a0+++ <a href=\"https:\/\/www.heinehaus.de\/index.php\/2016\/10\/25\/auslese-buecher-fuer-die-sammlung\/\"><strong>mehr<\/strong><\/a><\/p>\n<p>+++ <strong>Charles Lewinsky<\/strong> und <strong>Michelle Steinbeck<\/strong> stellen am <strong>08. November<\/strong> ihre fu\u0308r den <strong><a href=\"https:\/\/www.heinehaus.de\/index.php\/2016\/10\/25\/schweizer-buchpreis-2016-nominierte-autoren-auf-lesetour\/\">Schweizer Buchpreis 2016<\/a><\/strong> nominierten Bu\u0308cher im Heine Haus vor.\u00a0+++ <a href=\"https:\/\/www.heinehaus.de\/index.php\/2016\/10\/25\/schweizer-buchpreis-2016-nominierte-autoren-auf-lesetour\/\"><strong>mehr<\/strong><\/a><\/p>\n<p>+++ <a href=\"https:\/\/www.heinehaus.de\/index.php\/2016\/10\/25\/poesie-ein-fest-im-heine-haus-spezial\/\"><strong>Julia Trompeter<\/strong><\/a> ist die Preistra\u0308gerin: Du\u0308sseldorfer PoesieDebu\u0308tPreis 2016, der dieses Jahr erstmalig im Rahmen des Poesiefestes vom Heine Haus verliehen wurde. Hubert Spiegel bewundert die Beobachtungsgabe, scho\u0308pferische Lust und Musikalita\u0308t in Trompeters Lyrik. <strong>Am 18. November<\/strong>+++ <a href=\"https:\/\/www.heinehaus.de\/index.php\/2016\/10\/25\/poesie-ein-fest-im-heine-haus-spezial\/\"><strong>mehr<\/strong><\/a><\/p>\n<p>+++ In <a href=\"https:\/\/www.heinehaus.de\/index.php\/2016\/10\/25\/christoph-ransmayr-cox-der-lauf-der-zeit\/\"><strong>Christoph Ransmayrs<\/strong><\/a> neuem Buch geht es um den Versuch u\u0308ber Verga\u0308nglichkeit und Zeit zu triumphieren. Im Rahmen der Reihe <em>Neue Deutsche Literatur<\/em> liest er am <strong>23. November<\/strong> aus <em>Cox. Der Lauf der Zeit.<\/em>\u00a0+++ <a href=\"https:\/\/www.heinehaus.de\/index.php\/2016\/10\/25\/christoph-ransmayr-cox-der-lauf-der-zeit\/\"><strong>mehr<\/strong><\/a><\/p>\n<p><img decoding=\"async\" loading=\"lazy\" class=\"wp-image-3057 alignleft\" src=\"https:\/\/www.heinehaus.de\/wp-content\/uploads\/2016\/10\/Bildschirmfoto-2016-10-24-um-14.58.27-300x300.png\" alt=\"Bildschirmfoto 2016-10-24 um 14.58.27\" width=\"150\" height=\"150\" srcset=\"https:\/\/www.heinehaus.de\/wp-content\/uploads\/2016\/10\/Bildschirmfoto-2016-10-24-um-14.58.27-300x300.png 300w, https:\/\/www.heinehaus.de\/wp-content\/uploads\/2016\/10\/Bildschirmfoto-2016-10-24-um-14.58.27-150x150.png 150w, https:\/\/www.heinehaus.de\/wp-content\/uploads\/2016\/10\/Bildschirmfoto-2016-10-24-um-14.58.27-490x491.png 490w, https:\/\/www.heinehaus.de\/wp-content\/uploads\/2016\/10\/Bildschirmfoto-2016-10-24-um-14.58.27.png 639w\" sizes=\"(max-width: 150px) 100vw, 150px\" \/>+++ Nicht immer wird ein Sprung aus dem Fenster zum Sprung in eine andere Welt. In <a href=\"https:\/\/www.heinehaus.de\/index.php\/2016\/10\/25\/martin-mosebach-mogador\/\"><strong>Martin Mosebachs<\/strong><\/a> neuem Roman ist es jedoch der Beginn einer gefa\u0308hrlichen Reise, die den jungen Investmentbanker Patrick El in die Stadt Mogador an der marokkanischen Antlantikku\u0308ste fu\u0308hrt. Am <strong>30. November<\/strong>. +++ <a href=\"https:\/\/www.heinehaus.de\/index.php\/2016\/10\/25\/martin-mosebach-mogador\/\"><strong>mehr<\/strong><\/a><\/p>\n<p>+++ Der Philosoph <strong>Jochen Ho\u0308risch<\/strong> und der Schriftsteller <strong>Karl-Heinz Ott<\/strong> kommen am <strong>08. Dezember<\/strong> im Heine Haus u\u0308ber <em>Die bedeutsame Weisheit des Essens und Trinkens<\/em> ins Gespra\u0308ch. <strong>Barbara Oxenfort<\/strong>, Sa\u0308ngerin und \u201eChefin\u201c vom Weinhaus Tante Anna, dem Du\u0308sseldorfer Traditionsrestaurant, bereichert den Abend mit Auszu\u0308gen aus ihrem musikalischen Heine-Programm.\u00a0+++ <a href=\"https:\/\/www.heinehaus.de\/index.php\/2016\/10\/25\/philosophie-und-kueche\/\"><strong>mehr<\/strong><\/a><\/p>\n<p>+++ Die Heine-Preistr\u00e4gerin<strong><a href=\"https:\/\/www.heinehaus.de\/index.php\/2016\/11\/24\/heine-preistraegerin-a-l-kennedy-liest\/\"> A.L. Kennedy<\/a><\/strong> liest am <strong>11. Dezember<\/strong>+++ <strong><a href=\"https:\/\/www.heinehaus.de\/index.php\/2016\/11\/24\/heine-preistraegerin-a-l-kennedy-liest\/\">mehr<\/a><\/strong><\/p>\n<p><strong>Unsere Veranstaltungen im September und Oktober 2016<\/strong><\/p>\n<p>+++ <strong>WDR 5 B\u00fccher<\/strong> sendet live aus dem Heine Haus. Im Rahmen der Reihe <em><strong>17. Literarischer Sommer\u2009\/\u2009Literaire Zomer<\/strong><\/em>\u00a0 kommen die fl\u00e4mische Autorin <strong>Diane Broeckhoven<\/strong> (Was ich noch wei\u00df, Beck Verlag) und ihr niederl\u00e4ndischer Kollege <strong>Tommy Wieringa<\/strong> (Dies sind die Namen, Hanser Verlag) mit B\u00fccher-Moderatorin <strong>Marija Bakker <\/strong>ins Gespr\u00e4ch. DJ Markus Kunz liefert die Musik. Die Veranstaltung wird bis 21.00 Uhr live \u00fcbertragen und am Sonntag, den 04.09. um 15.05 Uhr auf WDR 5 wiederholt<strong>.<\/strong> +++ <a href=\"https:\/\/www.heinehaus.de\/index.php\/2016\/08\/10\/diane-broeckhoven-tommy-wieringa\"><strong>mehr<\/strong><\/a><\/p>\n<p><img decoding=\"async\" loading=\"lazy\" class=\"alignleft wp-image-3001\" src=\"https:\/\/www.heinehaus.de\/wp-content\/uploads\/2016\/08\/Palmen-225x300.jpg\" alt=\"Palmen\" width=\"155\" height=\"210\" \/>+++ Die Liebesbeziehung zwischen der Schriftstellerin Sylvia Plath und dem Dichter Ted Hughes nimmt ein tragisches Ende mit Silvia Plath Suizid im Jahr 1963.<a href=\"https:\/\/www.heinehaus.de\/index.php\/2016\/08\/10\/connie-palmen-du-sagst-es\/\"> <strong>Connie Palmen<\/strong><\/a> liest aus <em>Du sagst es.<\/em> Am <strong>21. September<\/strong> +++ <a href=\"https:\/\/www.heinehaus.de\/index.php\/2016\/08\/10\/connie-palmen-du-sagst-es\/\"><strong>mehr<\/strong><\/a><\/p>\n<p>+++ Entschleunigend und weise, ohne zu belehren: <a href=\"https:\/\/www.heinehaus.de\/index.php\/2016\/08\/10\/gerbrand-bakker-jasper-und-sein-knecht\/\"><strong>Gerbrand Bakker<\/strong><\/a> schreibt in dieser autobiographischen Prosa \u00fcber ein Jahr in der Eifel. Er liest aus <em>Jasper und sein Knecht<\/em> am <strong>27. September<\/strong> +++ <a href=\"https:\/\/www.heinehaus.de\/index.php\/2016\/08\/10\/gerbrand-bakker-jasper-und-sein-knecht\/\"><strong>mehr<\/strong><\/a><\/p>\n<p>+++ Am <strong>28. September<\/strong> ist das Universit\u00e4tsklinikum D\u00fcsseldorf zu Gast im Heine Haus mit Vortr\u00e4gen und einem Plenumsgespr\u00e4ch \u00fcber den <a href=\"https:\/\/www.heinehaus.de\/index.php\/2016\/08\/10\/der-krebs-die-angst\/\"><strong>Krebs, die Angst und das Reden dar\u00fcber.<\/strong><\/a> U.a. mit Charlotte Link. +++ <a href=\"https:\/\/www.heinehaus.de\/index.php\/2016\/08\/10\/der-krebs-die-angst\/\"><strong>mehr<\/strong><\/a><\/p>\n<p>+++ Am 4. Oktober findet u.a. mit Oswald Egger <strong>e<a href=\"https:\/\/www.heinehaus.de\/index.php\/2016\/08\/10\/ein-abend-fuer-oskar-pastior\/\">in Abend f\u00fcr Oskar Pastior<\/a><\/strong> statt. +++ <a href=\"https:\/\/www.heinehaus.de\/index.php\/2016\/08\/10\/ein-abend-fuer-oskar-pastior\/\"><strong>mehr<\/strong><\/a><\/p>\n<p>+++ <em>Kompass<\/em> ist das Buch der Stunde und wurde 2015 mit dem Prix Goncourt ausgezeichnet. <a href=\"https:\/\/www.heinehaus.de\/index.php\/2016\/08\/10\/2988\/\"><strong>Mathias \u00c9nard<\/strong><\/a> liest daraus am<strong> 27. Oktober.<\/strong> +++ <a href=\"https:\/\/www.heinehaus.de\/index.php\/2016\/08\/10\/2988\/\"><strong>mehr<\/strong><\/a><\/p>\n<p>+++ Auch in Herbst findet immer Donnerstags ein <a href=\"https:\/\/www.heinehaus.de\/index.php\/2016\/08\/10\/literaturkurs-im-heine-haus\/\"><strong>Literaturkurs<\/strong><\/a> mit Heinz Norbert Jocks statt. Das erste Treffen (ausnahmsweise freitags) am<strong> 9. September<\/strong> um 11 Uhr. +++ <a href=\"https:\/\/www.heinehaus.de\/index.php\/2016\/08\/10\/literaturkurs-im-heine-haus\/\"><strong>mehr<\/strong><\/a><\/p>\n<p><strong>Unsere Veranstaltungen im Juli und August 2016<\/strong><\/p>\n<p><strong>+++ <\/strong>Das <a href=\"https:\/\/www.heinehaus.de\/index.php\/2016\/07\/04\/poesie-ein-fest-im-heine-haus-3\/\"><strong>Poesiefest<\/strong><\/a> findet zum sechsten Mal statt und es erwartet Sie ein hochkar\u00e4tiges Programm. Vom<strong> 09. bis 11. Juli +++ <a href=\"https:\/\/www.heinehaus.de\/index.php\/2016\/07\/04\/poesie-ein-fest-im-heine-haus-3\/\">mehr<\/a><br \/>\n<\/strong><\/p>\n<p>+++ Der K\u00fcnstler <strong><a href=\"https:\/\/www.heinehaus.de\/index.php\/2016\/06\/09\/markus-luepertz-arkadien-hirmer-verlag\/\">Markus L\u00fcpertz<\/a> <\/strong>er\u00f6ffnet dem Leser im Heine Haus die Sicht auf seine Auseinandersetzung mit dem Sehnsuchtsort aller W\u00fcnsche und Utopien: Arkadien. <strong>Am 28.07.<\/strong> <strong>+++ <a href=\"https:\/\/www.heinehaus.de\/index.php\/2016\/06\/09\/markus-luepertz-arkadien-hirmer-verlag\/\">mehr<\/a><br \/>\n<\/strong><\/p>\n<p>+++ <a href=\"https:\/\/www.heinehaus.de\/index.php\/2016\/06\/09\/auslese-manred-rothenberger\/\"><strong>Manfred Rothenburger<\/strong><\/a>, Direktor des Instituts f\u00fcr moderne Kunst in N\u00fcrnberg und Verleger (starfruit publications) pr\u00e4sentiert im Museumscaf\u00e9 Lieshout der Kunstsammlung seine B\u00fccher-Auslese. <strong>Am 07. Aug. +++ <a href=\"https:\/\/www.heinehaus.de\/index.php\/2016\/06\/09\/auslese-manred-rothenberger\/\">mehr<\/a><br \/>\n<\/strong><\/p>\n<p>+++ In der Reihe <em>Preistr\u00e4ger im Heine Haus<\/em> liest <a href=\"https:\/\/www.heinehaus.de\/index.php\/2016\/06\/09\/guntram-vesper-frohburg-schoeffling-verlag\/\"><strong>Guntram Vesper <\/strong><\/a>am <strong>23.Aug.<\/strong> aus seinem opus magnum <em>Frohburg<\/em>. <em>Frohburg<\/em> ist nicht nur eine autobiographische Erz\u00e4hlung, sondern auch ein gro\u00dfartiges Portr\u00e4t, eine Geschichtsbetrachtung des deutschen Lebens im zwanzigsten Jahrhundert, ausgezeichnet mit dem Preis der Leipziger Buchmesse 2016 <strong>+++ <a href=\"https:\/\/www.heinehaus.de\/index.php\/2016\/06\/09\/guntram-vesper-frohburg-schoeffling-verlag\/\">mehr <\/a><br \/>\n<\/strong><\/p>\n<p>+++ <strong><a href=\"https:\/\/www.heinehaus.de\/index.php\/2016\/06\/09\/harald-naegeli-der-prozess\/\">Harald Naegeli<\/a>, <\/strong>der K\u00fcnstler und Freund von Rudolf M\u00fcller und Selinde B\u00f6hm gilt als Pionier der Street Art. Erstmals werden seine Arbeiten derart umfangreich in der Landeshauptstadt D\u00fcsseldorf pr\u00e4sentiert. Am <strong>25.Aug<\/strong>. ist die Ausstellungser\u00f6ffnung <strong>+++<a href=\"https:\/\/www.heinehaus.de\/index.php\/2016\/06\/09\/harald-naegeli-der-prozess\/\">mehr<\/a><\/strong><\/p>\n<p>+++ <strong>Am 28.Aug<\/strong>. ist im Rahmen von 70 Jahre NRW und 10 Jahre Heine Haus der Journalist, \u00dcbersetzer und Herausgeber <strong>Stefan Weidner<\/strong>. <strong>+++ <a href=\"https:\/\/www.heinehaus.de\/index.php\/2016\/06\/09\/2873\/\">mehr<\/a><\/strong><\/p>\n<p><strong>Unsere Veranstaltungen im Mai und Juni 2016<\/strong><\/p>\n<p><strong>+++<\/strong> <a href=\"https:\/\/www.heinehaus.de\/index.php\/2016\/04\/11\/auslese-nicola-von-velsen\/\"><strong>Nicola von Velsen<\/strong><\/a>, ehemalige Lektorin im Du Mont Verlag, und heute Autorin, Herausgeberin und \u201ePapierfreundin\u201c, pr\u00e4sentiert im Museumscaf\u00e9 Lieshout der Kunstsammlung ihre B\u00fccher-Auslese. <strong>Am 1. Mai +++ <a href=\"https:\/\/www.heinehaus.de\/index.php\/2016\/04\/11\/auslese-nicola-von-velsen\/\">mehr<\/a><\/strong><\/p>\n<p><strong>+++ Durs Gr\u00fcnbein<\/strong> zeichnet in seinem neuen Buch Die Jahre im Zoo ein eindringliches Bild seiner jungen Jahre am Rande der Geschichte des Kalten Krieges. Er liest daraus am <strong>9. Mai<\/strong> im Heine Haus<strong> +++ <a href=\"https:\/\/www.heinehaus.de\/index.php\/2016\/04\/11\/grunbein-ahre-im-zoo\">mehr<\/a><\/strong><\/p>\n<p><strong>+++<\/strong> <a href=\"https:\/\/www.heinehaus.de\/index.php\/2016\/04\/11\/toussaint-fusball\/\"><strong>Jean-Philippe Toussaint<\/strong><\/a> beschreibt welche Wirkung die Betrachtung eines Fu\u00dfballspiels haben kann und ruft beim Leser so Fu\u00dfballerinnerungen und verborgene Empfindungen wach. <strong>Am 11. Mai +++ <a href=\"https:\/\/www.heinehaus.de\/index.php\/2016\/04\/11\/toussaint-fusball\/\">mehr<\/a><\/strong><\/p>\n<p><strong>+++ <\/strong>Mit ihrem unverwechselbaren Ton widmet sich <a href=\"https:\/\/www.heinehaus.de\/index.php\/2016\/04\/11\/judith-hermann-lettipark\/\"><strong>Judith Hermann<\/strong><\/a> in ihrem neuen Buch den entscheidenden Augenblicken zwischenmenschlicher Beziehungen. <strong>Am 25. Mai+++ <a href=\"https:\/\/www.heinehaus.de\/index.php\/2016\/04\/11\/judith-hermann-lettipark\/\">mehr<\/a><\/strong><\/p>\n<p><strong>+++\u00a0<\/strong>Am<strong> 6. Juni<\/strong>\u00a0 findet die Preisverleihung\u00a0des <a href=\"https:\/\/www.heinehaus.de\/index.php\/2016\/04\/12\/marcel-beyer\/\"><strong>Du\u0308sseldorfer Literaturpreises 2016<\/strong><\/a> im Forum der Stadtsparkasse Du\u0308sseldorf statt.<strong> +++ <a href=\"https:\/\/www.heinehaus.de\/index.php\/2016\/04\/12\/marcel-beyer\/\">mehr<\/a><\/strong><\/p>\n<p><img decoding=\"async\" loading=\"lazy\" class=\"size-medium wp-image-2613 alignleft\" src=\"https:\/\/www.heinehaus.de\/wp-content\/uploads\/2016\/04\/PETER_KURZECK-234x300.jpg\" alt=\"PETER_KURZECK\" width=\"234\" height=\"300\" srcset=\"https:\/\/www.heinehaus.de\/wp-content\/uploads\/2016\/04\/PETER_KURZECK-234x300.jpg 234w, https:\/\/www.heinehaus.de\/wp-content\/uploads\/2016\/04\/PETER_KURZECK-469x600.jpg 469w\" sizes=\"(max-width: 234px) 100vw, 234px\" \/>+++ Rudi Deuble und Alexander Losse haben das letzte Manuskript aus <a href=\"https:\/\/www.heinehaus.de\/index.php\/2016\/04\/11\/ein-abend-fur-peter-kurzeck\/\"><strong>Peter Kurzecks<\/strong><\/a> Nachlass herausgegeben und stellen das Fragment am 73. Geburtstag des Autors im Heine Haus vor.<strong> 10. Juni+++ <a href=\"https:\/\/www.heinehaus.de\/index.php\/2016\/04\/11\/ein-abend-fur-peter-kurzeck\/\">mehr<\/a><\/strong><\/p>\n<p><img decoding=\"async\" loading=\"lazy\" class=\"alignnone wp-image-75 size-full\" src=\"https:\/\/www.heinehaus.de\/wp-content\/uploads\/2009\/12\/linie.jpg\" alt=\"linie\" width=\"420\" height=\"57\" srcset=\"https:\/\/www.heinehaus.de\/wp-content\/uploads\/2009\/12\/linie.jpg 420w, https:\/\/www.heinehaus.de\/wp-content\/uploads\/2009\/12\/linie-300x40.jpg 300w\" sizes=\"(max-width: 420px) 100vw, 420px\" \/><\/p>\n<p><strong>Unsere Veranstaltungen im M\u00e4rz und April 2016<br \/>\n<\/strong><br \/>\n+++ Der Literatur- und Medienwissenschaftler<strong> Jochen H\u00f6risch<\/strong> bringt dem Leser Wagners Theorie-Theater n\u00e4her und macht so auf originelle Weise Lust auf dessen Opern. Am<strong> 2. M\u00e4rz<\/strong> +++<\/p>\n<p>+++ Drei Tage, bevor <strong>Hanns-Josef Ortheil<\/strong> im Heine Haus aus seinen Werken liest, widmet sich das <strong>Opernstudio der Deutschen Oper<\/strong> am Rhein in einer musikalischen Lesung seinen Schriften zu Wolfgang Amadeus Mozart+++<\/p>\n<p>+++ Zur Jubil\u00e4umsverstanstaltung<strong> 10 Jahre Heine Haus\u00a0<\/strong> geht <strong>Cees Nooteboom<\/strong> auf die Spuren des r\u00e4tselhaften niederl\u00e4ndischen Renaissance Malers Hieronymus Bosch. <strong>Am 13. M\u00e4rz<\/strong> +++<\/p>\n<p>+++ <strong>Eva Menasse<\/strong> meldet sich erneut zu Wort: Mal ernst, mal am\u00fcsant kommentiert die geb\u00fcrtige Wienerin Politik, Musik, Literatur und den feinen Unterschied zwischen \u00d6sterreich und Deutschland. Am <strong>20. April<\/strong> +++<\/p>\n<p>+++<strong> Martin Walsers<\/strong> neuer Roman<em> Ein sterbender Mann<\/em> handelt auch von Liebe, Sehnsucht und dem Aufbruch in ein anderes Leben. Er liest bei der Jubil\u00e4umsverstanstaltung\u00a010 Jahre Heine Haus daraus am<strong> 15. April<\/strong> +++<\/p>\n<p><em><strong>+++ Neu +++ Immer donnerstags von 11.00 bis 13.00 Uhr findet ein Literaturkurs mit Heinz-Norbert Jocks im Heine Haus statt +++<\/strong> <\/em><\/p>\n<p><strong>Unsere Veranstaltungen im Januar und Februar 2016.<br \/>\n<\/strong><br \/>\n+++ <strong>Anne Dorn<\/strong> ver\u00f6ffentlichte mit 86 Jahren ihren ersten Gedichtband. Im Heine Haus stellt sie ihre neuen Gedichte vor. Am <strong>19. Januar<\/strong> +++<\/p>\n<p>+++ <strong>Denis Scheck<\/strong> und die Fach\u00e4rztin<strong> Dr. Eva Gritzmann<\/strong> begeben sich unterhaltsam wie erkenntnisreich auf die Spuren des athenischen Staatsmanns und Dichters Solon. Am<strong> 29. Januar<\/strong> +++<\/p>\n<p>+++<strong> Heike Gfrereis<\/strong>, Leiterin des Museums am Deutschen Literaturarchiv Marbach, sie pr\u00e4sentiert im Museumscaf\u00e9 Lieshout der Kunstsammlung NRW ihre pers\u00f6nliche Auswahl. Am <strong>31. Januar<\/strong> +++<\/p>\n<p>+++ <strong>Michael K\u00f6hlmeier<\/strong> erz\u00e4hlt von einem Leben am Rande und von der kindlichen Kraft des \u00dcberlebens in einem Roman, dessen Faszination den Leser in seinen Bann zieht. Am<strong>\u00a0 12. Februar<\/strong> +++<\/p>\n<p>+++ Seit 2013 arbeitete der Fotograf <strong>Dieter Eikelpoth<\/strong> gemeinsam mit Rudolf M\u00fcller an einem neuen Projekt. Die Ausstellung zeigt 30 Portraits und wird am<strong> 13. Februar<\/strong> im Rahmen des D\u00fcsseldorf Photoweekend 2016 um 16 Uhr er\u00f6ffnet. +++<\/p>\n<p>+++ <strong>Karl-Heinz Ott &amp; Lothar Schr\u00f6der<\/strong> treten am <strong>17 Februar<\/strong> in der neuen Reihe Heine Haus Literarisch \u2013 Kulinarisch: Genie\u00dfende Denker anl\u00e4sslich des 10j\u00e4hrigen Jubil\u00e4ums des Heine Hauses. +++<\/p>\n","protected":false},"excerpt":{"rendered":"<p>Unsere Veranstaltungen im November und Dezember 2016 +++ Oswald Egger, Dichter und Philosoph, pr\u00e4sentiert im Museumscaf\u00e9 Lieshout der Kunstsammlung seine B\u00fccher-Auslese am 06. November.\u00a0+++ mehr +++ Charles Lewinsky und Michelle Steinbeck stellen am 08. November ihre fu\u0308r den Schweizer Buchpreis 2016 nominierten Bu\u0308cher im Heine Haus vor.\u00a0+++ mehr +++ Julia Trompeter ist die Preistra\u0308gerin: Du\u0308sseldorfer PoesieDebu\u0308tPreis 2016, der dieses Jahr erstmalig im Rahmen des Poesiefestes vom Heine Haus verliehen wurde. Hubert Spiegel bewundert die Beobachtungsgabe, scho\u0308pferische Lust und Musikalita\u0308t in Trompeters Lyrik. Am 18. November+++ mehr +++ In Christoph Ransmayrs neuem Buch geht es um den Versuch u\u0308ber Verga\u0308nglichkeit und Zeit zu triumphieren. Im Rahmen der Reihe Neue Deutsche Literatur liest er am 23. November aus Cox. Der Lauf der&#8230;<\/p>\n","protected":false},"author":1,"featured_media":0,"parent":23,"menu_order":0,"comment_status":"closed","ping_status":"closed","template":"","meta":{"_mc_calendar":[]},"_links":{"self":[{"href":"https:\/\/www.heinehaus.de\/index.php\/wp-json\/wp\/v2\/pages\/2766"}],"collection":[{"href":"https:\/\/www.heinehaus.de\/index.php\/wp-json\/wp\/v2\/pages"}],"about":[{"href":"https:\/\/www.heinehaus.de\/index.php\/wp-json\/wp\/v2\/types\/page"}],"author":[{"embeddable":true,"href":"https:\/\/www.heinehaus.de\/index.php\/wp-json\/wp\/v2\/users\/1"}],"replies":[{"embeddable":true,"href":"https:\/\/www.heinehaus.de\/index.php\/wp-json\/wp\/v2\/comments?post=2766"}],"version-history":[{"count":4,"href":"https:\/\/www.heinehaus.de\/index.php\/wp-json\/wp\/v2\/pages\/2766\/revisions"}],"predecessor-version":[{"id":3197,"href":"https:\/\/www.heinehaus.de\/index.php\/wp-json\/wp\/v2\/pages\/2766\/revisions\/3197"}],"up":[{"embeddable":true,"href":"https:\/\/www.heinehaus.de\/index.php\/wp-json\/wp\/v2\/pages\/23"}],"wp:attachment":[{"href":"https:\/\/www.heinehaus.de\/index.php\/wp-json\/wp\/v2\/media?parent=2766"}],"curies":[{"name":"wp","href":"https:\/\/api.w.org\/{rel}","templated":true}]}}