{"id":3235,"date":"2017-01-24T13:20:41","date_gmt":"2017-01-24T13:20:41","guid":{"rendered":"http:\/\/www.heinehaus.de\/?page_id=3235"},"modified":"2020-11-30T09:51:03","modified_gmt":"2020-11-30T08:51:03","slug":"vermietung","status":"publish","type":"page","link":"https:\/\/www.heinehaus.de\/index.php\/vermietung\/","title":{"rendered":"Vermietung"},"content":{"rendered":"<p><strong>Arbeiten, tagen oder feiern in repr\u00e4sentativen R\u00e4umlichkeiten?<\/strong><br \/>\nDann entscheiden Sie sich doch f\u00fcr das Geburtshaus von Heinrich Heine. Das denkmalgesch\u00fctzte, im 17. Jahrhundert errichtete Wohn- und Gesch\u00e4ftshaus, tr\u00e4gt seit seiner Neuer\u00f6ffnung am 17. Februar 2006 den Namen Heine Haus. Der vordere Teil des Erdgeschosses beherbergt die Literaturhandlung M\u00fcller &amp; B\u00f6hm, im hinteren Teil befindet sich unser einzigartiger Veranstaltungsraum. Zentral gelegen, inmitten der D\u00fcsseldorfer Altstadt, zwischen Rathaus, K20 und der Deutschen Oper am Rhein hat sich unser Haus zu einem einzigartigen Treffpunkt f\u00fcr Literatur und Kunst etabliert. Unsere denkmalgesch\u00fctzten R\u00e4ume bietet nicht nur viel Platz f\u00fcr Literatur, sondern auch f\u00fcr eine ganze Reihe von Veranstaltungen. Ob Firmenpr\u00e4sentationen, Pressekonferenzen, Tagungen oder Meetings \u2013 bei uns finden Sie ein geschmackvolles Ambiente sowie altehrw\u00fcrdige und zugleich technisch hochwertig ausgestattete R\u00e4umlichkeiten, in denen sich Tradition und Moderne verbinden. Mit den hohen wei\u00dfen Decken, den au\u00dfergew\u00f6hnlichen Stahls\u00e4ulen, dem hochwertigen Parkettboden und einem gro\u00dfz\u00fcgigen Panoramadach bietet diese R\u00e4umlichkeit den perfekten Rahmen f\u00fcr Ihre Veranstaltung.<\/p>\n<p><strong>Ausstattung<\/strong><br \/>\n200 qm, Kapazit\u00e4t: 120 Personen bzw. 50 Personen bei Dinner, B\u00fchne (ca. 4m x 3,5m), Leinwand (3m x 3m), Rednerpult, Fl\u00fcgel, Beleuchtung, Tonanlage mit 2 Kabel- und 2 Drahtlosmikrofonen.<\/p>\n<p><strong>Technik<\/strong><br \/>\nDie gesamte technische Grundausr\u00fcstung k\u00f6nnen Sie bei uns ausleihen. Weiteres technisches Zubeh\u00f6r sowie kompetente Veranstaltungstechniker besorgen wir Ihnen gerne bei unseren Partnerfirmen.<\/p>\n<p><strong>Gastronomie und Catering<\/strong><br \/>\nAuf Wunsch machen wir Ihnen gerne ein Angebot f\u00fcr die Bewirtung Ihrer G\u00e4ste. Hier arbeiten wir langj\u00e4hrig, vertrauensvoll und sehr zufrieden mit verschiedenen Caterern aus D\u00fcsseldorf und Umgebung zusammen.<\/p>\n<p><strong>Parken<\/strong><br \/>\nIn den umliegenden und fu\u00dfl\u00e4ufig zu erreichenden Parkh\u00e4usern, existieren ausreichend Parkm\u00f6glichkeiten: Kunsthalle, Grabbeplatz und Carlsplatz.<\/p>\n<p>Unsere langj\u00e4hrige Erfahrung im Bereich professioneller Veranstaltungsplanung und \u2013durchf\u00fchrung stellen wir gerne in Ihren Dienst, um Ihre Veranstaltung zu Ihrer Zufriedenheit zu organisieren und umzusetzen. Was wir nicht k\u00f6nnen, k\u00f6nnen die Profis unseres Netzwerks erledigen.<\/p>\n<p>Bei Interesse k\u00f6nnen Sie sich jederzeit und gerne an uns wenden:<br \/>\nHeine Haus<br \/>\nBolkerstra\u00dfe 53<br \/>\n40213 D\u00fcsseldorf<br \/>\nTel.: 0211.200 54 294<br \/>\ninfo@heinehaus.de<\/p>\n<p>Nach einer gemeinsamen Besichtigung unserer R\u00e4umlichkeiten und angepasst an Ihre W\u00fcnsche erhalten Sie auf Wunsch ein individuelles Angebot.<\/p>\n","protected":false},"excerpt":{"rendered":"<p>Arbeiten, tagen oder feiern in repr\u00e4sentativen R\u00e4umlichkeiten?<br \/>\nDann entscheiden Sie sich doch f\u00fcr das Geburtshaus von Heinrich Heine.<\/p>\n","protected":false},"author":3,"featured_media":0,"parent":0,"menu_order":0,"comment_status":"closed","ping_status":"closed","template":"","meta":{"_mc_calendar":[]},"_links":{"self":[{"href":"https:\/\/www.heinehaus.de\/index.php\/wp-json\/wp\/v2\/pages\/3235"}],"collection":[{"href":"https:\/\/www.heinehaus.de\/index.php\/wp-json\/wp\/v2\/pages"}],"about":[{"href":"https:\/\/www.heinehaus.de\/index.php\/wp-json\/wp\/v2\/types\/page"}],"author":[{"embeddable":true,"href":"https:\/\/www.heinehaus.de\/index.php\/wp-json\/wp\/v2\/users\/3"}],"replies":[{"embeddable":true,"href":"https:\/\/www.heinehaus.de\/index.php\/wp-json\/wp\/v2\/comments?post=3235"}],"version-history":[{"count":19,"href":"https:\/\/www.heinehaus.de\/index.php\/wp-json\/wp\/v2\/pages\/3235\/revisions"}],"predecessor-version":[{"id":5766,"href":"https:\/\/www.heinehaus.de\/index.php\/wp-json\/wp\/v2\/pages\/3235\/revisions\/5766"}],"wp:attachment":[{"href":"https:\/\/www.heinehaus.de\/index.php\/wp-json\/wp\/v2\/media?parent=3235"}],"curies":[{"name":"wp","href":"https:\/\/api.w.org\/{rel}","templated":true}]}}