{"id":3830,"date":"2018-03-13T19:04:17","date_gmt":"2018-03-13T19:04:17","guid":{"rendered":"http:\/\/www.heinehaus.de\/?page_id=3830"},"modified":"2020-12-29T12:32:43","modified_gmt":"2020-12-29T11:32:43","slug":"archiv-2017","status":"publish","type":"page","link":"https:\/\/www.heinehaus.de\/index.php\/archive\/archiv-2017\/","title":{"rendered":"Archiv 2017"},"content":{"rendered":"<p><strong>Unsere Veranstaltungen im November\/Dezember 2017<\/strong><\/p>\n<p><strong>+++<a href=\"https:\/\/www.heinehaus.de\/index.php\/2017\/10\/27\/schweizer-buchpreis-2017\/\"> Urs Faes<\/a><\/strong> und <a href=\"https:\/\/www.heinehaus.de\/index.php\/2017\/10\/27\/schweizer-buchpreis-2017\/\"><strong>Julia Weber<\/strong><\/a> sind mit ihren f\u00fcr den<strong> Schweizer Buchpreis 2017<\/strong> nominierten B\u00fcchern zu Gast im Heine Haus. Am <strong>7. November +++<\/strong><a href=\"https:\/\/www.heinehaus.de\/index.php\/2017\/10\/27\/schweizer-buchpreis-2017\/\"><strong> mehr<\/strong><\/a><\/p>\n<p><strong>+++ <a href=\"https:\/\/www.heinehaus.de\/index.php\/2017\/10\/27\/peter-bichsel\/\">Peter Bichsel<\/a><\/strong>, Schriftsteller, Intellektueller und Mitglied der Deutschen Akademie f\u00fcr Sprache und Dichtung in Darmstadt, liest aus <em>Heute kommt Johnson nicht<\/em> und anderen Werken. Am <strong>8. November +++ <a href=\"https:\/\/www.heinehaus.de\/index.php\/2017\/10\/27\/peter-bichsel\/\">mehr<\/a><\/strong><\/p>\n<p><strong>+++ <a href=\"https:\/\/www.heinehaus.de\/index.php\/2017\/10\/27\/jan-wagner\/\">Jan Wagner<\/a><\/strong>, diesj\u00e4hriger B\u00fcchner-Preistr\u00e4ger, pr\u00e4sentiert im Heine Haus in seinem selbst arrangierten Auswahlband das Beste aus anderthalb Jahrzehnten poetischen Schaffens. Am <strong>9. November +++ <a href=\"https:\/\/www.heinehaus.de\/index.php\/2017\/10\/27\/jan-wagner\/\">mehr<\/a><\/strong><\/p>\n<p><strong>\u00a0<\/strong><\/p>\n<p>+++ Die <strong>Finissage<\/strong> der Ausstellung von<a href=\"https:\/\/www.heinehaus.de\/index.php\/2017\/10\/27\/claudia-van-koolwijk\/\"><strong> Claudia van Koolwijk<\/strong><\/a> findet am <strong>18. November<\/strong> statt. <strong>+++ <a href=\"https:\/\/www.heinehaus.de\/index.php\/2017\/10\/27\/claudia-van-koolwijk\/\">mehr<\/a><\/strong><\/p>\n<p><strong>+++<\/strong> F\u00fcr ihren Roman <em>Tauben fliegen auf<\/em> erhielt <a href=\"https:\/\/www.heinehaus.de\/index.php\/2017\/10\/27\/melinda-nadj-abonji\/\"><strong>Melinda Nadj Abonji<\/strong><\/a> 2010 sowohl den Deutschen als auch den Schweizer Buchpreis. Jetzt ist sie mit ihrem neuen Roman <em>Schildkr\u00f6tensoldat<\/em> zur\u00fcck und stellt ihn im Heine Haus vor. Am<strong> 23. November +++ <a href=\"https:\/\/www.heinehaus.de\/index.php\/2017\/10\/27\/melinda-nadj-abonji\/\">mehr<\/a><\/strong><\/p>\n<p><strong><a href=\"https:\/\/www.heinehaus.de\/index.php\/2017\/10\/27\/wild-im-wald-vernissage\/\"><img decoding=\"async\" loading=\"lazy\" class=\"alignnone wp-image-3609 size-large\" src=\"https:\/\/www.heinehaus.de\/wp-content\/uploads\/2017\/10\/Zilly_Inh-Zausel-S2-396x600.jpg\" alt=\"Zilly_Inh Zausel-S2\" width=\"396\" height=\"600\" srcset=\"https:\/\/www.heinehaus.de\/wp-content\/uploads\/2017\/10\/Zilly_Inh-Zausel-S2-396x600.jpg 396w, https:\/\/www.heinehaus.de\/wp-content\/uploads\/2017\/10\/Zilly_Inh-Zausel-S2-198x300.jpg 198w, https:\/\/www.heinehaus.de\/wp-content\/uploads\/2017\/10\/Zilly_Inh-Zausel-S2-768x1164.jpg 768w, https:\/\/www.heinehaus.de\/wp-content\/uploads\/2017\/10\/Zilly_Inh-Zausel-S2.jpg 1831w\" sizes=\"(max-width: 396px) 100vw, 396px\" \/><\/a><br \/>\n+++<\/strong> Die <strong>Vernissage<\/strong> der Ausstellung <a href=\"https:\/\/www.heinehaus.de\/index.php\/2017\/10\/27\/wild-im-wald-vernissage\/\"><strong>Wild im Wald<\/strong><\/a> findet am<strong> 25. November<\/strong> mit einer Buchvorstellung statt. <strong>+++ <a href=\"https:\/\/www.heinehaus.de\/index.php\/2017\/10\/27\/wild-im-wald-vernissage\/\">mehr<\/a><\/strong><\/p>\n<p><strong>+++<\/strong><em>Die Besten 7 <\/em>(Deutschlandfunk), eine Vorstellung von den sch\u00f6nsten Kinder- und Jugendb\u00fcchern 2017 mit der Redakteurin<strong><a href=\"https:\/\/www.heinehaus.de\/index.php\/2017\/11\/20\/wunschliste-die-besten-sieben\/\">\u00a0Ute Wegmann<\/a>\u00a0<\/strong>am 02.Dezember<strong>+++<a href=\"https:\/\/www.heinehaus.de\/index.php\/2017\/11\/20\/wunschliste-die-besten-sieben\/\">mehr<\/a><\/strong><\/p>\n<p>+++ Mit einem brillanten Essay \u00fcber die Pflanzenphotographien von Karl Blossfeldt entf\u00fchrt <a href=\"https:\/\/www.heinehaus.de\/index.php\/2017\/10\/27\/cees-nooteboom-2\/\"><strong>Cees Nooteboom<\/strong><\/a> uns einmal mehr in die Welt der Kunst. Am <strong>6. Dezember +++ <a href=\"https:\/\/www.heinehaus.de\/index.php\/2017\/10\/27\/cees-nooteboom-2\/\">mehr<\/a><\/strong><\/p>\n<p><strong>+++ Michael Kr\u00fcger<\/strong> stellt mit <strong>Rolf Steiner<\/strong> das Buch <em>Der Holunderk\u00f6nig, von einem der auszog Peter Handke zu treffen<\/em> des K\u00f6lner Schriftstellers an einem <strong>Abend f\u00fcr Peter Handke<\/strong> vor. Am <strong>8. Dezember +++ <a href=\"https:\/\/www.heinehaus.de\/index.php\/2017\/10\/27\/ein-abend-fuer-peter-handke\/\">mehr<\/a><\/strong><\/p>\n<p>Unsere Veranstaltungen im September\/Oktober 2017<\/p>\n<p><strong>+++ <em>\u201e<a href=\"https:\/\/www.heinehaus.de\/index.php\/2017\/07\/30\/edouard-louis\/\">\u00c9douard Louis<\/a><\/em><\/strong><em> ist ein seltener Gl\u00fccksfall f\u00fcr sich, die Sprache, die Gesellschaft.\u201d<\/em> schreibt derTagesspiegel. Er liest aus seinem Buch<em> Im Herzen der Gewalt<\/em> am<strong> 19. September<\/strong> im Heine Haus. <strong>+++ <a href=\"https:\/\/www.heinehaus.de\/index.php\/2017\/07\/30\/edouard-louis\/\">mehr<\/a><\/strong><\/p>\n<p>+++ Der erfolgreiche Buch- und Theaterautor <a href=\"https:\/\/www.heinehaus.de\/index.php\/2017\/08\/09\/thilo-reffert\/\"><strong>Thilo Reffert<\/strong><\/a> liefert mit <em>F\u00fcnf Gramm Gl\u00fcck<\/em> Lesefutter f\u00fcr die Schultasche. Am <strong>07. Oktober<\/strong> stellt er sein aktuelles Kinderbuch im Heine Haus vor. +++ <a href=\"https:\/\/www.heinehaus.de\/index.php\/2017\/08\/09\/thilo-reffert\/\"><strong>mehr<\/strong><\/a><\/p>\n<p><strong>+++ <a href=\"https:\/\/www.heinehaus.de\/index.php\/2017\/07\/30\/tanguy-viel\/\">Tanguy Viel<\/a><\/strong>, der unverwechselbare Stilist mit dem feinen Geh\u00f6r f\u00fcr alle Tonarten, beherrscht das Spiel der Perspektiven perfekt. Ebenfalls in der Reihe <em>Literatur der Nachbarn Frankreich Ehrengast Buchmesse Frankfurt 2017<\/em> liest er am <strong>18. Oktober<\/strong> aus seinem Roman Selbstjustiz. <strong>+++ <a href=\"https:\/\/www.heinehaus.de\/index.php\/2017\/07\/30\/tanguy-viel\/\">mehr<\/a><\/strong><\/p>\n<p><strong>+++ <\/strong>Peter Holtz ist einer, der aus dem Osten kommt und in den Westen schaut \u2013 und alles daran setzt, zu verstehen, was ihm dort begegnet.<a href=\"https:\/\/www.heinehaus.de\/index.php\/2017\/07\/30\/ingo-schulze\/\"><strong> Ingo Schulze<\/strong><\/a> stellt am <strong>20. Oktober<\/strong> sein neues Buch vor. <strong>+++ <a href=\"https:\/\/www.heinehaus.de\/index.php\/2017\/07\/30\/ingo-schulze\/\">mehr<\/a><\/strong><\/p>\n<p><strong>+++<\/strong>\u00a0 Seine neuen Gedichte sind Traumst\u00fccke, Redepartikel, Prosagedichte, zerbrochene Sonette und Sequenzen, die sich mit Langgedichten kreuzen und deren Struktur so verschieden ist, wie die Dinge, die sie beschreiben. Zu Autorenlesung und Gespr\u00e4ch kommt <a href=\"https:\/\/www.heinehaus.de\/index.php\/2017\/07\/30\/3419\/\"><strong>Durs Gr\u00fcnbein<\/strong><\/a> am <strong>30. Oktober. +++ <a href=\"https:\/\/www.heinehaus.de\/index.php\/2017\/07\/30\/3419\/\">mehr<\/a><\/strong><\/p>\n<p><strong>Unsere Veranstaltungen im August 2017<\/strong><\/p>\n<p><strong>+++<\/strong>\u201eDie Erneuerung der Literatur kommt aus den Peripherien und nicht aus den Metropolen.\u201c Der <a href=\"https:\/\/www.heinehaus.de\/index.php\/2017\/07\/25\/verlag-das-wunderhorn-2\/\"><strong>Wunderhorn Verlag<\/strong><\/a>\u00a0 stellt sich vor<strong>+++ <a href=\"https:\/\/www.heinehaus.de\/index.php\/2017\/07\/25\/verlag-das-wunderhorn-2\/\">mehr<\/a><\/strong><\/p>\n<p><strong>Unsere Veranstaltungen im Juni\/Juli 2017<\/strong><\/p>\n<p><strong>+++<\/strong> Anl\u00e4sslich der Ausstellung \u201eCranach. Meister \u2013 Marke \u2013 Moderne\u201d liest der \u00f6sterreichische, vielfach ausgezeichnete Schriftsteller <a href=\"https:\/\/www.heinehaus.de\/index.php\/2017\/05\/17\/michael-koehlmeier-2\/\"><strong>Michael K\u00f6hlmeier<\/strong><\/a> aus seinen Werken im Heine Haus. <strong>Am 9. Juni +++ <a href=\"https:\/\/www.heinehaus.de\/index.php\/2017\/05\/17\/michael-koehlmeier-2\/\">mehr<\/a><\/strong><\/p>\n<p><strong>+++<\/strong> Das Buch des franz\u00f6sischen Schriftsteller<a href=\"https:\/\/www.heinehaus.de\/index.php\/2017\/05\/17\/paul-fournel\/\"><strong> Paul Fournel<\/strong><\/a> ist eine Liebeserkl\u00e4rung an das Radfahren in wunderbar knapper, suggestiver Sprache. Er liest am<strong> 13. Juni<\/strong> im Heine Haus.<strong> +++ <a href=\"https:\/\/www.heinehaus.de\/index.php\/2017\/05\/17\/paul-fournel\/\">mehr<\/a><\/strong><\/p>\n<p><strong>+++<\/strong> Ist es m\u00f6glich, einen Berg zu denken, zu dem das Tal fehlt? <a href=\"https:\/\/www.heinehaus.de\/index.php\/2017\/05\/17\/egger\/\"><strong>Oswald Egger<\/strong><\/a> und <strong><a href=\"https:\/\/www.heinehaus.de\/index.php\/2017\/05\/17\/egger\/\">Durs Gr\u00fcnbein<\/a>.<\/strong> Zwei Dichter im Gespr\u00e4ch \u00fcber das Eine am<strong> 3. Juli<\/strong> im Heine Haus. <strong>+++ <a href=\"https:\/\/www.heinehaus.de\/index.php\/2017\/05\/17\/egger\/\">mehr<\/a><br \/>\n<\/strong><\/p>\n<p>+++ Im Fr\u00fchjahr 1790 reist<a href=\"https:\/\/www.heinehaus.de\/index.php\/2017\/05\/17\/georg-forster-ansichten-vom-niederrhein\/\"> <strong>Georg Forster,<\/strong><\/a> begleitet von Alexander von Humboldt, vom Rheingau nach Paris. Der Philosophiehistoriker<strong> J\u00fcrgen Goldstein<\/strong> stellt Ansichten vom Niederrhein am<strong> 10. Juli<\/strong> im Heine Haus vor. <strong>+++ <a href=\"https:\/\/www.heinehaus.de\/index.php\/2017\/05\/17\/georg-forster-ansichten-vom-niederrhein\/\">mehr<\/a><\/strong><\/p>\n<p><strong>Unsere Termine im April\/Mai 2017<\/strong><\/p>\n<p>+++ Der Autor <a href=\"https:\/\/www.heinehaus.de\/index.php\/2017\/03\/22\/franzobel-das-floss-der-medusa\/\"><strong>Franzobel<\/strong><\/a> stellt seinen epochalen Roman <strong>Das Flo\u00df der Medusa<\/strong> am <strong>05. April<\/strong> im Heine Haus\u00a0 vor. +++<a href=\"https:\/\/www.heinehaus.de\/index.php\/2017\/03\/22\/franzobel-das-floss-der-medusa\/\"><strong>mehr<\/strong><\/a><\/p>\n<p><img decoding=\"async\" loading=\"lazy\" class=\"alignleft wp-image-3286\" src=\"https:\/\/www.heinehaus.de\/wp-content\/uploads\/2017\/03\/FerrariMathiasBothorcopyright2-490x326.jpg\" alt=\"J\u00e9r\u00f4me Ferrari\" width=\"232\" height=\"154\" srcset=\"https:\/\/www.heinehaus.de\/wp-content\/uploads\/2017\/03\/FerrariMathiasBothorcopyright2-490x326.jpg 490w, https:\/\/www.heinehaus.de\/wp-content\/uploads\/2017\/03\/FerrariMathiasBothorcopyright2-300x200.jpg 300w, https:\/\/www.heinehaus.de\/wp-content\/uploads\/2017\/03\/FerrariMathiasBothorcopyright2.jpg 751w\" sizes=\"(max-width: 232px) 100vw, 232px\" \/>+++Der Prix Goncourt Preistr\u00e4ger 2012 <a href=\"https:\/\/www.heinehaus.de\/index.php\/2017\/03\/22\/jerome-ferrari-ein-gott-ein-tier\/\"><strong>Jerome Ferrari<\/strong><\/a> liest aus seinem 2017 erschienenen Roman E<strong>in Gott ein Tier<\/strong> am <strong>18. April<\/strong> im Heine Haus<em>+++<\/em><a href=\"https:\/\/www.heinehaus.de\/index.php\/2017\/03\/22\/jerome-ferrari-ein-gott-ein-tier\/\"><strong>mehr<\/strong><\/a><\/p>\n<p>+++Der Romancier und Lyriker <a href=\"https:\/\/www.heinehaus.de\/index.php\/2017\/03\/31\/matthias-politycki-schrecklich-schoen-und-weit-und-wild-verlag\/\"><strong>Matthias Politycki<\/strong><\/a>, der nebenberuflich passionierter Reisender ist, schreibt in seinem neuen Buch <strong>Schrecklich sch\u00f6n und weit und wild<\/strong> \u00fcber allgemeing\u00fcltige Fragen und stellt es im Heine Haus vor.+++<a href=\"https:\/\/www.heinehaus.de\/index.php\/2017\/03\/31\/matthias-politycki-schrecklich-schoen-und-weit-und-wild-verlag\/\"><strong>mehr<\/strong><\/a><\/p>\n<p>+++<a href=\"https:\/\/www.heinehaus.de\/index.php\/2017\/03\/31\/auslese-buecher-fuer-die-sammlung-3\/\"><strong>Martin Baltscheit<\/strong><\/a>, Illustrator, Sprecher, Bilderbuch-, Prosa-, H\u00f6rspiel- und Theaterautor, pr\u00e4sentiert seine B\u00fccher-Auslese am <strong>07. Mai<\/strong>.\u00a0+++<a href=\"https:\/\/www.heinehaus.de\/index.php\/2017\/03\/31\/auslese-buecher-fuer-die-sammlung-3\/\"><strong>mehr<\/strong><\/a><\/p>\n<p>+++Die italienische Schriftstellerin <a href=\"https:\/\/www.heinehaus.de\/index.php\/2017\/03\/31\/michela-murgia-chiru\/\"><strong>Michela Murgia<\/strong><\/a> liest am <strong>12. Mai<\/strong> im Heine Haus aus ihrem neuen Buch <strong>Chir\u00fa<\/strong> +++<strong><a href=\"https:\/\/www.heinehaus.de\/index.php\/2017\/03\/31\/michela-murgia-chiru\/\">mehr<\/a><\/strong><\/p>\n<figure id=\"attachment_3336\" aria-describedby=\"caption-attachment-3336\" style=\"width: 235px\" class=\"wp-caption alignleft\"><img decoding=\"async\" loading=\"lazy\" class=\" wp-image-3336\" src=\"https:\/\/www.heinehaus.de\/wp-content\/uploads\/2017\/03\/BeyercJuergenBauer_SV-490x346.jpg\" alt=\"(c) J\u00fcrgen Bauer\" width=\"235\" height=\"166\" srcset=\"https:\/\/www.heinehaus.de\/wp-content\/uploads\/2017\/03\/BeyercJuergenBauer_SV-490x346.jpg 490w, https:\/\/www.heinehaus.de\/wp-content\/uploads\/2017\/03\/BeyercJuergenBauer_SV-300x212.jpg 300w, https:\/\/www.heinehaus.de\/wp-content\/uploads\/2017\/03\/BeyercJuergenBauer_SV.jpg 709w\" sizes=\"(max-width: 235px) 100vw, 235px\" \/><figcaption id=\"caption-attachment-3336\" class=\"wp-caption-text\">(c) J\u00fcrgen Bauer<\/figcaption><\/figure>\n<p>+++Der aktuelle Georg-B\u00fcchner-Preistr\u00e4ger <a href=\"https:\/\/www.heinehaus.de\/index.php\/2017\/03\/31\/marcel-beyer-das-blindegweinte-jahrhundert-suhrkamp-verlag\/\"><strong>Marcel Beyer<\/strong><\/a> kommt mit seinem neuen Buch <strong>Das blindgeweinte Jahrhundert<\/strong> ins Heine Haus. Am <strong>17. Mai+++<a href=\"https:\/\/www.heinehaus.de\/index.php\/2017\/03\/31\/marcel-beyer-das-blindegweinte-jahrhundert-suhrkamp-verlag\/\">mehr<\/a><\/strong><\/p>\n<p>+++<a href=\"https:\/\/www.heinehaus.de\/index.php\/2017\/03\/31\/norbert-scheur-marion-poschmann-esther-kinsky\/\"><strong>Esther Kinsky<\/strong><\/a> und <a href=\"https:\/\/www.heinehaus.de\/index.php\/2017\/03\/31\/norbert-scheur-marion-poschmann-esther-kinsky\/\"><strong>Norbert Scheuer<\/strong><\/a> stellen am <strong>30. Mai<\/strong>\u00a0 im Heine Haus ihre Texte aus der <strong>Thomas-Kling-Poetikdozentur <\/strong>vor+++<a href=\"https:\/\/www.heinehaus.de\/index.php\/2017\/03\/31\/norbert-scheur-marion-poschmann-esther-kinsky\/\"><strong>mehr<\/strong><\/a><\/p>\n<p>+++Internationaler Tag gegen Homo- und Transphobie 2017<\/p>\n<p>zu Gast im Heine Haus: Forum LST D\u00fcsseldorf<\/p>\n<p><strong>Lesung am 16.05.2017, 19.00 Uhr<\/strong> mit <strong>Lutz van Dijk<\/strong> und <strong>Sonowabiso Ngcowa<\/strong> anl\u00e4\u00dflich des Internationalen Tags gegen Homo- und Transphobie. Die Veranstaltung findet in Kooperation mit dem Gleichstellungsb\u00fcro und dem Kriminalpr\u00e4ventiven Rat der Landeshauptstadt D\u00fcsseldorf statt.<br \/>\nLesung auf Deutsch und Englisch. Der Eintritt ist frei+++<a href=\"https:\/\/www.forumlstduesseldorf.de\/%C3%BCber-uns\/veranstaltungen\/\" target=\"_blank\" rel=\"noopener noreferrer\"><strong>mehr<\/strong><\/a><\/p>\n<p><strong>Unsere Veranstaltungen im Februar\/M\u00e4rz 2017<\/strong><\/p>\n<p>+++ <strong><a href=\"https:\/\/www.heinehaus.de\/index.php\/2016\/12\/21\/auslese-buecher-fuer-die-sammlung-2\/\">Stefan Koldehoff<\/a><\/strong>, Kulturredakteur beim Deutschlandfunk, pr\u00e4sentiert im Museumscaf\u00e9 Lieshout der Kunstsammlung seine B\u00fccher-Auslese am <strong>05. Februar<\/strong>.\u00a0+++ <a href=\"https:\/\/www.heinehaus.de\/index.php\/2016\/12\/21\/auslese-buecher-fuer-die-sammlung-2\/\"><strong>mehr<\/strong><\/a><\/p>\n<figure id=\"attachment_3170\" aria-describedby=\"caption-attachment-3170\" style=\"width: 226px\" class=\"wp-caption alignleft\"><img decoding=\"async\" loading=\"lazy\" class=\"wp-image-3170 \" src=\"https:\/\/www.heinehaus.de\/wp-content\/uploads\/2016\/12\/KirchhoffcLauraJGerlachsw-490x328.jpg\" alt=\"Kirchhoff(c)LauraJGerlachsw\" width=\"226\" height=\"152\" srcset=\"https:\/\/www.heinehaus.de\/wp-content\/uploads\/2016\/12\/KirchhoffcLauraJGerlachsw-490x328.jpg 490w, https:\/\/www.heinehaus.de\/wp-content\/uploads\/2016\/12\/KirchhoffcLauraJGerlachsw-300x201.jpg 300w, https:\/\/www.heinehaus.de\/wp-content\/uploads\/2016\/12\/KirchhoffcLauraJGerlachsw.jpg 733w\" sizes=\"(max-width: 226px) 100vw, 226px\" \/><figcaption id=\"caption-attachment-3170\" class=\"wp-caption-text\">\u00a9Laura J Gerlach<\/figcaption><\/figure>\n<p>+++Der Schriftsteller <a href=\"https:\/\/www.heinehaus.de\/index.php\/2016\/12\/30\/bodo-kirchhoff-widerfahrnis\/\"><strong>Bodo Kirchhoff<\/strong><\/a> liest am <strong>08. Februar<\/strong> im Heine Haus aus seinem mit dem Deutschen Buchpreis 2016 ausgezeichneten Roman <em>Widerfahrnis+++<\/em><a href=\"https:\/\/www.heinehaus.de\/index.php\/2016\/12\/30\/bodo-kirchhoff-widerfahrnis\/\"><strong>mehr<\/strong><\/a><\/p>\n<p>+++<a href=\"https:\/\/www.heinehaus.de\/index.php\/2017\/02\/02\/karl-heinz-bohrer-jetzt-geschichte-meines-abenteuers-mit-der-phantasie-suhrkamp\/\"><strong>Karl Heinz Bohrer<\/strong><\/a> gilt als einer der streitbarsten deutschen Intellektuellen. Am <strong>15. M\u00e4rz<\/strong> liest er aus seinem neuen Buch <strong>Jetzt<\/strong><em> +++<\/em><strong><a href=\"https:\/\/www.heinehaus.de\/index.php\/2017\/02\/02\/karl-heinz-bohrer-jetzt-geschichte-meines-abenteuers-mit-der-phantasie-suhrkamp\/\">mehr<\/a><\/strong><\/p>\n<p>+++<a href=\"https:\/\/www.heinehaus.de\/index.php\/2017\/02\/02\/martin-walser-statt-etwas-rowohlt-verlag\/\"><strong>Martin Walser<\/strong><\/a>, 1927 in Wasserburg geboren, erhielt f\u00fcr sein umfangreiches Werk zahlreiche Preise und Auszeichnungen. Nun kommt er erneut nach D\u00fcsseldorf und liest am <strong>28. M\u00e4rz<\/strong> aus seinem neuen Roman.<em>+++<\/em><a href=\"https:\/\/www.heinehaus.de\/index.php\/2017\/02\/02\/martin-walser-statt-etwas-rowohlt-verlag\/\"><strong>mehr<\/strong><\/a><\/p>\n<p>+++2012 wurde der <a href=\"https:\/\/www.heinehaus.de\/index.php\/2017\/02\/02\/verlag-das-wunderhorn\/\"><strong>Wunderhorn<\/strong> <\/a>Verlag mit dem Kurt Wollf Preis ausgezeichnet. Im Heine Haus stellt der Verleger <strong>Manfred Metzner<\/strong> Verlag und Programm vor. Am <strong>30. M\u00e4rz<\/strong><em>+++<\/em><a href=\"https:\/\/www.heinehaus.de\/index.php\/2017\/02\/02\/verlag-das-wunderhorn\/\"><strong>mehr<\/strong><\/a><\/p>\n<p><strong>Unsere Veranstaltungen im Januar 2017<\/strong><\/p>\n<p>+++ Auch 2017 findet immer Donnerstags ein <strong><a href=\"https:\/\/www.heinehaus.de\/index.php\/2016\/12\/21\/literaturkurs-im-heine-haus-2\/\">Literaturkurs <\/a><\/strong>mit Heinz Norbert Jocks statt. Das erste Treffen am<strong> 5. Januar <\/strong>um 11 Uhr. +++<strong><a href=\"https:\/\/www.heinehaus.de\/index.php\/2016\/12\/21\/literaturkurs-im-heine-haus-2\/\">mehr<\/a><\/strong><\/p>\n<p>+++ Der Schriftsteller <strong>Peter Waterhouse<\/strong> und die K\u00fcnstlerin <strong>Nanne Meyer<\/strong> im Gespr\u00e4ch mit ihrem Verleger Manfred Rothenberger \u00fcber ihr neues Buch <em>Die Auswandernden, <\/em>nominiert auf der Shortlist f\u00fcr den \u00d6sterreichischen Buchpreis 2016, am <strong>25. Januar <\/strong>+++ <a href=\"https:\/\/www.heinehaus.de\/index.php\/2016\/12\/30\/peter-waterhouse-nanne-meyer-die-auswandernden\/\"><strong>mehr<\/strong><\/a><\/p>\n","protected":false},"excerpt":{"rendered":"<p>Unsere Veranstaltungen im November\/Dezember 2017 +++ Urs Faes und Julia Weber sind mit ihren f\u00fcr den Schweizer Buchpreis 2017 nominierten B\u00fcchern zu Gast im Heine Haus. Am 7. November +++ mehr +++ Peter Bichsel, Schriftsteller, Intellektueller und Mitglied der Deutschen Akademie f\u00fcr Sprache und Dichtung in Darmstadt, liest aus Heute kommt Johnson nicht und anderen Werken. Am 8. November +++ mehr +++ Jan Wagner, diesj\u00e4hriger B\u00fcchner-Preistr\u00e4ger, pr\u00e4sentiert im Heine Haus in seinem selbst arrangierten Auswahlband das Beste aus anderthalb Jahrzehnten poetischen Schaffens. Am 9. November +++ mehr \u00a0 +++ Die Finissage der Ausstellung von Claudia van Koolwijk findet am 18. November statt. +++ mehr +++ F\u00fcr ihren Roman Tauben fliegen auf erhielt Melinda Nadj Abonji 2010 sowohl den Deutschen als&#8230;<\/p>\n","protected":false},"author":2,"featured_media":0,"parent":23,"menu_order":0,"comment_status":"closed","ping_status":"closed","template":"","meta":{"_mc_calendar":[]},"_links":{"self":[{"href":"https:\/\/www.heinehaus.de\/index.php\/wp-json\/wp\/v2\/pages\/3830"}],"collection":[{"href":"https:\/\/www.heinehaus.de\/index.php\/wp-json\/wp\/v2\/pages"}],"about":[{"href":"https:\/\/www.heinehaus.de\/index.php\/wp-json\/wp\/v2\/types\/page"}],"author":[{"embeddable":true,"href":"https:\/\/www.heinehaus.de\/index.php\/wp-json\/wp\/v2\/users\/2"}],"replies":[{"embeddable":true,"href":"https:\/\/www.heinehaus.de\/index.php\/wp-json\/wp\/v2\/comments?post=3830"}],"version-history":[{"count":11,"href":"https:\/\/www.heinehaus.de\/index.php\/wp-json\/wp\/v2\/pages\/3830\/revisions"}],"predecessor-version":[{"id":5925,"href":"https:\/\/www.heinehaus.de\/index.php\/wp-json\/wp\/v2\/pages\/3830\/revisions\/5925"}],"up":[{"embeddable":true,"href":"https:\/\/www.heinehaus.de\/index.php\/wp-json\/wp\/v2\/pages\/23"}],"wp:attachment":[{"href":"https:\/\/www.heinehaus.de\/index.php\/wp-json\/wp\/v2\/media?parent=3830"}],"curies":[{"name":"wp","href":"https:\/\/api.w.org\/{rel}","templated":true}]}}