{"id":5036,"date":"2020-01-13T09:47:23","date_gmt":"2020-01-13T09:47:23","guid":{"rendered":"http:\/\/www.heinehaus.de\/?page_id=5036"},"modified":"2020-01-15T14:43:13","modified_gmt":"2020-01-15T14:43:13","slug":"arciv-2019","status":"publish","type":"page","link":"https:\/\/www.heinehaus.de\/index.php\/archive\/arciv-2019\/","title":{"rendered":"Archiv 2019"},"content":{"rendered":"<p><strong>Unsere Veranstaltungen Nov\/Dez 2019<\/strong><\/p>\n<p><strong>+++ Paul Berf<\/strong>, \u00dcbersetzer von Literatur aus dem norwegischen und schwedischem Sprachraum, stellt seine <strong>Auslese<\/strong> f\u00fcr die Kunstsammlung am <strong>3. November <\/strong>vor <strong> +++<a href=\"https:\/\/www.heinehaus.de\/index.php\/2019\/11\/04\/auslese-paul-berf\/\">mehr<\/a><\/strong><\/p>\n<p><strong>+++<\/strong> Der Schweizer Schriftsteller und Dramaturg<strong> Lukas B\u00e4rfuss<\/strong> erh\u00e4lt den Georg-B\u00fcchner-Preis 2019. Er liest aus seinem Werk Malinos am <strong>7. November<\/strong> im Heine Haus <strong>+++ <a href=\"https:\/\/www.heinehaus.de\/index.php\/2019\/10\/14\/lukas-baerfuss-malinois\/\">mehr<\/a><\/strong><\/p>\n<p><strong>+++<\/strong> Die \u00dcbersetzerin <strong>Susanne Klingenstein<\/strong> stellt<em> Die Reisen Benjamins des Dritten<\/em>, der gro\u00dfe Klassiker von<strong> Scholem J. Abramowitsch<\/strong> im Heine Haus am<strong> 19. November<\/strong> vor <strong>+++ <a href=\"https:\/\/www.heinehaus.de\/index.php\/2019\/10\/14\/scholem-j-abramowitsch\/\">mehr<\/a><\/strong><\/p>\n<p><strong>+++ <\/strong>Die Veranstaltung am <strong>20.November<\/strong> mit<a href=\"https:\/\/www.heinehaus.de\/index.php\/2019\/10\/14\/wolf-erlbruch-skizzenbuch\/\"><strong> Wolf Erlbruch<\/strong><\/a> und\u00a0<strong> Andreas Platthaus<\/strong> f\u00e4llt leider wegen Krankheit\u00a0 aus.<strong>+++ <a href=\"https:\/\/www.heinehaus.de\/index.php\/2019\/10\/14\/wolf-erlbruch-skizzenbuch\/\">mehr<\/a><br \/>\n<\/strong><\/p>\n<p><strong>+++ Gerda Raidt<\/strong> ermutigt Kinder zu handeln, sie erkl\u00e4rt, wie die Unmengen von M\u00fcll reduziert werden k\u00f6nnen was jeder einzelne selbst \u00e4ndern kann. F\u00fcr diese geschlossene Veranstaltung f\u00fcr Schulen ist eine Anmeldung notwendig. <strong>+++ <a href=\"https:\/\/www.heinehaus.de\/index.php\/2019\/10\/14\/gerda-raidt-muell\/\">mehr<\/a><\/strong><\/p>\n<p><strong>+++<\/strong> Schn\u00f6rkellos, pr\u00e4zise und aufw\u00fchlend erz\u00e4hlt<strong> Julie Otsuka<\/strong> in ihrem Roman von der wachsenden antijapanischen Stimmung unter den bislang so freundlichen Nachbarn in den USA vor 75 Jahren. Am<strong> 6. Dezember +++ <a href=\"https:\/\/www.heinehaus.de\/index.php\/2019\/10\/14\/julie-otsuka\/\">mehr<\/a><\/strong><\/p>\n<p><strong>+++<\/strong> Ein gro\u00dfes M\u00e4rchenbuch, geschrieben von <strong>Michael K\u00f6hlmeier<\/strong>, illustriert von <strong>Nikolaus Heidelbach.<\/strong> Am<strong> 13. Dezember<\/strong> stellen die beiden Autoren das Buch im Heine Haus vor. <strong>+++ <a href=\"https:\/\/www.heinehaus.de\/index.php\/2019\/10\/14\/michael-koehlmeier-nikolaus-heidelbach\/\">mehr<\/a><\/strong><\/p>\n<p><strong><br \/>\n<\/strong><a href=\"https:\/\/www.heinehaus.de\/wp-content\/uploads\/2019\/11\/TH_19_BeethovenBeiUns_A3_RZ_V2.jpg\"><img decoding=\"async\" loading=\"lazy\" class=\"alignleft wp-image-4962 size-medium\" src=\"https:\/\/www.heinehaus.de\/wp-content\/uploads\/2019\/11\/TH_19_BeethovenBeiUns_A3_RZ_V2-212x300.jpg\" sizes=\"(max-width: 212px) 100vw, 212px\" srcset=\"https:\/\/www.heinehaus.de\/wp-content\/uploads\/2019\/11\/TH_19_BeethovenBeiUns_A3_RZ_V2-212x300.jpg 212w, https:\/\/www.heinehaus.de\/wp-content\/uploads\/2019\/11\/TH_19_BeethovenBeiUns_A3_RZ_V2-768x1086.jpg 768w, https:\/\/www.heinehaus.de\/wp-content\/uploads\/2019\/11\/TH_19_BeethovenBeiUns_A3_RZ_V2-424x600.jpg 424w, https:\/\/www.heinehaus.de\/wp-content\/uploads\/2019\/11\/TH_19_BeethovenBeiUns_A3_RZ_V2.jpg 1403w\" alt=\"TH_19_BeethovenBeiUns_A3_RZ_V2\" width=\"212\" height=\"300\" \/><\/a>+++ Am <strong>Sa. 14.12. ab 16 Uhr<\/strong> erwarten Sie drei Musiker*innen der <strong>D\u00fcsseldorfer Symphoniker<\/strong> und der Schauspieler und Sprecher<strong> Oliver El-Fayoumy<\/strong>, die sich mit einem kurzweiligen Wechselspiel aus Musik und Sprache dem geb\u00fcrtigen Rheinl\u00e4nder <strong>Ludwig van Beethoven<\/strong> widmen werden. <strong>+++ <a href=\"https:\/\/www.heinehaus.de\/index.php\/2019\/11\/20\/beethoven-bei-uns\/\">mehr<\/a><\/strong><\/p>\n<p>&nbsp;<\/p>\n<p>&nbsp;<\/p>\n<p>&nbsp;<\/p>\n<p>&nbsp;<\/p>\n<p>&nbsp;<\/p>\n<hr \/>\n<p><strong>Unsere Veranstaltungen September, Oktober 2019<\/strong><\/p>\n<p><strong>+++<\/strong> Das <a href=\"https:\/\/www.heinehaus.de\/index.php\/2019\/08\/08\/poesie-ein-fest-im-heine-haus-5\/\"><strong>Poesiefest<\/strong><\/a> findet dieses Jahr vom 6. bis 8. September statt. Unter anderem mit Jan Wagner &amp; Federico Italiano, Val\u00e9rie Rouzeau, Dan Sociu, Agn\u0117 \u017dagrakalyt\u0117, Dagmara Kraus, Ale\u0161 \u0160teger, Fiston Mwanza Mujila und Sebastian Unger. <strong>+++ <a href=\"https:\/\/www.heinehaus.de\/index.php\/2019\/08\/08\/poesie-ein-fest-im-heine-haus-5\/\">mehr<\/a><\/strong><\/p>\n<p><strong>+++<\/strong><em> Wie sp\u00e4ter ihre Kinder<\/em> ist ein gro\u00dfer Gesellschaftsroman \u00fcber das vergessene Frankreich der 1990er Jahre, voller Leben und erz\u00e4hlerischer Kraft.\u00a0<a href=\"https:\/\/www.heinehaus.de\/index.php\/2019\/08\/08\/nicolas-mathieu\/\"> <strong>Nicolas Mathieu<\/strong><\/a>\u00a0liest am<strong> 11. September<\/strong> <strong>+++ <a href=\"https:\/\/www.heinehaus.de\/index.php\/2019\/08\/08\/nicolas-mathieu\/\">mehr<\/a><\/strong><\/p>\n<p>+++ <strong>Space Poetry<\/strong> im Heine Haus moderiert von Marie-Luise Heuser am<strong> 24. September +++ <a href=\"https:\/\/www.heinehaus.de\/index.php\/2019\/08\/20\/space-poetry\/\">mehr<\/a><\/strong><\/p>\n<p>+++ Finissage der Ausstellung von <strong>Ulrike M\u00f6ltgen <\/strong>+++ <strong><a href=\"https:\/\/www.heinehaus.de\/index.php\/2019\/09\/26\/finissage-ulrike-moeltgen\/\">mehr<\/a><\/strong><\/p>\n<p>+++ Am 07. Oktober stellt <strong>Gesine Grotian<\/strong> das Buch <em>Fragen an Europa<\/em> im Heine Haus vor+++ <strong><a href=\"https:\/\/www.heinehaus.de\/index.php\/2019\/10\/04\/gesine-grotrian-susan-schaedlich-fragen-an-europa\/\">mehr<\/a><\/strong><\/p>\n<p><strong>+++<\/strong> Die Welt in Gedichten erfassen, scheinbar im Vor\u00fcbergehen und doch das Wesen der Dinge benennen, <a href=\"https:\/\/www.heinehaus.de\/index.php\/2019\/08\/08\/michael-krueger\/\"><strong>Michael Kr\u00fcger<\/strong><\/a> hat diese Kunst zur Meisterschaft gebracht. In <em>Mein Europa<\/em> zeigt er sich als gl\u00fchender Anh\u00e4nger des europ\u00e4ischen Gedankens. Am <strong>8. Oktober +++ <a href=\"https:\/\/www.heinehaus.de\/index.php\/2019\/08\/08\/michael-krueger\/\">mehr<\/a><\/strong><\/p>\n<p><strong>+++<\/strong> Das Buch von <a href=\"https:\/\/www.heinehaus.de\/index.php\/2019\/08\/08\/olga-tokarczuk\/\"><strong>Olga Tokarczuk<\/strong> <\/a>zeigt das schillernde Portrait einer kontroversen historischen Figur <strong>Jacob Frank<\/strong> und das Panorama einer krisenhaften Welt an der Schwelle zur Moderne. Am<strong> 14. Oktober<\/strong> in D\u00fcsseldorf <strong>+++ <a href=\"https:\/\/www.heinehaus.de\/index.php\/2019\/08\/08\/olga-tokarczuk\/\">mehr<\/a><\/strong><\/p>\n<p><strong>+++<\/strong> Mit z\u00e4rtlichem und dennoch unerbittlichem Blick beschreibt <a href=\"https:\/\/www.heinehaus.de\/index.php\/2019\/08\/08\/kathy-page\/\"><strong>Kathy Page<\/strong><\/a> das Zusammenspiel von N\u00e4he und Distanz \u2013 ein ganzes (Liebes)Leben lang. Sie liest aus ihrem Buch <em>All unsere Jahre<\/em> am <strong>22. Oktober<\/strong> <strong>+++ <a href=\"https:\/\/www.heinehaus.de\/index.php\/2019\/08\/08\/kathy-page\/\">mehr<\/a><\/strong><\/p>\n<p><strong>+++ Lars Brandt <\/strong>stellt am<strong> 28. Oktober<\/strong> die Norwegerin<a href=\"https:\/\/www.heinehaus.de\/index.php\/2019\/08\/08\/dagny-juel\/\"> <strong>Dagny Juel<\/strong><\/a> vor, deren gesammelten Werke erstmals in deutscher Sprache erscheinen.<strong> <strong>+++ <a href=\"https:\/\/www.heinehaus.de\/index.php\/2019\/08\/08\/dagny-juel\/\">mehr<\/a><\/strong><\/strong><\/p>\n<p><strong>+++ <a href=\"https:\/\/www.heinehaus.de\/index.php\/2019\/08\/08\/ruediger-safranski\/\">R\u00fcdiger Safranski<\/a><\/strong> nimmt den\u00a0 250. Geburtstag von<strong><strong> H\u00f6lderlin <\/strong><\/strong>im M\u00e4rz 2020 zum Anlass, sich diesem immer noch gro\u00dfen Unbekannten unter den Klassikern der deutschen Literatur zu widmen. Er kommt am <strong>30. Oktober <\/strong>nach D\u00fcsseldorf <strong>+++ <a href=\"https:\/\/www.heinehaus.de\/index.php\/2019\/08\/08\/ruediger-safranski\/\">mehr<br \/>\n<\/a><\/strong><\/p>\n<hr \/>\n<div class=\"post\">\n<p><strong>Unsere Veranstaltungen Juli, August 2019<\/strong><\/p>\n<p><strong>+++<\/strong> In ihrem neuen Roman erz\u00e4hlt <strong>Karen Duve<\/strong> gnadenlos realistisch und mit \u2028trockenem Humor von der Liebes- und Lebenskatastrophe der Annette von Droste-H\u00fclshoff. Sie kommt am<strong> 3. Juli<\/strong> ins Heine Haus<strong> +++ <a href=\"https:\/\/www.heinehaus.de\/index.php\/2019\/06\/15\/karen-duve\/\">mehr<\/a><\/strong><\/p>\n<p><strong>+++<\/strong> Ein junger Mann kommt in die ewige Stadt, um die Gegenwart abzusch\u00fctteln. Er sucht einen eigenen Weg, f\u00fchlt fremde Zeiten in sich leben. <strong>Simon Strau\u00df<\/strong>, Feuilleton-Redakteur bei der FAZ, liest aus seinem Roman <em>R\u00f6mische Tage.<\/em> Am <strong>11. Juli +++ <a href=\"https:\/\/www.heinehaus.de\/index.php\/2019\/06\/15\/simon-strauss\/\">mehr<\/a><\/strong><\/p>\n<p><strong>+++ Herta M\u00fcllers<\/strong> ber\u00fchmte Collagen sind beides zugleich: Kunstwerk und Gedicht, Spiel und poetischer Ernst. Sie kommt am<strong> 12. Juli<\/strong> nach D\u00fcsseldorf <strong> +++ <a href=\"https:\/\/www.heinehaus.de\/index.php\/2019\/06\/15\/herta-mueller\/\">mehr<\/a><\/strong><\/p>\n<p><strong>+++ Hans Peter Thurn<\/strong>, Professor f\u00fcr Soziologie an der Kunstakademie D\u00fcsseldorf, stellt seine <strong>Auslese<\/strong> f\u00fcr die Kunstsammlung am <strong>4. August<\/strong> vor <strong> +++ <a href=\"https:\/\/www.heinehaus.de\/index.php\/2019\/06\/15\/auslese-hans-peter-thurn\/\">mehr<\/a><\/strong><\/p>\n<p><strong>+++<\/strong> Die K\u00fcnstlerin <strong>Ulrike M\u00f6ltgen<\/strong> zeigt im Heine Haus einen Teil ihrer f\u00fcr die Inselb\u00fccherei gefertigten Illustrationen. Die <strong>Vernissage<\/strong> ist am<strong> 24. August<\/strong><strong> +++ <a href=\"https:\/\/www.heinehaus.de\/index.php\/2019\/07\/26\/vernissage-ulrike-moeltgen\/\">mehr<\/a><\/strong><\/p>\n<p><strong>+++<\/strong><strong>Durs Gr\u00fcnbeins<\/strong> neues Buch ist eine \u00fcber Leitmotive miteinander verbundene Sammlung von Schriften verschiedener Genres. Er liest am<strong> 29. August<\/strong> im Heine Haus <strong> +++ <a href=\"https:\/\/www.heinehaus.de\/index.php\/2019\/06\/15\/durs-gruenbein\/\">mehr<\/a><\/strong><\/p>\n<hr \/>\n<p><strong>Unsere Veranstaltungen im Mai und Juni 2019<\/strong><\/p>\n<p><strong>+++<\/strong> Ganz in der Tradition des Roman noir entfaltet sich ein filmreifes Panoptikum schicksalhafter Begegnungen rund um das Verschwinden eines jungen M\u00e4dchens auf einer franz\u00f6sischen Autobahnrastst\u00e4tte<strong>. Joseph Incardona<\/strong> liest aus seinem Roman Asphaltdschungel am <strong>7. Mai<\/strong> im Institut Fran\u00e7ais\u00a0<strong>\u00a0+++ <a href=\"https:\/\/www.heinehaus.de\/index.php\/2019\/04\/16\/joseph-incardona-asphaltdschungel\/\">mehr<\/a><\/strong><\/p>\n<p><strong>+++ Westend<\/strong> ist ein fabelhaftes Epos \u00fcber die Verwandlung einer st\u00e4dtischen Gesellschaft in den Aufbaujahren der Bundesrepublik und ein Hauptwerk<strong> Martin Mosebachs<\/strong>, das, vor beinahe drei\u00dfig Jahren erschienen, jetzt in aktueller Auflage und Ausstattung neu zu entdecken ist. Am <strong>22. Mai +++ <a href=\"https:\/\/www.heinehaus.de\/index.php\/2019\/04\/16\/westend\/\">mehr<\/a>\u00a0<\/strong><\/p>\n<p><strong>+++ <\/strong>Wie entsteht Kunst? Und was treibt K\u00fcnstler*innen an? Stephan Kaluza spricht am 23. Mai im Heine Haus \u00fcber <strong>Mechanik Sehnsucht<\/strong>. +++ <strong><a href=\"https:\/\/www.heinehaus.de\/index.php\/2019\/05\/20\/4608\/\">mehr<\/a><\/strong><\/p>\n<p>+++\u00a0<strong>\u00d8yvind Torseters<\/strong> witzig-schr\u00e4ge Graphic Novel <strong>Hans sticht in See<\/strong>\u00a0ist halb Kom\u00f6die, halb Drama und spielt parodistisch mit Versatzst\u00fccken aus M\u00e4rchen und Mythologie. Am 27. Mai ist er im Heine Haus. +++ <strong><a href=\"https:\/\/www.heinehaus.de\/index.php\/2019\/05\/16\/oyvind-torseter\/\">mehr<\/a><\/strong><\/p>\n<p><strong><img decoding=\"async\" loading=\"lazy\" class=\"alignleft size-medium wp-image-4484\" src=\"https:\/\/www.heinehaus.de\/wp-content\/uploads\/2019\/04\/KM_sw_300dpi-300x200.jpg\" sizes=\"(max-width: 300px) 100vw, 300px\" srcset=\"https:\/\/www.heinehaus.de\/wp-content\/uploads\/2019\/04\/KM_sw_300dpi-300x200.jpg 300w, https:\/\/www.heinehaus.de\/wp-content\/uploads\/2019\/04\/KM_sw_300dpi-768x513.jpg 768w, https:\/\/www.heinehaus.de\/wp-content\/uploads\/2019\/04\/KM_sw_300dpi-490x327.jpg 490w\" alt=\"KM_sw_300dpi\" width=\"300\" height=\"200\" \/>+++<\/strong> Am<strong> 3. Juni<\/strong> feiern wir den <strong>30. Geburtstag<\/strong> der Literaturhandlung M\u00fcller &amp; B\u00f6hm im Heine Haus. <strong>+++ <a href=\"https:\/\/www.heinehaus.de\/index.php\/2019\/04\/16\/30-jahre-literaturhandlung\/\">mehr<\/a><\/strong><\/p>\n<p>+++ Der Verleger <strong>Jo Lendle<\/strong> ist am 13. Juni im Heine Haus und\u00a0spricht \u00fcber seine Arbeit in turbulenten Zeiten. +++ <strong><a href=\"https:\/\/www.heinehaus.de\/index.php\/2019\/05\/16\/jo-lendle\/\">mehr<\/a><\/strong><\/p>\n<p><strong>+++<\/strong> Der preisgekr\u00f6nte Literaturwissenschaftler und Schriftsteller <strong>Raoul Schrott<\/strong> hat diesen gro\u00dfen Roman, einen spektakul\u00e4ren Fund <strong>Michael K\u00f6hlmeiers<\/strong> im Nachlass von <strong>Martin Schneitewind<\/strong>, \u00fcbersetzt. Raoul Schrott stellt das Buch am <strong>18. Juni<\/strong> im Heine Haus vor. <strong>+++ <a href=\"https:\/\/www.heinehaus.de\/index.php\/2019\/04\/16\/martin-schneitewind\/\">mehr<\/a><\/strong><\/p>\n<p><strong><img decoding=\"async\" loading=\"lazy\" class=\"alignleft size-thumbnail wp-image-4482\" src=\"https:\/\/www.heinehaus.de\/wp-content\/uploads\/2019\/04\/ATT00058Portrait-150x150.jpg\" alt=\"ATT00058Portrait\" width=\"150\" height=\"150\" \/>+++ J.R. Carpenter<\/strong> arbeitet an den Schnittstellen von digitaler und performativer Literatur und Medienarch\u00e4ologie machen sie zu einer gefragten K\u00fcnstlerin, die Grenzen, Raum-, Zeit- und Identit\u00e4tskonzepte verhandelt. Im Heine Haus am <strong>28. Juni<\/strong> eine Lesung und Gespr\u00e4ch \u00fcber (digitale) Literatur und Kunst<strong> +++ <a href=\"https:\/\/www.heinehaus.de\/index.php\/2019\/04\/16\/j-r-carpenter-cacophony\/\">mehr<\/a><\/strong><\/p>\n<\/div>\n<p>&nbsp;<\/p>\n<p>&nbsp;<\/p>\n<hr \/>\n<p><strong>Unsere Veranstaltungen M\u00e4rz und April.<\/strong><\/p>\n<p><strong>+++<\/strong> Tusche- und Bleistiftzeichnungen, Radierungen u.a.m. von <strong>Harald Naegeli<\/strong> werden im Heine Haus zugunsten der GALGO-HILFE e.V versteigert. Der K\u00fcnstler ist anwesend. Am<strong> 9. M\u00e4rz +++ <a href=\"https:\/\/www.heinehaus.de\/index.php\/2019\/02\/12\/benefiz-auktion-mit-harald-naegeli\/\">mehr<\/a><\/strong><\/p>\n<p><img decoding=\"async\" loading=\"lazy\" class=\"alignleft wp-image-4358 size-thumbnail\" src=\"https:\/\/www.heinehaus.de\/wp-content\/uploads\/2019\/02\/Ernaux_Annie_Olivier-Roller_SV-1-150x150.jpg\" alt=\"Ernaux_Annie_Olivier-Roller_SV\" width=\"150\" height=\"150\" \/><strong>+++ Annie Ernaux<\/strong> ist in Frankreich eine literarische Legende, hierzulande sind ihre Romane \u00fcber die Herkunft aus dem Arbeitermilieu gerade erst entdeckt worden. Sie kommt am <strong>21. M\u00e4rz<\/strong> ins Heine Haus. <strong>+++ <a href=\"https:\/\/www.heinehaus.de\/index.php\/2019\/02\/12\/annie-ernaux\/\">mehr<\/a><\/strong><\/p>\n<p><strong>+++ Ingrid Bach\u00e9rs<\/strong> neuer Roman setzt sich mit der Frage der Mitschuld der Elterngeneration und der Zul\u00e4ssigkeit des Vergessens und Verdr\u00e4ngens auseinander. Sie liest im Heine Haus am <strong>26. M\u00e4rz +++ <a href=\"https:\/\/www.heinehaus.de\/index.php\/2019\/02\/12\/ingrid-bacher-2\/\">mehr<\/a><\/strong><\/p>\n<p><strong>+++<\/strong> Mit seinem Deb\u00fct ist <strong>Anselm Oelze<\/strong> ein philosophischer Abenteuerroman gelungen, ein literarisches Denkmal f\u00fcr die Au\u00dfenseiter des Lebens und der Geschichte. Im Heine Haus am <strong>28. M\u00e4rz +++ <a href=\"https:\/\/www.heinehaus.de\/index.php\/2019\/02\/12\/anselm-oelze\/\">mehr<\/a><\/strong><\/p>\n<p>+++ Der vielfach ausgezeichnete Natursch\u00fctzer <strong>Ernst Paul D\u00f6rfler<\/strong> hat ein ber\u00fchrendes Buch \u00fcber das geheime Leben der V\u00f6gel geschrieben. Am <strong>3. April<\/strong> ist er im Heine Haus. +++ <strong><a href=\"https:\/\/www.heinehaus.de\/index.php\/2019\/03\/06\/4436\/\">mehr<\/a><\/strong><\/p>\n<p><img decoding=\"async\" loading=\"lazy\" class=\"alignleft wp-image-4417 size-thumbnail\" src=\"https:\/\/www.heinehaus.de\/wp-content\/uploads\/2019\/02\/Gila-Lustiger_sw-150x150.jpg\" alt=\"Gila Lustiger_sw\" width=\"150\" height=\"150\" \/>+++ Unter dem Eindruck der Anschl\u00e4ge in Paris 2015, hat die dort lebende Schriftstellerin <strong>Gila Lustiger<\/strong> ihre Gedanken in einem Essay festgehalten und pl\u00e4diert f\u00fcr Vernunft und eine vehemente Verteidigung liberaler Werte. Am<strong> 10. April<\/strong> im Heine Haus <strong>+++ <a href=\"https:\/\/www.heinehaus.de\/index.php\/2019\/02\/12\/gila_lustiger\/\">mehr<\/a><\/strong><\/p>\n<p>+++Wer war Anne Frank?\u00a0Die Antworten auf diese und weitere Fragen finden sich im Buch <strong>Alles \u00fcber Anne<\/strong>, das am 11. April im Heine Haus vorgestellt wird. <strong>+++ <a href=\"https:\/\/www.heinehaus.de\/index.php\/2019\/03\/05\/anne-frank\/\">mehr<\/a><\/strong><\/p>\n<p><strong>+++<\/strong> Auf den Spuren des ber\u00fchmtesten Italienreisenden aller Zeiten f\u00fchrt diese Grand Tour des Fotografen<strong> Helmut Schlai\u00df<\/strong> einmal der L\u00e4nge nach durch das Land, \u201ewo die Zitronen bl\u00fchn\u201d.<strong> Denis Scheck<\/strong> stellt das Buch am 25. April im Heine Haus vor. <strong>+++ <a href=\"https:\/\/www.heinehaus.de\/index.php\/2019\/02\/12\/italienische-reise\/\">mehr<\/a><\/strong><\/p>\n<p>&nbsp;<\/p>\n<hr \/>\n<p><strong>Unsere Veranstaltungen Januar und Februar 2019.<\/strong><\/p>\n<p>+++ Anl\u00e4sslich des Jubil\u00e4umsjahres 2019 <strong>30 Jahre M\u00fcller &amp; B\u00f6hm<\/strong> hat die Fotografin und Videok\u00fcnstlerin Katharina Mayer die Inhaber, Kunden, Mitarbeiter fotografiert.\u00a0 Am 13. Januar +++ <a href=\"https:\/\/www.heinehaus.de\/index.php\/2019\/01\/05\/volles-haus-30-jahre-mueller-boehm\/\"><strong>mehr<\/strong><\/a><\/p>\n<p><strong>+++ James Baldwins<\/strong> <em>Von dieser Welt<\/em>, erstmalig 1953 publiziert, liest sich, als sei der afro-amerikanische Autor ein Zeitgenosse. Literatur-Lesen bei M\u00fcller &amp; B\u00f6hm mit <strong>Heinz-Norbert Jocks.<\/strong> Ab dem <strong>17. Januar +++ <a href=\"https:\/\/www.heinehaus.de\/index.php\/2018\/12\/14\/literatur-lesen-james-baldwin\/\">mehr<\/a><\/strong><\/p>\n<p><strong>+++<\/strong> Ein New Yorker Jazzclub im Jahr 1966: Ein junger Deutscher aus der hessischen Provinz ger\u00e4t in ein Konzert des Saxophonisten Albert Ayler. <strong>Friedrich Christian Delius<\/strong> liest aus seinem neuen Roman <em>Die Zukunft der Sch\u00f6nheit.<\/em> Am<strong> 21. Januar +++ <a href=\"https:\/\/www.heinehaus.de\/index.php\/2018\/12\/14\/friedrich-christian-delius\/\">mehr<\/a><\/strong><\/p>\n<div id=\"attachment_4253\" class=\"wp-caption alignleft\"><img decoding=\"async\" loading=\"lazy\" class=\"size-thumbnail wp-image-4253\" src=\"https:\/\/www.heinehaus.de\/wp-content\/uploads\/2018\/12\/Takis_W\u00fcrger_2018cSven-D\u00f6ring_2-150x150.jpg\" alt=\"\u00a9 Sven D\u00f6ring \/ Agentur Focus\" width=\"150\" height=\"150\" \/><\/p>\n<p class=\"wp-caption-text\">\u00a9 Sven D\u00f6ring \/ Agentur Focus<\/p>\n<\/div>\n<p><strong>+++ Takis W\u00fcrger<\/strong> erz\u00e4hlt mit Tempo und Wucht eine Geschichte \u00fcber Angst und Hoffnung im Berlin des Jahres 1942. Er liest aus seinem Roman <em>Stella<\/em> am <strong>24. Januar <\/strong>im Heine\u00a0Haus Literaturhaus\u00a0D\u00fcsseldorf<strong> \u00a0+++ <a href=\"https:\/\/www.heinehaus.de\/index.php\/2018\/12\/14\/takis-wuerger\/\">mehr<\/a><\/strong><\/p>\n<p><strong>+++<\/strong> Die Literaturwissenschaftlerin, Verlagslektorin und Herausgeberin <strong>Michi Strausfeld<\/strong> bestreitet in diesem Jahr die erste Auslese in der Kunstsammlung NRW. Am <strong>3. Februar +++ <a href=\"https:\/\/www.heinehaus.de\/index.php\/2018\/12\/14\/auslese-michi-strausfeld\/\">mehr<\/a><\/strong><\/p>\n<p>&nbsp;<\/p>\n<p><strong><img decoding=\"async\" loading=\"lazy\" class=\"size-thumbnail wp-image-4255 alignleft\" src=\"https:\/\/www.heinehaus.de\/wp-content\/uploads\/2018\/12\/Josten-\u00a9-Isabelle-Woopen-150x150.jpg\" alt=\"Josten \u00a9 Isabelle Woopen\" width=\"150\" height=\"150\" \/>+++<\/strong> Einnehmend leicht und in \u00fcberraschenden Wendungen erz\u00e4hlt <strong>Husch Josten<\/strong> in ihrem Roman<em> Land sehen<\/em> so tiefgr\u00fcndig wie humorvoll von N\u00e4he und Freundschaft, von einem bewegten Leben und dem Ringen um ewige Fragen. Sie liest daraus am <strong>8. Februar +++ <a href=\"https:\/\/www.heinehaus.de\/index.php\/2018\/12\/14\/husch-josten\/\">mehr<\/a><\/strong><\/p>\n<p>+++ Die K\u00f6lner Autorin und Journalistin <strong>Ute Wegmann<\/strong> hat die Autobiographie der beliebten Schriftstellerin und Illustratorin<strong> Judith Kerr<\/strong> aus dem Englischen \u00fcbersetzt. Am<strong> 15. Februar<\/strong> stellt sie diese warmherzige Lebensgeschichte vor. <strong>+++ <a href=\"https:\/\/www.heinehaus.de\/index.php\/2018\/12\/14\/ute-wegmann-judith-kerr\/\">mehr<\/a><\/strong><\/p>\n<p>+++ <strong>Oswald Egger<\/strong>\u00a0setzt mit <em>Der Triumph der Farben<\/em> sein poetisch-experimentelles Finden und Entdecken fort und ist am <strong>17. Februar<\/strong> im Heine Haus +++ <a href=\"https:\/\/www.heinehaus.de\/index.php\/2018\/12\/21\/oswald-egger\/\"><strong>mehr<\/strong><\/a><\/p>\n<p><strong>+++<\/strong> Am <strong>18. Februar<\/strong> stellen <strong>Maria Stepanova<\/strong> und <strong>Durs Gr\u00fcnbein<\/strong> in Gespr\u00e4ch &amp; Lesung das Buch <em>Nach dem Ged\u00e4chtnis<\/em> gemeinsam vor. <strong>+++ <a href=\"https:\/\/www.heinehaus.de\/index.php\/2018\/12\/14\/durs-gruenbein-und-maria-stepanova\/\">mehr<\/a><\/strong><\/p>\n","protected":false},"excerpt":{"rendered":"<p>Unsere Veranstaltungen Nov\/Dez 2019 +++ Paul Berf, \u00dcbersetzer von Literatur aus dem norwegischen und schwedischem Sprachraum, stellt seine Auslese f\u00fcr die Kunstsammlung am 3. November vor +++mehr +++ Der Schweizer Schriftsteller und Dramaturg Lukas B\u00e4rfuss erh\u00e4lt den Georg-B\u00fcchner-Preis 2019. Er liest aus seinem Werk Malinos am 7. November im Heine Haus +++ mehr +++ Die \u00dcbersetzerin Susanne Klingenstein stellt Die Reisen Benjamins des Dritten, der gro\u00dfe Klassiker von Scholem J. Abramowitsch im Heine Haus am 19. November vor +++ mehr +++ Die Veranstaltung am 20.November mit Wolf Erlbruch und\u00a0 Andreas Platthaus f\u00e4llt leider wegen Krankheit\u00a0 aus.+++ mehr +++ Gerda Raidt ermutigt Kinder zu handeln, sie erkl\u00e4rt, wie die Unmengen von M\u00fcll reduziert werden k\u00f6nnen was jeder einzelne selbst \u00e4ndern kann.&#8230;<\/p>\n","protected":false},"author":1,"featured_media":0,"parent":23,"menu_order":0,"comment_status":"closed","ping_status":"closed","template":"","meta":{"_mc_calendar":[]},"_links":{"self":[{"href":"https:\/\/www.heinehaus.de\/index.php\/wp-json\/wp\/v2\/pages\/5036"}],"collection":[{"href":"https:\/\/www.heinehaus.de\/index.php\/wp-json\/wp\/v2\/pages"}],"about":[{"href":"https:\/\/www.heinehaus.de\/index.php\/wp-json\/wp\/v2\/types\/page"}],"author":[{"embeddable":true,"href":"https:\/\/www.heinehaus.de\/index.php\/wp-json\/wp\/v2\/users\/1"}],"replies":[{"embeddable":true,"href":"https:\/\/www.heinehaus.de\/index.php\/wp-json\/wp\/v2\/comments?post=5036"}],"version-history":[{"count":2,"href":"https:\/\/www.heinehaus.de\/index.php\/wp-json\/wp\/v2\/pages\/5036\/revisions"}],"predecessor-version":[{"id":5046,"href":"https:\/\/www.heinehaus.de\/index.php\/wp-json\/wp\/v2\/pages\/5036\/revisions\/5046"}],"up":[{"embeddable":true,"href":"https:\/\/www.heinehaus.de\/index.php\/wp-json\/wp\/v2\/pages\/23"}],"wp:attachment":[{"href":"https:\/\/www.heinehaus.de\/index.php\/wp-json\/wp\/v2\/media?parent=5036"}],"curies":[{"name":"wp","href":"https:\/\/api.w.org\/{rel}","templated":true}]}}