{"id":5454,"date":"2020-07-24T11:14:17","date_gmt":"2020-07-24T11:14:17","guid":{"rendered":"http:\/\/relaunch.heinehaus.de\/?page_id=5454"},"modified":"2020-08-16T12:29:39","modified_gmt":"2020-08-16T12:29:39","slug":"poesiefest2016","status":"publish","type":"page","link":"https:\/\/www.heinehaus.de\/index.php\/poesiefest2016\/","title":{"rendered":"PoesieFest 2016"},"content":{"rendered":"\n<hr class=\"wp-block-separator\"\/>\n\n\n\n<p><em>Unsinnspoesie ist Poesie, die sich scheinbar ohne erkennbaren Sinn dem Spiel und Klang der Worte hingibt. Sie ist nicht an Epochen gebunden, auch wenn die Dadaisten im 20. Jh. erhebliche Impulse gaben.<\/em><\/p>\n\n\n\n<p>Unter dem Motto \u201eUnsinnspoesie in Wort und Musik\u201c steht in diesem Jahr unsere inzwischen traditionsreiche Veranstaltungsreihe \u201ePoesie \u2013 Ein Fest im Heine Haus\u201c von Samstag, den 9. Juli (Kinderpoesiefest mit<strong> Rotraut Susanne Berner<\/strong>) bis Montag, den 11. Juli (Autorenlesung mit <strong>Alfred Brendel und Michael Kr\u00fcger<\/strong>).<br><br><\/p>\n\n\n\n<hr class=\"wp-block-separator\"\/>\n\n\n\n<p><strong>Sa. 9.7.16, 14 Uhr<\/strong><br><strong>Kinderpoesiefest<\/strong><br><strong>Programm: R. S. Berner und Christine Kn\u00f6dler<\/strong><br><strong>Ort: Deutsche Oper am Rhein<\/strong><\/p>\n\n\n\n<p>Am Samstag, den 9. Juli von 14 bis 16 Uhr wird in der Deutschen Oper am Rhein gebastelt, gemalt und gedichtet. Herzlich eingeladen sind alle Kinder im Alter von 8-12 Jahren, die in die Rolle von Stadttieren schl\u00fcpfen m\u00f6chten.<\/p>\n\n\n\n<p><em><strong>Die Stadttiere sind unter uns!<\/strong><\/em><br><em><strong>Mit Masken und Ger\u00e4uschen besetzen sie die Oper,<\/strong><\/em><br><em><strong>verfassen ein vielstimmiges Lautgedicht<\/strong><\/em><br><em><strong>bei dem alle zu Wort kommen,<\/strong><\/em><br><em><strong>und zum Schluss l\u00e4dt der Chor der Tiere noch zu einer kleinen Vorf\u00fchrung ein.<\/strong><\/em><\/p>\n\n\n\n<p>Programm: Rotraut Susanne Berner und Christine Kn\u00f6dler<br>Es wirken mit: Kinder von 8\u201312 Jahren<br>Workshop f\u00fcr Kinder ab 14 Uhr; Einlass f\u00fcr Besucher ab 15:30 Uhr<\/p>\n\n\n\n<p><em>Eintritt: frei, Anmeldung erw\u00fcnscht<\/em><br><strong><em>Ort: Deutsche Oper am Rhein<\/em><\/strong><br><br><\/p>\n\n\n\n<hr class=\"wp-block-separator\"\/>\n\n\n\n<p><strong>So. 10.7.16, 12 Uhr Matinee<\/strong><br><strong>Poesie Deb\u00fct Preisverleihung an Julia Trompeter,<\/strong><br><strong>Musikprogramm Opernstudio Deutsche Oper am Rhein<\/strong><br><strong>Ort: Heine Haus<\/strong><\/p>\n\n\n\n<p>Im Rahmen des Festes wird am Sonntag, 10. Juli um 12 Uhr der erste <strong>D\u00fcsseldorfer PoesieDeb\u00fctPreis<\/strong> an die promovierte Philosophin, Germanistin und Literaturwissenschaftlerin <strong>Julia Trompeter<\/strong> f\u00fcr Ihren Gedichtband <em>Zum Begreifen nah<\/em> verliehen. Der neu gestiftete, dauerhaft vom Heine Haus vergebene Preis zur F\u00f6rderung der Lyrik wird k\u00fcnftig alle zwei Jahre im Rahmen von \u201ePoesie \u2013 ein Fest im Heine Haus\u201c an herausragende deutschsprachige Deb\u00fcts nationaler oder internationaler Lyriker\/Innen verliehen. Die Laudatio spricht <strong>Hubert Spiegel<\/strong> (FAZ).<\/p>\n\n\n\n<p>Dabei sind auch das Opernstudio der Deutschen Oper am Rhein, es singen<strong> Eva Bodorov\u00e1<\/strong> (Sopran) und <strong>Roman Hoza<\/strong> (Bariton), sowie der Schauspieler <strong>Rudolf Kowalski<\/strong> und <strong>Rudolf M\u00fcller<\/strong> (Heine Haus), die die korrespondierende Lesung, u.a. mit Texten von Morgenstern, Schwitters und Ror Wolf, bestreiten.<\/p>\n\n\n\n<p><em>Eintritt: EUR 8,\u2013\/6,\u2013 (erm.)<\/em><br><strong><em>Ort: Heine Haus<\/em><\/strong><br><br><\/p>\n\n\n\n<hr class=\"wp-block-separator\"\/>\n\n\n\n<p><strong>Mo. 11.7. 2016, 19.30 Uhr<\/strong><br><strong>Lesung Alfred Brendel und Michael Kr\u00fcger<\/strong><br><strong>Ort: Heine Haus<\/strong><\/p>\n\n\n\n<p>Der gro\u00dfe<strong> Alfred Brendel<\/strong>, weltbekannt als einer der bedeutendsten Pianisten und nebenbei feinsinniger Poet und<strong> Michael Kr\u00fcger<\/strong> (Schriftsteller und ehemaliger Verleger des Hanser Verlages) treffen sich im Heine Haus zum Gespr\u00e4ch (Mo. 11.7.)<\/p>\n\n\n\n<p><em>Eintritt: Mo. 11.07. EUR 10,\u2013\/8,\u2013<\/em><br><strong><em>Ort: Heine Haus<\/em><\/strong><br><br><\/p>\n\n\n\n<hr class=\"wp-block-separator\"\/>\n\n\n\n<p><em><strong>Eintritt:<\/strong><\/em><br><em>Sa. 09.07.\u00a0 Kinderpoesiefest, Eintritt: frei<br>Anmeldung erw\u00fcnscht, Ort: Deutsche Oper am Rhein<\/em><br><br><em>So. 10.07. Matin\u00e9e:<br>EUR 8,\u2013\/6,\u2013 (erm.), Ort: Heine Haus<\/em><br><em>Mo. 11.07.<br>EUR 10,\u2013\/8,\u2013, Ort: Heine Haus<\/em><br><strong><em>Festivalkarte: EUR 14,\u2013<\/em><\/strong><br><br><\/p>\n\n\n\n<hr class=\"wp-block-separator\"\/>\n\n\n\n<p><strong>Veranstalter: Verein zur F\u00f6rderung des Heinrich-Heine-Geburtshauses e.V., M\u00fcller &amp; B\u00f6hm Literaturhandlung<\/strong><\/p>\n\n\n\n<p><em>Gef\u00f6rdert durch: Kulturamt der Landeshauptstadt D\u00fcsseldorf; Kunststiftung NRW und Ministerium f\u00fcr Familie, Kinder, Jugend, Kultur und Sport des Landes Nordrhein-Westfalen, B\u00fcrgerStiftung D\u00fcsseldorf<br>Mit freundlicher Unterst\u00fczung: Deutsche Oper am Rhein<\/em><\/p>\n\n\n\n<p><\/p>\n","protected":false},"excerpt":{"rendered":"<p>Unsinnspoesie ist Poesie, die sich scheinbar ohne erkennbaren Sinn dem Spiel und Klang der Worte hingibt. Sie ist nicht an Epochen gebunden, auch wenn die Dadaisten im 20. Jh. erhebliche Impulse gaben. Unter dem Motto \u201eUnsinnspoesie in Wort und Musik\u201c steht in diesem Jahr unsere inzwischen traditionsreiche Veranstaltungsreihe \u201ePoesie \u2013 Ein Fest im Heine Haus\u201c von Samstag, den 9. Juli (Kinderpoesiefest mit Rotraut Susanne Berner) bis Montag, den 11. Juli (Autorenlesung mit Alfred Brendel und Michael Kr\u00fcger). Sa. 9.7.16, 14 UhrKinderpoesiefestProgramm: R. S. Berner und Christine Kn\u00f6dlerOrt: Deutsche Oper am Rhein Am Samstag, den 9. Juli von 14 bis 16 Uhr wird in der Deutschen Oper am Rhein gebastelt, gemalt und gedichtet. Herzlich eingeladen sind alle Kinder im Alter von&#8230;<\/p>\n","protected":false},"author":1,"featured_media":0,"parent":0,"menu_order":0,"comment_status":"closed","ping_status":"closed","template":"","meta":{"_mc_calendar":[]},"_links":{"self":[{"href":"https:\/\/www.heinehaus.de\/index.php\/wp-json\/wp\/v2\/pages\/5454"}],"collection":[{"href":"https:\/\/www.heinehaus.de\/index.php\/wp-json\/wp\/v2\/pages"}],"about":[{"href":"https:\/\/www.heinehaus.de\/index.php\/wp-json\/wp\/v2\/types\/page"}],"author":[{"embeddable":true,"href":"https:\/\/www.heinehaus.de\/index.php\/wp-json\/wp\/v2\/users\/1"}],"replies":[{"embeddable":true,"href":"https:\/\/www.heinehaus.de\/index.php\/wp-json\/wp\/v2\/comments?post=5454"}],"version-history":[{"count":5,"href":"https:\/\/www.heinehaus.de\/index.php\/wp-json\/wp\/v2\/pages\/5454\/revisions"}],"predecessor-version":[{"id":5610,"href":"https:\/\/www.heinehaus.de\/index.php\/wp-json\/wp\/v2\/pages\/5454\/revisions\/5610"}],"wp:attachment":[{"href":"https:\/\/www.heinehaus.de\/index.php\/wp-json\/wp\/v2\/media?parent=5454"}],"curies":[{"name":"wp","href":"https:\/\/api.w.org\/{rel}","templated":true}]}}