{"id":5456,"date":"2020-07-24T11:14:37","date_gmt":"2020-07-24T11:14:37","guid":{"rendered":"http:\/\/relaunch.heinehaus.de\/?page_id=5456"},"modified":"2020-08-16T12:39:32","modified_gmt":"2020-08-16T12:39:32","slug":"poesiefest-2015","status":"publish","type":"page","link":"https:\/\/www.heinehaus.de\/index.php\/poesiefest-2015\/","title":{"rendered":"PoesieFest 2015"},"content":{"rendered":"\n<hr class=\"wp-block-separator\"\/>\n\n\n\n<p><em>Das Motto des PoesieFestes 2015 stifete Michael Kr\u00fcger<\/em><br><strong>\u00bbAuf dem genarbten Leib \/ des Elefanten von Jaipur \/ nisten winzige V\u00f6gel. \/ Sie<br>picken ihm hastig \/ ein Gedicht auf den R\u00fccken. \/ Er l\u00e4\u00dft sie schreiben, Gedichte sind gut \/ f\u00fcr die Haut.\u00ab<\/strong><br><br><br><\/p>\n\n\n\n<hr class=\"wp-block-separator\"\/>\n\n\n\n<p><strong>Er\u00f6ffnungsabend: Freitag 4. 9. 2015, 19:30 Uhr<br><em>Lesung:<\/em><\/strong><br><strong>B\u00fcchner-Preistr\u00e4ger J\u00fcrgen Becker: <\/strong><br>Scheunen im Gel\u00e4nde, Gedichte, Lesung und Gespr\u00e4ch. <br><em>Moderation: Tobias Lehmkuhl (Journalist und Autor)<\/em><br><br><strong><em>Lesung:<\/em><\/strong><br><strong>Anneke Brassinga: Meide das Sonntagmittagsglibberpuddinggr\u00fcn, unver\u00f6ffentlichte Gedichte. <br><\/strong>Die Niederlande feiert ihre \u00bbSprach-magierin\u00ab in diesem Jahr mit dem wichtigsten Literaturpreis, den das Land zu vergeben hat. Lesung und Gespr\u00e4ch.<br><em>Moderation: Christoph Buchwald (Verleger Cossee Verlag Amsterdam und Hg. Jahrbuch der Lyrik)<br><\/em><br><strong><em>Lesung:<\/em><\/strong><br><strong>Carolin Callies: f\u00fcnf sinne &amp; nur ein besteckkasten, Gedichte<\/strong> <br>Deb\u00fct, Lesung und Gespr\u00e4ch. \u00bbCarolin Callies schreibt das wichtigste lyrische Deb\u00fct der Saison.\u00ab (R. K\u00e4mmerlings, Die Welt)<br><em>Moderation: Rudolf M\u00fcller (M\u00fcller &amp; B\u00f6hm Literturhandlung)<\/em><br><br><br><\/p>\n\n\n\n<hr class=\"wp-block-separator\"\/>\n\n\n\n<p><strong>Samstag 5. 9. 2015<br>14 \u2014 16 Uhr<br>Kinderpoesiefest: Drei\u00dfigEins!<\/strong><br><strong>mit Ulf K. (Comiczeichner, Illustrator und Kinderbuchautor) <br>und Ute Wegmann (Radiojournalistin, Kinder- und Jugendbuchautorin).<\/strong><br>Drei\u00dfig Minuten. Ein Gedicht. Die teilnehmenden Kinder schreiben ihre Texte vor Ort. Ein Gedicht, gereimt, oder nicht, lang oder kurz, d\u00fcnn oder mollig, in jedem Fall zum Vortragen bereit, innerhalb einer halben Stunde geschrieben. Von der Muse einen Kuss, jedem, der was schaffen muss.<br><em><br>Eintritt frei Anmeldung erw\u00fcnscht unter info@heinehaus.de oder 0211 .20 05 42 94<br>Ort: Deutsche Oper am Rhein 18 \u2014 19 Uhr<\/em><br><br><br><\/p>\n\n\n\n<hr class=\"wp-block-separator\"\/>\n\n\n\n<p><strong>18 \u2013 19 Uhr<br>Joachim Sartorius: Niemals eine Atempause. <\/strong><br>Handbuch der politischen Poesie im 20. Jahrhundert. Der Lyriker, Herausgeber und \u00dcbersetzer Joachim Sartorius stellt das von ihm herausgegebene Buch gemeinsam mit Rudolf M\u00fcller im Heine Haus vor.<br><br><strong>19 \u2014 20 Uhr<br>Liao Yiwu. <\/strong><br>Der chinesische Dichter, Schriftsteller und Musiker, u.a. mit dem Geschwister-Scholl-Preis und dem Friedenspreis des deutschen Buchhandels ausgezeichnet, stellt im Heine Haus seine Gedichte und Lieder vor. Guo Yeemei \u00fcbersetzt. Christoph Buchwald moderiert.<br><br><strong>20:30 \u2014 21:30 Uhr<br>Marcel Beyer: Graphit, Gedichte.<\/strong><br>Beyer, der Verfasser von Lyrik, Essays und Romanen, die sich immer wieder auf eigenwillige Weise mit der deutschen Geschichte auseinandersetzen, gilt als der Materialist unter den Lyrikern.<br><br><br><\/p>\n\n\n\n<hr class=\"wp-block-separator\"\/>\n\n\n\n<p>Sonntag 6. 9. 2015, 12 Uhr Matin\u00e9e<br><strong>Herta M\u00fcller: Mein Vaterland war ein Apfelkern<\/strong><br>Die Nobelpreistr\u00e4gerin spricht \u00fcber Poesie und Politik mit Rudolf M\u00fcller im Heine Haus.<br>Zum Abschluss des Poesiefestes 2015 laden wir zu einem kleinen Umtrunk herzlich ein.<\/p>\n\n\n\n<p><br><\/p>\n\n\n\n<hr class=\"wp-block-separator\"\/>\n\n\n\n<p><em>Programm: Dr. Selinde B\u00f6hm<br>Beirat: Christoph Buchwald, Rudolf M\u00fcller, Norbert Wehr<br><\/em><br><em>Veranstalter: Verein zur F\u00f6rderung des Heinrich-Heine-Geburtshauses e.V.,, M\u00fcller &amp; B\u00f6hm Literaturhandlung<br>gef\u00f6rdert durch: Landeshauptstadt D\u00fcsseldorf, Ministerium f\u00fcr Familie, Kinder, Jugend, Kultur und Sport des Landes NRW, Stiftung Kunstfond<br>mit freundlicher Unterst\u00fctzung: Deutsche Oper am Rhein<br>Medienpartner: Rheinische Post<\/em><\/p>\n","protected":false},"excerpt":{"rendered":"<p>Das Motto des PoesieFestes 2015 stifete Michael Kr\u00fcger\u00bbAuf dem genarbten Leib \/ des Elefanten von Jaipur \/ nisten winzige V\u00f6gel. \/ Siepicken ihm hastig \/ ein Gedicht auf den R\u00fccken. \/ Er l\u00e4\u00dft sie schreiben, Gedichte sind gut \/ f\u00fcr die Haut.\u00ab Er\u00f6ffnungsabend: Freitag 4. 9. 2015, 19:30 UhrLesung:B\u00fcchner-Preistr\u00e4ger J\u00fcrgen Becker: Scheunen im Gel\u00e4nde, Gedichte, Lesung und Gespr\u00e4ch. Moderation: Tobias Lehmkuhl (Journalist und Autor) Lesung:Anneke Brassinga: Meide das Sonntagmittagsglibberpuddinggr\u00fcn, unver\u00f6ffentlichte Gedichte. Die Niederlande feiert ihre \u00bbSprach-magierin\u00ab in diesem Jahr mit dem wichtigsten Literaturpreis, den das Land zu vergeben hat. Lesung und Gespr\u00e4ch.Moderation: Christoph Buchwald (Verleger Cossee Verlag Amsterdam und Hg. Jahrbuch der Lyrik)Lesung:Carolin Callies: f\u00fcnf sinne &amp; nur ein besteckkasten, Gedichte Deb\u00fct, Lesung und Gespr\u00e4ch. \u00bbCarolin Callies schreibt das wichtigste&#8230;<\/p>\n","protected":false},"author":1,"featured_media":0,"parent":0,"menu_order":0,"comment_status":"closed","ping_status":"closed","template":"","meta":{"_mc_calendar":[]},"_links":{"self":[{"href":"https:\/\/www.heinehaus.de\/index.php\/wp-json\/wp\/v2\/pages\/5456"}],"collection":[{"href":"https:\/\/www.heinehaus.de\/index.php\/wp-json\/wp\/v2\/pages"}],"about":[{"href":"https:\/\/www.heinehaus.de\/index.php\/wp-json\/wp\/v2\/types\/page"}],"author":[{"embeddable":true,"href":"https:\/\/www.heinehaus.de\/index.php\/wp-json\/wp\/v2\/users\/1"}],"replies":[{"embeddable":true,"href":"https:\/\/www.heinehaus.de\/index.php\/wp-json\/wp\/v2\/comments?post=5456"}],"version-history":[{"count":3,"href":"https:\/\/www.heinehaus.de\/index.php\/wp-json\/wp\/v2\/pages\/5456\/revisions"}],"predecessor-version":[{"id":5612,"href":"https:\/\/www.heinehaus.de\/index.php\/wp-json\/wp\/v2\/pages\/5456\/revisions\/5612"}],"wp:attachment":[{"href":"https:\/\/www.heinehaus.de\/index.php\/wp-json\/wp\/v2\/media?parent=5456"}],"curies":[{"name":"wp","href":"https:\/\/api.w.org\/{rel}","templated":true}]}}