{"id":551,"date":"2011-04-13T08:32:20","date_gmt":"2011-04-13T06:32:20","guid":{"rendered":"http:\/\/www.heinehaus.de\/?page_id=551"},"modified":"2025-05-26T11:39:13","modified_gmt":"2025-05-26T09:39:13","slug":"archiv-2010","status":"publish","type":"page","link":"https:\/\/www.heinehaus.de\/index.php\/archive\/archiv-2010\/","title":{"rendered":"Archiv 2010"},"content":{"rendered":"<hr \/>\n<p><strong>November, Dezember 2010<\/strong><\/p>\n<p><strong>+++<\/strong> <a href=\"..\/index.php\/2010\/10\/06\/faureputzthelen\/\" target=\"_self\" rel=\"noopener noreferrer\"><strong>Albert Vigoleis Thelen<\/strong><\/a> war einer der bedeutendsten Autoren des 20. Jahrhunderts. Noch immer aber ist er \u201e&#8230;der gro\u00dfe Unbekannte der deutschen Literatur.\u201c <a href=\"..\/index.php\/2010\/10\/06\/faureputzthelen\/\" target=\"_self\" rel=\"noopener noreferrer\"><strong>Buchvorstellung und Gespr\u00e4ch: Ulrich Faure und J\u00fcrgen P\u00fctz<\/strong><\/a> am 4. November. <strong>+++ <\/strong><strong><a href=\"..\/index.php\/2010\/10\/06\/faureputzthelen\/\" target=\"_self\" rel=\"noopener noreferrer\"><strong>mehr<\/strong><\/a><\/strong><\/p>\n<p><strong>+++ <\/strong>Die Begegnung von <a href=\"..\/index.php\/2010\/10\/06\/spiesgrunbein\/\" target=\"_self\" rel=\"noopener noreferrer\"><strong>Werner Spies<\/strong> mit<strong> Durs Gr\u00fcnbein<\/strong><\/a> ist mehr als nur ein Gipfeltreffen Kunstschaffender. In der Reihe Kunst trifft Literatur am 8. November. <strong>+++ <\/strong><strong><a href=\"..\/index.php\/2010\/10\/06\/spiesgrunbein\/\" target=\"_self\" rel=\"noopener noreferrer\"><strong>mehr<\/strong><\/a><\/strong><\/p>\n<p><strong>+++ <\/strong>Der \u00f6sterreichische Romancier <a href=\"..\/index.php\/2010\/10\/06\/kohlmeier\/\" target=\"_self\" rel=\"noopener noreferrer\"><strong>Michael K\u00f6hlmeier<\/strong><\/a> l\u00e4sst in \u201eMadalyn\u201c sein Alter Ego Lukasser aus dem Jahrhundert-Panorama \u201eAbendland\u201c nochmals aufleben, diesmal allerdings in einer Geschichte, die so etwas ist wie der poetologische Gegenentwurf zu \u201eAbendland\u201c. Lesung am 10. November. <strong>+++ <\/strong><strong><a href=\"..\/index.php\/2010\/10\/06\/kohlmeier\/\" target=\"_self\" rel=\"noopener noreferrer\"><strong>mehr<\/strong><\/a><\/strong><\/p>\n<p><strong>+++<\/strong> Der Friedenspreistr\u00e4ger des Deutschen Buchhandels 2010 <a href=\"..\/index.php\/2010\/10\/06\/david-grossman\/\" target=\"_self\" rel=\"noopener noreferrer\"><strong>David Grossman<\/strong><\/a> liest\u00a0 am 19. November aus seinem neuesten Roman: \u201eEine Frau flieht vor einer Nachricht\u201c. Moderiert wird die Veranstaltung von<strong> Christoph Buchwald<\/strong>. <strong>+++ <\/strong><strong><a href=\"..\/index.php\/2010\/10\/06\/david-grossman\/\" target=\"_self\" rel=\"noopener noreferrer\"><strong>mehr<\/strong><\/a><\/strong><\/p>\n<p><strong>+++ <\/strong><a href=\"..\/index.php\/2010\/10\/06\/charmsnitzberg\/\" target=\"_self\" rel=\"noopener noreferrer\"><strong>Daniil Charms<\/strong><\/a> war komisches Genie, Sprachartist, Meister des Absurden, kurzum: ein russisches Gegenst\u00fcck zu Ringelnatz und Beckett. Lesung mit dem D\u00fcsseldorfer Autor, \u00dcbersetzer, Librettist und Lyriker <strong>Alexander Nitzberg<\/strong> am 22. November <strong>+++ <\/strong><strong><a href=\"..\/index.php\/2010\/10\/06\/charmsnitzberg\/\" target=\"_self\" rel=\"noopener noreferrer\"><strong>mehr<\/strong><\/a><\/strong><\/p>\n<p><strong>+++<\/strong> Wenn<strong> <a href=\"..\/index.php\/2010\/10\/06\/egger-hinsberg\/\" target=\"_self\" rel=\"noopener noreferrer\">Oswald Egger<\/a> <\/strong>und <a href=\"..\/index.php\/2010\/10\/06\/egger-hinsberg\/\" target=\"_self\" rel=\"noopener noreferrer\"><strong>Katharina Hinsberg<\/strong><\/a> \u00fcber Fragen der Kunst im Allgemeinen und der Literatur im Besonderen diskutieren, darf man von einer idealen Konstellation ausgehen. In der Reihe Kunst trifft Literatur am 1. Dezember <strong>+++ <\/strong><strong><a href=\"..\/index.php\/2010\/10\/06\/egger-hinsberg\/\" target=\"_self\" rel=\"noopener noreferrer\"><strong>mehr<\/strong><\/a><\/strong><\/p>\n<p><strong>+++ <\/strong>Handverlesen sind die jungen S\u00e4ngerinnen und S\u00e4nger, die sich im <strong>Opernstudio<\/strong> der Deutschen Oper am Rhein den letzten Schliff holen. <a href=\"..\/index.php\/2010\/10\/06\/wintermarchen\/\" target=\"_self\" rel=\"noopener noreferrer\"><strong>Winterm\u00e4rchen \u2013 Ein Heine-Abend<\/strong><\/a> am 8. Dezember <strong>+++ <\/strong><strong><a href=\"..\/index.php\/2010\/10\/06\/wintermarchen\/\" target=\"_self\" rel=\"noopener noreferrer\"><strong>mehr<\/strong><\/a><\/strong><\/p>\n<p><strong>+++ <\/strong>Zu Gast im Heine Haus sind im Dezember die <strong><a href=\"8.%20D%C3%BCsseldorfer%20M%C3%A4rchenwochen\" target=\"_self\" rel=\"noopener noreferrer\">8. D\u00fcsseldorfer M\u00e4rchenwochen<\/a> <\/strong>mit einer musikalischen M\u00e4rchen-Matinee am 14. November und der <a href=\"..\/index.php\/2010\/10\/06\/mexikanistenkongress-2010\/\" target=\"_self\" rel=\"noopener noreferrer\"><strong>Mexikanistenkongress 2010<\/strong><\/a> mit einer Lesung mit <strong>Margo Glantz<\/strong> am 9. Dezember. <strong>+++<br \/>\n<\/strong><\/p>\n<hr \/>\n<p><strong>Oktober 2010<\/strong><\/p>\n<p><strong><strong><strong>+++ <\/strong><\/strong><\/strong>Zwei Autoren aus der Shortlist zum <a href=\"..\/index.php\/2010\/09\/08\/schweizer-buchpreis-2010\/\" target=\"_self\" rel=\"noopener noreferrer\"><strong>Schweizer Buchpreis 2010<\/strong><\/a> lesen. Am 13.Oktober. <strong><strong><strong>+++ <a href=\"..\/index.php\/2010\/09\/08\/schweizer-buchpreis-2010\/\" target=\"_self\" rel=\"noopener noreferrer\">mehr<\/a><\/strong><\/strong><\/strong><\/p>\n<p><strong><strong><strong>+++ <\/strong><\/strong><\/strong>Zum Geburtstag von <a href=\"..\/index.php\/2010\/09\/08\/ingrid-bacher\/\" target=\"_self\" rel=\"noopener noreferrer\"><strong>Ingrid Bach\u00e9r<\/strong><\/a> wird es eine Lesung, Gespr\u00e4ch und Podiumsdiskussion geben. Am 20. Oktober <strong><strong><strong>+++ <a href=\"..\/index.php\/2010\/09\/08\/ingrid-bacher\/\" target=\"_self\" rel=\"noopener noreferrer\">mehr<\/a><\/strong><\/strong><\/strong><\/p>\n<p><strong><strong><strong>+++ <\/strong><\/strong><\/strong>F\u00fcnf Monate lang ist <a href=\"..\/index.php\/2010\/09\/08\/milda-druke\/\" target=\"_self\" rel=\"noopener noreferrer\"><strong>Milda Dr\u00fcke<\/strong><\/a> bei einer Familie in Nepals Hauptstadt zu Gast gewesen. Einf\u00fchlsam schildert sie in ihrem neuen Buch \u201eRot\u201d den dortigen Alltag und erz\u00e4hlt die Geschichte von Puspa und seiner Frau Samju und ihrem Leben zwischen Traditionen und westlichen Einfl\u00fcssen. <strong><strong><strong>+++ <a href=\"..\/index.php\/2010\/09\/08\/milda-druke\/\" target=\"_self\" rel=\"noopener noreferrer\">mehr<\/a><\/strong><\/strong><\/strong><\/p>\n<p><strong>+++<\/strong> Zur Finissage der Ausstellung von <strong><a href=\"..\/index.php\/2010\/09\/08\/konzert-zur-finissage\/\" target=\"_self\" rel=\"noopener noreferrer\">Claudia Berg:<\/a> <\/strong>Radierungen zur Landschafts- und Liebeslyrik Heines\u00a0 wird es am 23. Oktober ein Konzert geben: <a href=\"..\/index.php\/2010\/09\/08\/konzert-zur-finissage\/\" target=\"_self\" rel=\"noopener noreferrer\"><strong>Marcell Feldberg<\/strong><\/a> spielt Cage, Schumann, Kurt\u00e1g und Feldberg <strong><strong><strong>+++ <a href=\"..\/index.php\/2010\/09\/08\/konzert-zur-finissage\/\" target=\"_self\" rel=\"noopener noreferrer\">mehr<\/a><\/strong><\/strong><\/strong><\/p>\n<p>+++ Der aktuelle Bachmann-Preistr\u00e4ger <a href=\"..\/index.php\/2010\/09\/08\/peter-wawerzinek\/\" target=\"_self\" rel=\"noopener noreferrer\"><strong>Peter Wawerzinek<\/strong><\/a> liest am 28. Oktober aus seinem aktuellen Buch Rabenliebe. <strong><strong><strong>+++ <a href=\"..\/index.php\/2010\/09\/08\/peter-wawerzinek\/\" target=\"_self\" rel=\"noopener noreferrer\">mehr<br \/>\n<\/a><\/strong><\/strong><\/strong><strong><br \/>\n<\/strong><\/p>\n<hr \/>\n<p><strong>Juli, August, September 2010<\/strong><\/p>\n<p><strong>+++ <\/strong><a href=\"..\/index.php\/2010\/06\/14\/50-jahre-oulipo\/\" target=\"_self\" rel=\"noopener noreferrer\">50 Jahren Oulipo<\/a> Streng in der Oulipo-Tradition versteht sich auch <strong>Oucuipo<\/strong>, die Werkstatt der potenziellen Kochkunst, \u00fcber die Literaturvermittler und Feinschmecker J\u00fcrgen Ritte ein Kochbuch \u00fcbersetzt, kommentiert und in <strong>Denis Schecks Reihe \u201eArche Paradies\u201d<\/strong> herausgegeben hat.<strong> Am Freitag, 02.07.2010, 19:30 Uhr.<\/strong> <strong>+++<\/strong> <a href=\"..\/index.php\/2010\/06\/14\/50-jahre-oulipo\/\" target=\"_self\" rel=\"noopener noreferrer\"><strong><strong>mehr<\/strong><\/strong><\/a><\/p>\n<p><strong>+++ <\/strong><strong><a href=\"..\/index.php\/2010\/06\/14\/achim-wagner\/\" target=\"_self\" rel=\"noopener noreferrer\">Achim Wagner<\/a> <\/strong>wird von seinen Istanbul-Erfahrungen im Rahmen des Stipendiums der Kunststiftung NRW berichten. <strong><a href=\"..\/index.php\/2010\/06\/14\/achim-wagner\/\" target=\"_self\" rel=\"noopener noreferrer\">Inspiration Istanbul<\/a> am <strong>Dienstag, 06.07.2010, 19:30 Uhr.<\/strong><\/strong><strong> +++<\/strong> <a href=\"..\/index.php\/2010\/06\/14\/achim-wagner\/\" target=\"_self\" rel=\"noopener noreferrer\"><strong><strong>mehr<\/strong><\/strong><\/a><\/p>\n<p><strong>+++ <\/strong>\u201eDie Wanderjahre. 1980-2009\u201c\u00a0 entstand aus Gespr\u00e4chen, die der Verleger <strong>Helge Malchow<\/strong> mit <a href=\"..\/index.php\/2010\/06\/14\/peter-zadek-die-wanderjahre\/\" target=\"_self\" rel=\"noopener noreferrer\"><strong>Peter Zadek<\/strong><\/a> f\u00fchrte in Zusammenarbeit mit dessen langj\u00e4hriger Lebenspartnerin <strong>Elisabeth Plessen<\/strong>. Im Heine Haus treffen sich nun die Beiden mit <strong>Volker Canaris<\/strong>. <strong>Donnerstag<strong>, 12.08.2010, 19:30 Uhr.<\/strong><\/strong> <strong>+++ <\/strong><a href=\"..\/index.php\/2010\/06\/14\/peter-zadek-die-wanderjahre\/\" target=\"_self\" rel=\"noopener noreferrer\"><strong><strong><strong><strong>mehr<\/strong><\/strong><\/strong><\/strong><\/a><\/p>\n<p><strong>+++ <\/strong>In Gerbrand Bakkers neuem Roman muss sich der Leser lange Zeit damit abfinden, dass er sehr wenig wei\u00df. <a href=\"..\/index.php\/2010\/06\/14\/gerbrand-bakker-juni\/\" target=\"_self\" rel=\"noopener noreferrer\"><strong>Gerbrand Bakker. Juni.<\/strong><\/a> Moderation Christoph Buchwald. <strong>Donnerstag<strong>, 26.08.2010, 19:30 Uhr<\/strong><\/strong><strong><strong>.<\/strong><\/strong> <strong>+++ <\/strong><a href=\"..\/index.php\/2010\/06\/14\/gerbrand-bakker-juni\/\" target=\"_self\" rel=\"noopener noreferrer\"><strong><strong><strong><strong>mehr<\/strong><\/strong><\/strong><\/strong><\/a><\/p>\n<p><strong>+++ <\/strong><strong><a href=\"..\/index.php\/2010\/06\/14\/katharina-hacker\/\" target=\"_self\" rel=\"noopener noreferrer\">Katharina Hackers<\/a> <\/strong>Roman <strong>Die Erdbeeren von Antons Mutter<\/strong> ist die Fortsetzung von \u201eAlix, Anton und die Anderen\u201c, einer komplexen Geschichte um die Generation der Mittvierziger aus dem heutigen Berlin.<strong> Donnerstag<strong>, 02.09.2010, 19:30 Uhr<\/strong><\/strong><strong><strong>.<\/strong><\/strong> <strong>+++ <\/strong><a href=\"..\/index.php\/2010\/06\/14\/katharina-hacker\/\" target=\"_self\" rel=\"noopener noreferrer\"><strong><strong><strong><strong>mehr<\/strong><\/strong><\/strong><\/strong><\/a><\/p>\n<p><strong>+++ <\/strong>Der aktuelle Preistr\u00e4ger des d.lit. &#8211; literaturpreises <strong><a href=\"..\/index.php\/2010\/06\/14\/norbert-scheuer\/\" target=\"_self\" rel=\"noopener noreferrer\">Norbert Scheuer<\/a> <\/strong>stellt sich vor. <strong>Donnerstag<strong>, 09.09.2010, 19:30 Uhr<\/strong><\/strong><strong><strong>.<\/strong><\/strong> <strong>+++ <\/strong><a href=\"..\/index.php\/2010\/06\/14\/norbert-scheuer\/\" target=\"_self\" rel=\"noopener noreferrer\"><strong><strong><strong><strong>mehr<\/strong><\/strong><\/strong><\/strong><\/a><\/p>\n<p><strong>+++ <\/strong>Wir feiern mit <a href=\"..\/index.php\/2010\/06\/14\/klaus-wagenbach\/\" target=\"_self\" rel=\"noopener noreferrer\"><strong>Klaus Wagenbach<\/strong><\/a> seinen \u201aunvermeidlichen 80. Geburtstag\u2019 mit den sch\u00f6nsten Geschichten und Anekdoten aus seinem reichen Leben als Literatur- und Verlegerlegende. <strong>Mittwoch<strong>, 15.09.2010, 19:30 Uhr<\/strong><\/strong><strong><strong>.<\/strong><\/strong> <strong>+++ <\/strong><a href=\"..\/index.php\/2010\/06\/14\/klaus-wagenbach\/\" target=\"_self\" rel=\"noopener noreferrer\"><strong><strong><strong><strong>mehr<\/strong><\/strong><\/strong><\/strong><\/a><\/p>\n<p><strong>+++ <\/strong>Bei der Heine Matinee wird <a href=\"..\/index.php\/2010\/06\/14\/heine-matinee\/\" target=\"_self\" rel=\"noopener noreferrer\"><strong>Claudia Berg<\/strong><\/a> erstmals ihr neuestes Buch mit Radierungen zu Heinrich Heines Landschafts- und Liebeslyrik pr\u00e4sentieren und eine Ausstellung mit Originalradierungen er\u00f6ffnen.<strong>+++ <\/strong><strong><strong><strong><strong><strong><strong><strong><strong>mehr<\/strong><\/strong><\/strong><\/strong><\/strong><\/strong><\/strong><\/strong><\/p>\n<hr \/>\n<p><strong>Mai, Juni 2010<\/strong><\/p>\n<p><strong>+++ <\/strong>Etwa ein Jahr nach dem Tod von <a href=\"..\/index.php\/2010\/04\/12\/inger-christensen\/\" target=\"_self\" rel=\"noopener noreferrer\"><strong>Inger Christensen<\/strong><\/a> erscheint nun die lang erwartete \u00dcbersetzung ihres Gedichtbandes \u201eGras\u201c in einer k\u00fcnstlerisch gestalteten Ausgabe mit elf Gouachen von<strong> Silvia B\u00e4chli.<\/strong> <strong>Am Donnerstag, 06.05.2010, 19:30 Uhr.<\/strong> <strong>+++ <\/strong><strong><a href=\"..\/index.php\/2010\/04\/12\/inger-christensen\/\" target=\"_self\" rel=\"noopener noreferrer\"><strong>mehr<\/strong><\/a><\/strong><\/p>\n<p><strong>+++ <\/strong>Der Ur-Ur-Enkel des russichen Dichters, <a href=\"..\/index.php\/2010\/04\/12\/anna-karenina\/\" target=\"_self\" rel=\"noopener noreferrer\"><strong>Graf Wladimir Tolstoi,<\/strong><\/a> liest Ausz\u00fcge aus dem russischen Originaltext von Anna Karenina und <strong>Rosemarie Tietze <\/strong>aus ihrer viel gelobten \u00dcbersetzung. <strong>Am Montag, 17.05.2010, 19:30 Uhr<\/strong>.<strong>+++ <\/strong><a href=\"..\/index.php\/2010\/04\/12\/anna-karenina\/\" target=\"_self\" rel=\"noopener noreferrer\"><strong><strong>mehr<\/strong><\/strong><\/a><\/p>\n<p><strong>+++ <\/strong>Die <a href=\"..\/index.php\/2010\/04\/12\/capribatterie\/\" target=\"_self\" rel=\"noopener noreferrer\"><strong>Capribatterie<\/strong><\/a> ist zu Gast im Heine Haus. <strong>Am Mittwoch, 19.05.2010, 19:30 Uhr.<\/strong><strong> +++ <\/strong><strong><a href=\"..\/index.php\/2010\/04\/12\/capribatterie\/\" target=\"_self\" rel=\"noopener noreferrer\"><strong>mehr<\/strong><\/a><\/strong><br \/>\n<strong><br \/>\n<\/strong><strong>+++ <\/strong><a href=\"..\/index.php\/2010\/04\/12\/ulrich-meister\/\" target=\"_self\" rel=\"noopener noreferrer\"><strong>Ulrich Meister<\/strong><\/a> stellt seinen aktuellen Katalog und zudem drei Originale vor. <strong>Am Mittwoch, 26.05.2010, 19:30 Uhr<\/strong>. <strong>+++ <a href=\"..\/index.php\/2010\/04\/12\/ulrich-meister\/\" target=\"_self\" rel=\"noopener noreferrer\">mehr<\/a><\/strong><\/p>\n<p><strong>+++ <\/strong><a href=\"..\/index.php\/2010\/04\/12\/deutsche-oper-am-rhein\/\" target=\"_self\" rel=\"noopener noreferrer\"><strong>Die deutsche Oper am Rhein<\/strong><\/a> ist zu Gast im Heine Haus mit einem <strong>Kurt Weill\/Lotte Lenya-Abend. Am Mittwoch, 09.06.2010, 19:30 Uhr. <\/strong><strong>+++ <\/strong><strong><a href=\"..\/index.php\/2010\/04\/12\/deutsche-oper-am-rhein\/\" target=\"_self\" rel=\"noopener noreferrer\"><strong>mehr<\/strong><\/a><\/strong><\/p>\n<p><strong>+++ <\/strong>Der Autor und Poesie-Performer<strong> <a href=\"..\/index.php\/2010\/04\/12\/allemann-walser\/\" target=\"_self\" rel=\"noopener noreferrer\">Urs Allemann<\/a><\/strong> bricht eine Lanze f\u00fcr den Lyriker <strong>Robert Walser.<\/strong> <strong>Am Donnerstag, 17.06.2010, 19:30 Uhr.<\/strong> <strong>+++ <\/strong><strong><a href=\"..\/index.php\/2010\/04\/12\/allemann-walser\/\" target=\"_self\" rel=\"noopener noreferrer\">mehr<\/a><\/strong><\/p>\n<p><strong>+++ <\/strong>Im Heine Haus treffen sich die Urenkelin Theodor Storms <a href=\"..\/index.php\/2010\/04\/12\/bacher-berner\/\" target=\"_self\" rel=\"noopener noreferrer\"><strong>Ingrid Bach\u00e9r<\/strong><\/a> und <a href=\"..\/index.php\/2010\/04\/12\/bacher-berner\/\" target=\"_self\" rel=\"noopener noreferrer\"><strong>Rotraut Susanne Berner<\/strong><\/a> zum Gespr\u00e4ch. <strong>Am Mittwoch, 23.06.2010, 19:30.<\/strong><strong> +++ <\/strong><strong><strong>mehr<\/strong><\/strong><\/p>\n<hr \/>\n<p><strong>M\u00e4rz, April 2010<\/strong><\/p>\n<p><strong>+++<\/strong> Wie kein anderer hat der bengalische Schriftsteller <strong><a href=\"..\/index.php\/2010\/02\/20\/jasimuddin\/\" target=\"_self\" rel=\"noopener noreferrer\"><span style=\"text-decoration: underline;\">Jasimuddin<\/span><\/a><\/strong> die Seele der Menschen zwischen Ganges und Brahmaputra erfasst. <strong>Am Donnerstag, 11.03. 2010, 19:30 Uhr <\/strong><strong>+++<\/strong> <a href=\"..\/index.php\/2010\/02\/20\/jasimuddin\/\" target=\"_self\" rel=\"noopener noreferrer\"><strong>mehr<\/strong><\/a><\/p>\n<p><strong>+++<\/strong> Der Kenner der Antike <strong><a href=\"http:\/\/heinehaus.de\/index.php\/2010\/02\/20\/raoul-schrott\/\" target=\"_self\" rel=\"noopener noreferrer\"><span style=\"text-decoration: underline;\">Raoul Schrott<\/span><\/a><\/strong> f\u00fchrt uns mit seinen Versen zu den Urspr\u00fcngen der Menschheit und der Poesie. <strong>Am Dienstag, 16.03. 2010, 19:30 Uhr +++ <a href=\"http:\/\/heinehaus.de\/index.php\/2010\/02\/20\/raoul-schrott\/\" target=\"_self\" rel=\"noopener noreferrer\">mehr<\/a><\/strong><\/p>\n<p><strong>+++ <\/strong>Der neue Roman von <strong><a href=\"http:\/\/heinehaus.de\/index.php\/2010\/02\/20\/georg-klein\/\" target=\"_self\" rel=\"noopener noreferrer\"><span style=\"text-decoration: underline;\">Georg Klein<\/span><\/a><\/strong>, dem aktuellen Preistr\u00e4ger der Leipziger Buchmesse 2010, ist ein radikal autobiografisches und zugleich d\u00e4monisches Buch, ein Kindheitsroman voll fiebriger Gewitztheit und reich an dunkler Einsicht. <strong>Am Donnerstag, 25.03. 2010, 19:30 Uhr +++ <a href=\"http:\/\/heinehaus.de\/index.php\/2010\/02\/20\/georg-klein\/\" target=\"_self\" rel=\"noopener noreferrer\">mehr<\/a><\/strong><\/p>\n<p><strong>+++<\/strong> Gemeinsam mit der Berliner Autorin <strong>Malin Schwerdtfeger<\/strong>, die 2000 den F\u00f6rderpreis des Bachmann Wettbewerbs gewann, erz\u00e4hlt die heute 88 J\u00e4hrige <strong><a href=\"http:\/\/heinehaus.de\/index.php\/2010\/02\/20\/friedlander\/\" target=\"_self\" rel=\"noopener noreferrer\"><span style=\"text-decoration: underline;\">Margot Friedlander<\/span><\/a><\/strong> in New York lebende J\u00fcdin aus ihrem Leben. <strong>Am Montag, 12.04. 2010, 19:30 Uhr +++ <a href=\"http:\/\/heinehaus.de\/index.php\/2010\/02\/20\/friedlander\/\" target=\"_self\" rel=\"noopener noreferrer\">mehr<\/a><\/strong><\/p>\n<p><strong>+++<\/strong> Zwischen Tischgespr\u00e4chen, Abendunterhaltung und einem diskreten Flirt l\u00e4sst der r\u00fcstige Mittneunziger Kokoschkin in<strong> <a href=\"http:\/\/heinehaus.de\/index.php\/2010\/02\/20\/schadlich\/\" target=\"_self\" rel=\"noopener noreferrer\"><span style=\"text-decoration: underline;\">Hans Joachim Sch\u00e4dlichs<\/span><\/a> <\/strong>neuem Roman in R\u00fcckblicken die Orte seiner bewegten Vergangenheit Revue passieren und ruft damit lebhaft die erste H\u00e4lfte des vergangenen Jahrhunderts wieder wach. <strong>Am Donnerstag, 15.04. 2010, 19:30 Uhr +++ <a href=\"http:\/\/heinehaus.de\/index.php\/2010\/02\/20\/schadlich\/\" target=\"_self\" rel=\"noopener noreferrer\">mehr<\/a><\/strong><\/p>\n<p><strong>+++ <\/strong>Im Heine Haus diskutieren der Italien- und Vatikankorrespondent der FAZ <strong><a href=\"http:\/\/heinehaus.de\/index.php\/2010\/02\/20\/lasterlich\/\" target=\"_self\" rel=\"noopener noreferrer\"><span style=\"text-decoration: underline;\">Heinz-Joachim Fischer<\/span><\/a> <\/strong>und der Dominikanerpater und Kirchenhistoriker<strong> <a href=\"http:\/\/heinehaus.de\/index.php\/2010\/02\/20\/lasterlich\/\" target=\"_self\" rel=\"noopener noreferrer\"><span style=\"text-decoration: underline;\">Elias H. F\u00fcllenbach<\/span><\/a><\/strong> \u00fcber den L\u00e4sterer und gro\u00dfen Dichterf\u00fcrsten Heinrich Heine.<strong> Am Donnerstag, 22.04. 2010, 19:30 Uhr +++ mehr<\/strong><\/p>\n<p><strong>\u00a0<\/strong><\/p>\n<hr \/>\n<p><strong>Januar, Februar 2010<\/strong><\/p>\n<p><strong>+++<\/strong> Mittlerweile ist es Tradition: Alle Jahre wieder im Januar lassen die meinungsstarken Literaturkritiker<a href=\"http:\/\/heinehaus.de\/?p=30\" target=\"_self\" rel=\"noopener noreferrer\"> <strong>Denis Scheck<\/strong> und sein Kollege<strong> Hubert Winkels<\/strong><\/a> im Heine Haus das soeben vergangene Literaturjahr Revue passieren: <strong>am <\/strong><strong>Donnerstag <\/strong><strong>14.01.2010 um 19:30 Uhr<\/strong> <strong>+++ <a href=\"http:\/\/heinehaus.de\/?p=30\" target=\"_self\" rel=\"noopener noreferrer\">mehr<\/a><\/strong><\/p>\n<p><strong>+++<\/strong> <em>Eine Geschichte meiner Nerven<\/em> lautet der bekennende Untertitel des neuen Romans von<strong><a href=\"http:\/\/heinehaus.de\/?p=32\" target=\"_self\" rel=\"noopener noreferrer\"> Siri Hustvedt.<\/a> <\/strong><strong>Am Freitag 29.01.2010 um 19:30 Uhr im D\u00fcsseldorfer Schauspiehaus<\/strong> <strong>+++ <\/strong><a href=\"http:\/\/heinehaus.de\/?p=32\" target=\"_self\" rel=\"noopener noreferrer\"><strong>mehr<\/strong><br \/>\n<\/a><\/p>\n<p><strong>+++<\/strong> <strong><a href=\"http:\/\/heinehaus.de\/?p=34\" target=\"_self\" rel=\"noopener noreferrer\">Peter Henning<\/a> <\/strong>zeichnet voller Verve und pechschwarzem Humor das Zeitbild einer deutschen Familie. <strong>Am Donnerstag 04.02.2010 um 19:30 Uhr<\/strong> <strong>+++ <\/strong><a href=\"http:\/\/heinehaus.de\/?p=34\" target=\"_self\" rel=\"noopener noreferrer\"><strong>mehr<\/strong><br \/>\n<\/a><\/p>\n<p><strong>+++<\/strong> Wir er\u00f6ffnen die Ausstellung von <strong><a href=\"http:\/\/heinehaus.de\/index.php\/2010\/01\/04\/ulrike-zilly-heine-bilder\/\" target=\"_self\" rel=\"noopener noreferrer\">Ulrike Zillys<\/a><\/strong> Heine Bildern. <strong>Am Samstag 06.02.2010 um 16:00 Uhr <\/strong><strong>+++<\/strong><strong> <a href=\"http:\/\/heinehaus.de\/index.php\/2010\/01\/04\/ulrike-zilly-heine-bilder\/\" target=\"_self\" rel=\"noopener noreferrer\">mehr<\/a><\/strong><\/p>\n<p><strong>+++<\/strong> <strong><a href=\"http:\/\/heinehaus.de\/index.php\/2010\/01\/12\/rudolf-kowalsk%E2%80%A6mer-for-kenger\/\" target=\"_self\" rel=\"noopener noreferrer\">Rudolf Kowalski<\/a><\/strong> liest gemeinsam mit <strong> Eva Scheurer<\/strong> \u201aDie Reise von M\u00fcnchen nach Genua\u2019 aus Heines \u201eReisebildern und Reisebriefen\u201c und Sch\u00fclerInnen der Max-Schule pr\u00e4sentieren ein Kunstprojekt von mit <strong>Monika Voss<\/strong>. <strong>In der Heine Matinee<\/strong> <strong>am Sonntag 21.02.2010, um 11:00 Uhr <\/strong><strong>+++ <a href=\"http:\/\/heinehaus.de\/index.php\/2010\/01\/12\/rudolf-kowalsk%E2%80%A6mer-for-kenger\/\" target=\"_self\" rel=\"noopener noreferrer\">mehr<\/a><br \/>\n<\/strong><\/p>\n","protected":false},"excerpt":{"rendered":"<p>November, Dezember 2010 +++ Albert Vigoleis Thelen war einer der bedeutendsten Autoren des 20. Jahrhunderts. Noch immer aber ist er \u201e&#8230;der gro\u00dfe Unbekannte der deutschen Literatur.\u201c Buchvorstellung und Gespr\u00e4ch: Ulrich Faure und J\u00fcrgen P\u00fctz am 4. November. +++ mehr +++ Die Begegnung von Werner Spies mit Durs Gr\u00fcnbein ist mehr als nur ein Gipfeltreffen Kunstschaffender. In der Reihe Kunst trifft Literatur am 8. November. +++ mehr +++ Der \u00f6sterreichische Romancier Michael K\u00f6hlmeier l\u00e4sst in \u201eMadalyn\u201c sein Alter Ego Lukasser aus dem Jahrhundert-Panorama \u201eAbendland\u201c nochmals aufleben, diesmal allerdings in einer Geschichte, die so etwas ist wie der poetologische Gegenentwurf zu \u201eAbendland\u201c. Lesung am 10. November. +++ mehr +++ Der Friedenspreistr\u00e4ger des Deutschen Buchhandels 2010 David Grossman liest\u00a0 am 19. November aus&#8230;<\/p>\n","protected":false},"author":1,"featured_media":0,"parent":23,"menu_order":0,"comment_status":"closed","ping_status":"closed","template":"","meta":{"_mc_calendar":[]},"_links":{"self":[{"href":"https:\/\/www.heinehaus.de\/index.php\/wp-json\/wp\/v2\/pages\/551"}],"collection":[{"href":"https:\/\/www.heinehaus.de\/index.php\/wp-json\/wp\/v2\/pages"}],"about":[{"href":"https:\/\/www.heinehaus.de\/index.php\/wp-json\/wp\/v2\/types\/page"}],"author":[{"embeddable":true,"href":"https:\/\/www.heinehaus.de\/index.php\/wp-json\/wp\/v2\/users\/1"}],"replies":[{"embeddable":true,"href":"https:\/\/www.heinehaus.de\/index.php\/wp-json\/wp\/v2\/comments?post=551"}],"version-history":[{"count":5,"href":"https:\/\/www.heinehaus.de\/index.php\/wp-json\/wp\/v2\/pages\/551\/revisions"}],"predecessor-version":[{"id":5501,"href":"https:\/\/www.heinehaus.de\/index.php\/wp-json\/wp\/v2\/pages\/551\/revisions\/5501"}],"up":[{"embeddable":true,"href":"https:\/\/www.heinehaus.de\/index.php\/wp-json\/wp\/v2\/pages\/23"}],"wp:attachment":[{"href":"https:\/\/www.heinehaus.de\/index.php\/wp-json\/wp\/v2\/media?parent=551"}],"curies":[{"name":"wp","href":"https:\/\/api.w.org\/{rel}","templated":true}]}}