{"id":5621,"date":"2020-08-16T13:13:30","date_gmt":"2020-08-16T13:13:30","guid":{"rendered":"http:\/\/relaunch.heinehaus.de\/?page_id=5621"},"modified":"2020-11-30T11:20:45","modified_gmt":"2020-11-30T10:20:45","slug":"poesiefest-2020-das-10-jahr","status":"publish","type":"page","link":"https:\/\/www.heinehaus.de\/index.php\/poesiefest\/poesiefest-2020-das-10-jahr\/","title":{"rendered":"PoesieFest 2020. Das 10. Jahr."},"content":{"rendered":"\n<p><strong>04. 09. Fr. \u2013 06. 09. 2020, So.<\/strong><br><strong>PoesieFest im Heine Haus, das 10. Jahr<\/strong><br><strong>Thema: Erinnern Vergessen \u2013 Vergessen Erinnern.<\/strong><\/p>\n\n\n\n<p>Das Programm zum Ausdrucken k\u00f6nnen Sie<a href=\"https:\/\/www.heinehaus.de\/wp-content\/uploads\/2020\/08\/PROGRAMM_POSIE_2020.pdf\" target=\"_blank\" rel=\"noreferrer noopener\"><strong> hier\u00bb\u00bb<\/strong><\/a> herunterladen.<\/p>\n\n\n\n<p><\/p>\n\n\n\n<figure class=\"wp-block-image size-large\"><img decoding=\"async\" loading=\"lazy\" width=\"700\" height=\"394\" src=\"https:\/\/www.heinehaus.de\/wp-content\/uploads\/2020\/09\/STREAM_VORLAGE_HHAUS_PFEST-768x432-1-700x394.jpg\" alt=\"\" class=\"wp-image-5671\" srcset=\"https:\/\/www.heinehaus.de\/wp-content\/uploads\/2020\/09\/STREAM_VORLAGE_HHAUS_PFEST-768x432-1-700x394.jpg 700w, https:\/\/www.heinehaus.de\/wp-content\/uploads\/2020\/09\/STREAM_VORLAGE_HHAUS_PFEST-768x432-1-450x253.jpg 450w, https:\/\/www.heinehaus.de\/wp-content\/uploads\/2020\/09\/STREAM_VORLAGE_HHAUS_PFEST-768x432-1-640x360.jpg 640w, https:\/\/www.heinehaus.de\/wp-content\/uploads\/2020\/09\/STREAM_VORLAGE_HHAUS_PFEST-768x432-1.jpg 768w\" sizes=\"(max-width: 700px) 100vw, 700px\" \/><\/figure>\n\n\n\n<p>Da wir in diesem Jahr beim PoesieFest coronabedingt nur eine beschr\u00e4nkte Platzzahl im Heine Haus haben werden, haben wir zum ersten Mal auf unserem <strong><a href=\"https:\/\/www.youtube.com\/channel\/UCQglYo-UpGeJ9d_wWVpahLg\" target=\"_blank\" rel=\"noreferrer noopener\">YouTube Kanal\u00bb\u00bb<\/a> <\/strong>einen Live-Stream aller Veranstaltungen angeboten.<\/p>\n\n\n\n<hr class=\"wp-block-separator\"\/>\n\n\n\n<p><strong>Fr. 4.09., 19:30 Uhr<\/strong><br><strong>Mirko Bonn\u00e9 und Viola Rusche<br>lesen Gedichte von Christian Saalberg<br>In der dritten Minute der Morgenr\u00f6te (Sch\u00f6ffling Verlag 2019)<\/strong><br>Buchvorstellung, Gespr\u00e4ch, Filmvorf\u00fchrung<\/p>\n\n\n\n<p>Gru\u00dfwort: Marianne Schirge (Kulturamtsleiterin der Landeshauptstadt D\u00fcsseldorf)<\/p>\n\n\n\n<p>Christian Saalberg, eigentlich Christian Udo Rusche (*1926\u2013 2006)&nbsp; arbeitete in seinem b\u00fcrgerlichen Leben als Rechtsanwalt. Sein \u201azweites Leben\u2018 als Dichter sch\u00fctzte er durch ein Pseudonym, das mit dem gl\u00fccklichsten Ort seiner Kindheit verbunden war. Bei seinem Tod umfasste sein Werk 23 B\u00e4nde. Herausgegeben von Mirko Bonn\u00e9 und Viola Rusche, der Tochter des Dichters, ist nun eine sorgsam komponierte Auswahl von Saalbergs lyrischem Werk erschienen. Es ist die Wiederentdeckung einer ganz gro\u00dfen Gestalt der Gegenwartslyrik. Die Gedichte von Saalberg sind filigran, lebenserfahren, weltzugewandt. Im Heine Haus stellen Viola Rusche und Mirko Bonn\u00e9 sein Werk vor.<br>&nbsp;<em><br>\u00bbSich dem Tod entgegenschreiben ist eine starke, sinnstiftende Triebfeder\u2026&nbsp; Auch das kann man von Christian Saalberg lernen. Wenn alles zu Ende geht, spreche ich noch einmal das Wort ANFANG aus.\u00ab faz.net<\/em><\/p>\n\n\n\n<p><em>Viola Rusche (*1960), Tochter von Christian Rusche, arbeitet als freischaffende bildende K\u00fcnstlerin, Filmemacherin und Cutterin und stellte unter anderem in Berlin, Frankfurt und D\u00fcsseldorf aus.<\/em><\/p>\n\n\n\n<p><em>Mirko Bonn\u00e9 (*1965) ist als Lyriker, Autor, Journalist und \u00dcbersetzer t\u00e4tig. F\u00fcr sein Werk bekam er unter anderem den Marie-Luise-Kaschnitz-Preis, sowie den Rainer-Malkowski-Preis. Seine B\u00fccher wurden in viele Sprachen \u00fcbersetzt, darunter Englisch, Chinesisch und Russisch.<\/em>&nbsp;<\/p>\n\n\n\n<p><strong><a href=\"https:\/\/www.youtube.com\/watch?v=JOLwdrO9qKM\" target=\"_blank\" rel=\"noreferrer noopener\">Die Aufzeichnung des ersten Abends\u00bb\u00bb<\/a><\/strong><em><br><\/em><br>&nbsp;<\/p>\n\n\n\n<hr class=\"wp-block-separator\"\/>\n\n\n\n<p><strong>Sa. 05. 09., 17 Uhr<\/strong><br>&nbsp;<br>Dem diesj\u00e4hrigen kontingenten Thema \u201eErinnerung\u201c entsprechend verleihen die drei Dichter*innen jeweils auch einem verstorbenen Kollegen Ausdruck und Stimme: Marcel Beyer stellt neben eigenen Gedichten auch etwas von Thomas Kling vor ( vor ab zu der von ihm herausgegebenen Gesamtausgabe der Kling-Werke bei Suhrkamp, die im November erscheint und am 12.11. hier einen eigenen \u201aAuftritt\u2019 bekommt), Monika Rinck erinnert in dem Kontext an Pessoa und Nico Bleutge an Inger Christensen.&nbsp;<\/p>\n\n\n\n<p><strong>Marcel Beyer, D\u00e4monenr\u00e4umdienst, Gedichte (Suhrkamp Verlag 2020)<\/strong><br>Moderation: Tobias Lehmkuhl<br>&nbsp;<br><strong>Monika Rinck,&nbsp; Alle T\u00fcren&nbsp; (Kookbooks Verlag 2020),<\/strong><br><strong>Alles mit den H\u00e4nden (M\u00fctze 2\/2020) u.a.<\/strong><br>Moderation: Rudolf M\u00fcller<br>&nbsp;<br><strong>Nico Bleutge, Drei Fliegen. \u00dcber Gedichte (Beck Verlag 2020);<\/strong><br><strong>Den Wiederholungen folgen alfabet\/alphabet (Wunderhorn Verlag&nbsp; 2020)<\/strong><br>Moderation: Christoph Buchwald<br>&nbsp;<\/p>\n\n\n\n<p><em>Marcel Beyer (*1965) wuchs in Kiel und Neuss auf, zog 1996 von K\u00f6ln nach Dresden, wo er bis heute lebt. Er ist Schriftsteller, Lyriker, Essayist und Herausgeber. Seit 1980 schreibt er Gedichte, seit Ende der achtziger Jahre auch Besprechungen und Aufs\u00e4tze zu Literatur, Musik und Bildender Kunst. Marcel Beyer wurde vielfach ausgezeichnet, u.a. mit dem dem D\u00fcsseldorfer Literaturpreis und dem Georg-B\u00fcchner-Preises 2016.<br><\/em><\/p>\n\n\n\n<p><em>Monika Rinck (*1969) ist eine deutsche Dichterin. Sie studierte<br>Religionswissenschaft, Geschichte und Vergleichende Literatur-wissenschaft in Bochum, Berlin und Yale. F\u00fcr ihre literarischen Arbeiten wurde Monika Rinck vielfach ausgezeichnet, u. a. mit dem Kunstpreis Berlin, Literatur 2012, dem Peter-Huchel-Preis 2013, dem Kleist-Preis 2015 und dem Ernst-Jandl-Preis 2017.<br><\/em><\/p>\n\n\n\n<p><em>Nico Bleutge (*1972) ist ein deutscher Dichter. Er studierte Neuere Deutsche Literatur, Allgemeine Rhetorik und Philosophie in T\u00fcbingen. Er lebt in Berlin. Seit 2001 ist er freier Literaturkritiker, unter anderem f\u00fcr die S\u00fcddeutsche Zeitung oder die Neue Z\u00fcrcher Zeitung. Seine Gedichte wurden in zahlreichen Anthologien und Literaturzeitschriften ver\u00f6ffentlicht. 2006 deb\u00fctierte er mit dem Gedichtband \u201eklare konturen\u201c.<\/em><br><em>&nbsp;<br><strong><a href=\"https:\/\/www.youtube.com\/watch?v=rD5eOGG2xjU\" target=\"_blank\" rel=\"noreferrer noopener\">Die Aufzeichnung des zweiten Tags\u00bb\u00bb<\/a><\/strong><\/em><br>&nbsp;<\/p>\n\n\n\n<hr class=\"wp-block-separator\"\/>\n\n\n\n<p><strong>So. 06. 09., 12 Uhr<br>Die drei PoesieDeb\u00fct Preistr\u00e4ger<\/strong><br><strong>Julia Trompeter, Maren Kames, Sebastian Unger.<\/strong><br>&nbsp;<br>Gru\u00dfwort: Hans-Georg Lohe (Kulturdezernent der Landeshauptstadt D\u00fcsseldorf)<\/p>\n\n\n\n<p>Seit 2016 wird im Heine Haus der PoesieDeb\u00fctPreis D\u00fcsseldorf vergeben. Der Preis wird an nationale oder internationale Lyriker und Lyrikerinnen verliehen, deren au\u00dfergew\u00f6hnliches Deb\u00fct in deutscher Sprache oder deutscher \u00dcbersetzung vorliegt. Wir freuen uns in diesem Jahr, dem 10. PoesieFest im Heine Haus alle drei bisherigen Preistr\u00e4ger gemeinsam begr\u00fc\u00dfen zu d\u00fcrfen.<\/p>\n\n\n\n<p><em>Julia Trompeter (*1980) studierte Philosophie, Germanistik und Klassische Literaturwissenschaft in K\u00f6ln und promovierte in Berlin und Bochum. Sie lebt heute in Berlin. F\u00fcr ihr Schaffen erhielt sie u.a. 2014 den F\u00f6rderpreis des Landes NRW. 2016 erhielt sie den PoesieDeb\u00fctPreis D\u00fcsseldorf.<\/em><\/p>\n\n\n\n<p><em>Maren Kames, *1984 in \u00dcberlingen am Bodensee geboren. Sie studierte Kulturwissenschaften, Philosophie und Theaterwissenschaft in T\u00fcbingen und Leipzig, danach am Institut f\u00fcr Literarisches Schreiben in Hildesheim. Sie war Mitherausgeberin der Literaturzeitschrift \u201eBELLA triste\u201d. 2017 erhielt sie den PoesieDeb\u00fctPreis D\u00fcsseldorf. 2019 war sie Stipendiatin der Villa Aurora in Los Angeles, 2020 war sie f\u00fcr den Preis der Leipziger Buchmesse nominiert.<\/em><\/p>\n\n\n\n<p><em>Sebastian Unger, 1978 in Berlin geboren, studierte am Deutschen Literaturinstitut Leipzig und Kulturwissenschaften an der Europa Universit\u00e4t Viadrina. Unger unterrichtete an der Tongji Universit\u00e4t in Shanghai. 2011 gewann er beim Open Mike den Lyrikpreis, 2019 wurde er mit dem Frankfurter Lyrikpreis gew\u00fcrdigt. Sein Deb\u00fct Die Tiere wissen noch nicht Bescheid erschien 2018 im Verlag Matthes &amp; Seitz. 2019 erhielt er den PoesieDeb\u00fctPreis D\u00fcsseldorf.<\/em><\/p>\n\n\n\n<p><strong><a href=\"https:\/\/www.youtube.com\/watch?v=m3iqoUcCq3Y\" target=\"_blank\" rel=\"noreferrer noopener\">Die Aufzeichnung des dritten Tags\u00bb\u00bb<\/a><\/strong><\/p>\n\n\n\n<p>Cees Nooteboom ist ein vielfach ausgezeichneter niederl\u00e4ndischer Schriftsteller. Sein umfangreiches Werk ( das bei Suhrkamp vorliegt) umfasst Romane, Essays , Reiseberichte und Gedichte.<\/p>\n\n\n\n<p><strong>Eintritt:<\/strong><br>Festivalkarte 15,\u2013 EUR<br>Freitag, 06.09., 10,\u2013\/8,\u2013 EUR<br>Samstag, 07.09., 10,\u2013\/8,\u2013 EUR<br>Sonntag, 08.09., 10,\u2013\/8,\u2013 EUR<\/p>\n\n\n\n<p>Begrenztes Platzangebot: Anmeldung zu allen Veranstaltungen per <a href=\"mailto:info@heinehaus.de\">Email\u00bb\u00bb<\/a>.<br><em>Es gelten die zu dem Zeitpunkt der Veranstaltung g\u00fcltigen Hygiene- und Abstandsregelungen der Corona-Verordnungen des Landes NRW.<\/em><br><em>W\u00e4hrend der Veranstaltung werden Fotografien angefertigt, die im Rahmen der internen sowie externen Kommunikation des Heine Hauses ver\u00f6ffentlicht werden k\u00f6nnten. Sollten Sie damit nicht einverstanden sein, geben Sie uns gerne eine R\u00fcckmeldung.<\/em><\/p>\n","protected":false},"excerpt":{"rendered":"<p>04. 09. Fr. \u2013 06. 09. 2020, So.PoesieFest im Heine Haus, das 10. JahrThema: Erinnern Vergessen \u2013 Vergessen Erinnern. Das Programm zum Ausdrucken k\u00f6nnen Sie hier\u00bb\u00bb herunterladen. Da wir in diesem Jahr beim PoesieFest coronabedingt nur eine beschr\u00e4nkte Platzzahl im Heine Haus haben werden, haben wir zum ersten Mal auf unserem YouTube Kanal\u00bb\u00bb einen Live-Stream aller Veranstaltungen angeboten. Fr. 4.09., 19:30 UhrMirko Bonn\u00e9 und Viola Ruschelesen Gedichte von Christian SaalbergIn der dritten Minute der Morgenr\u00f6te (Sch\u00f6ffling Verlag 2019)Buchvorstellung, Gespr\u00e4ch, Filmvorf\u00fchrung Gru\u00dfwort: Marianne Schirge (Kulturamtsleiterin der Landeshauptstadt D\u00fcsseldorf) Christian Saalberg, eigentlich Christian Udo Rusche (*1926\u2013 2006)&nbsp; arbeitete in seinem b\u00fcrgerlichen Leben als Rechtsanwalt. Sein \u201azweites Leben\u2018 als Dichter sch\u00fctzte er durch ein Pseudonym, das mit dem gl\u00fccklichsten Ort seiner Kindheit verbunden&#8230;<\/p>\n","protected":false},"author":1,"featured_media":0,"parent":5344,"menu_order":0,"comment_status":"closed","ping_status":"closed","template":"","meta":{"_mc_calendar":[]},"_links":{"self":[{"href":"https:\/\/www.heinehaus.de\/index.php\/wp-json\/wp\/v2\/pages\/5621"}],"collection":[{"href":"https:\/\/www.heinehaus.de\/index.php\/wp-json\/wp\/v2\/pages"}],"about":[{"href":"https:\/\/www.heinehaus.de\/index.php\/wp-json\/wp\/v2\/types\/page"}],"author":[{"embeddable":true,"href":"https:\/\/www.heinehaus.de\/index.php\/wp-json\/wp\/v2\/users\/1"}],"replies":[{"embeddable":true,"href":"https:\/\/www.heinehaus.de\/index.php\/wp-json\/wp\/v2\/comments?post=5621"}],"version-history":[{"count":3,"href":"https:\/\/www.heinehaus.de\/index.php\/wp-json\/wp\/v2\/pages\/5621\/revisions"}],"predecessor-version":[{"id":5673,"href":"https:\/\/www.heinehaus.de\/index.php\/wp-json\/wp\/v2\/pages\/5621\/revisions\/5673"}],"up":[{"embeddable":true,"href":"https:\/\/www.heinehaus.de\/index.php\/wp-json\/wp\/v2\/pages\/5344"}],"wp:attachment":[{"href":"https:\/\/www.heinehaus.de\/index.php\/wp-json\/wp\/v2\/media?parent=5621"}],"curies":[{"name":"wp","href":"https:\/\/api.w.org\/{rel}","templated":true}]}}