{"id":58,"date":"2010-01-12T15:40:10","date_gmt":"2010-01-12T14:40:10","guid":{"rendered":"http:\/\/heinehaus.de\/wp\/?page_id=58"},"modified":"2010-01-12T15:46:06","modified_gmt":"2010-01-12T14:46:06","slug":"archiv-2006","status":"publish","type":"page","link":"https:\/\/www.heinehaus.de\/index.php\/archive\/archiv-2006\/","title":{"rendered":"Archiv 2006"},"content":{"rendered":"<p><strong> <\/strong><strong>13.12.2006 19:30 Uhr<br \/>\nHier ziehe ich die Schuhe aus<br \/>\nGeschichten zum 60.Geburtstag von Nordrhein-Westfalen. Verlag Ralf Liebe<\/strong><br \/>\nBurkhard Spinnen \u00dcber Grenzen gesprochen<br \/>\n<em>Moderation Manes Meckenstock<\/em><\/p>\n<p><strong>29.11.2006 19:30 Uhr<br \/>\nWalter Homolka und Elias F\u00fcllenbach<br \/>\nLeo Baeck \u2013 eine Skizze seines Lebens<br \/>\nDas Judentum hat viele Gesichter<\/strong><br \/>\nVeranstaltung anl\u00e4\u00dflich des 50.Todestages des j\u00fcdischen Gelehrten Leo Baeck, der im 20. Jahrhundert zu den wichtigsten Vertretern des deutschen liberalen Judentums z\u00e4hlte und von 1907-1912 als Rabbiner in D\u00fcsseldorf wirkte.<br \/>\n<strong>27.11.2006 19:30 Uhr<br \/>\nMarcel Benabou<br \/>\nJacob, Menachem und Mimoun. Ein Familienepos. Berlin Verlag<\/strong><br \/>\nModeration und \u00dcbersetzung Prof. Dr.Hans Siepe, Heinrich-Heine-Universit\u00e4t D\u00fcsseldorf<br \/>\n\u201eMit zwanzig hatte ich den Plan gefasst, f\u00fcr unsere marokkanischen Mellahs das zu schaffen, was anderen so meisterlich f\u00fcr die Ghettos und Stetl Mittel- und Osteuropas gelungen war: ein grandioses Epos, das sich im Wesentlichen um die Geschichte meiner Vorfahren Jacob, Menachem, Mimoun und einiger anderer dreht; eine so vollst\u00e4ndige und wahrhaftige Wiederauferstehung der Vergangenheit dass sich all die Familienclans, die im Laufe der letzten Generation entstanden sind, darin wiedererkennen k\u00f6nnen.&#8220;<\/p>\n<p><strong>26.11.2006<br \/>\nRoger Willemsen<\/strong><strong><br \/>\nAfghanische Reise. S.Fischer Verlag<\/strong><br \/>\n<em>Abschlu\u00dfveranstaltung D\u00fcsseldorf liest ein Buch<\/em><br \/>\nVon Kabul nach Kunduz und durch die Steppe zum legendenumwobenen Oxus, dem Grenzfluss zu Tadschikistan.<br \/>\n<strong>23.11.2006 19:30 Uhr<br \/>\nHier ziehe ich die Schuhe aus<br \/>\nGeschichten zum 60.Geburtstag von Nordrhein-Westfalen<br \/>\nVerlag Ralf Liebe<\/strong><\/p>\n<p><strong><br \/>\n16.11.2006 19:30 Uhr<br \/>\nStefan Weidner<br \/>\nFes. Ammann Verlag<\/strong><br \/>\n<em>In der Reihe Stipendiaten des Landes NRW im Gespr\u00e4ch<\/em><br \/>\nSieben Mal mu\u00df der Pilger die Kaaba umkreisen, in sieben Kapiteln umkreist Stefan Weidner mit seiner neuen, um eigene Fotos erg\u00e4nzten Erz\u00e4hlung die marokkanischen K\u00f6nigsst\u00e4dte Fes und Marrakesch.<br \/>\n<em>Das Gespr\u00e4ch f\u00fchrt Dr. David Eisermann (freier Journalist, Deutschlandfunk, WDR)<br \/>\n<\/em><\/p>\n<p><strong>8.11.2006 19:30 Uhr<br \/>\nHauke Berheide, Michael Langemann, Jan Masanetz,<br \/>\nMalte Mekiffer, Sirin Nah, Manfred Trojahn<br \/>\nan deine blauen augen \/\/ gedenk ich allerw\u00e4rts<\/strong><br \/>\n<em>Konzert mit Heine-Vertonungen<\/em><\/p>\n<p><strong><br \/>\n7.11.2006 19:30 Uhr<br \/>\nCharles Lewinsky<\/strong><strong><br \/>\nMelnitz. Verlag Nagel &amp; Kimche<\/strong><br \/>\n<em>Die leichtf\u00fc\u00dfige Beschreibung durchweg unverwechselbarer Charaktere und der von Trauer grundierte Ton weisen Lewinsky als einen sprachm\u00e4chtigen und klungen Romancier aus. (Kissler, FAZ)<\/em><\/p>\n<p><strong>2.11.2006 19:30 Uhr<br \/>\nRainer Weiss, Siegfried Unseld, Brief an die Autoren<\/strong><br \/>\nRainer Weiss, ehemaliger Programmleiter im Suhrkamp Verlag, liest aus der spannenden Korrespondenz Unselds mit seinen Autoren<\/p>\n<p><strong>29.10.2006 12:00 Uhr Matinee<br \/>\nLucette ter Borg, Das Geschenk aus Berlin Wallstein Verlag<br \/>\nAriella Kornmehl, Der Schmetterlingsmonat Verlag Bloomsbury Berlin<br \/>\nMargriet de Moor, Sturmflut Hanser Verlag<\/strong><br \/>\n<em>In der Reihe: Literatur der Nachbarn<\/em><br \/>\nDie Niederl\u00e4nderinnen kommen \u2013 und lesen aus ihren aktuellen Romanen.<br \/>\n<em>Moderation: Eva Cossee und Christoph Buchwald, Cossee Verlag<\/em><\/p>\n<p><strong><br \/>\n26.10.2006 19:30 Uhr<br \/>\nGerhard R\u00fchm, Sprechduette<\/strong><br \/>\n<em>In der Reihe: Stipendiaten des Landes NRW im Gespr\u00e4ch <\/em><br \/>\nVon Anfang an intermedial orientiert, entwickelte Gerhard R\u00fchm die Dichtung vor allem in Grenzbereichen weiter &#8211; sowohl zur bildenden Kunst als auch zur Musik hin. Der Experimentaldichter tritt heute mit seiner Frau Monika Lichtenfeld auf.<br \/>\n<em>Moderation und Gespr\u00e4ch: Martin Krumbholz (NZZ)<\/em><\/p>\n<p><strong><br \/>\n25.10.2006 19:30 Uhr<br \/>\nVadim Glowna<br \/>\nDer Geschichtenerz\u00e4hler. Erinnerungen<\/strong>. <strong>Ullstein Verlag<\/strong><br \/>\nVadim Glowna, Regisseur, Produzent, Schauspieler, markanter Kopf mit nicht minder markanter Stimme, ist gerade 65 geworden. Zeit f\u00fcr eine Autobiografie, in der es um Gro\u00dfes geht: Film und Theater, Liebe und Erotik.<\/p>\n<p><strong>22.10.2006<\/strong>, <strong>11:00 Uhr <\/strong><br \/>\n<strong>Matinee<br \/>\nLisa Schnell, Et tamen spero &#8211; und dennoch hoffe ich.<\/strong><br \/>\nEin Vortrag im Gedenken an Susanne Jung. Anl\u00e4sslich ihres 45. Todestages<\/p>\n<p><strong><br \/>\n3.10.2006<\/strong>, <strong>19:30 Uhr <\/strong><br \/>\n<strong>Cees Nooteboom (Texte) und Simone Sassen (Fotos)<\/strong><br \/>\nTumbas, ein Buch \u00fcber Gr\u00e4ber ber\u00fchmter Schriftsteller und Denker. Verlag Schirmer\/Mosel<\/p>\n<p><strong>28.9.2006<\/strong>, <strong>19:30 Uhr <\/strong><br \/>\n<strong>Hubert Winkels, Rainer Merkel. Kritiker und Schriftsteller<br \/>\n<em>im Gespr\u00e4ch zum Thema:<\/em><\/strong><em><strong>\u201eArbeitswelt&#8220;<\/strong><br \/>\nIn der Reihe: Offen gesagt.<\/em><br \/>\nRainer Merkels witziger und bissiger Roman : Das Jahr der Wunder (Fischer Verlag) zeichnet ein Bild vom Traum der sch\u00f6nen, neuen Arbeitswelt Winkels lebt in D\u00fcsseldorf und arbeitet als Litaraturredakteur und Kritiker u.a. f\u00fcr den Deutschlandfunk und DIE ZEIT.<\/p>\n<p><strong><br \/>\n25.9.2006<\/strong>, <strong>20:00 Uhr <\/strong><br \/>\n<strong>An den deutschen Mond.<br \/>\nRevised german folk songs. Band: \u201earbeit\u201d<\/strong><br \/>\nEin aktueller Beitrag zum Thema \u201eVolkslied in neuem Gewand\u201d.<\/p>\n<p><strong><br \/>\n21.9.2006<\/strong>, <strong>19:30 Uhr <\/strong><br \/>\n<strong>Oskar Pastior, Gabriele Hasler und Roger Hanschel<br \/>\nFr\u00f6sche und Teebeutel, CD, Foolish Music<br \/>\n<\/strong><em>In der Reihe Sprachmusik.<\/em><br \/>\nOskar Partior, der diesj\u00e4hrige B\u00fcchnerpreistr\u00e4ger, tritt hier zusammen mit der Jazzs\u00e4ngerin Gabriele Hasler und dem Altsaxophonisten Roger Hanschel als Trio auf.<\/p>\n<p><strong>20.9.2006<\/strong>, <strong>19:30 Uhr <\/strong><br \/>\n<strong>Nives Widauer zeigt ihren Film \u201eDie Waldeinsamkeit\u201d nach dem Gedicht von Heinrich Heine und stellt ihr neues Buch \u201eMeteoriten \u2013 was von au\u00dfen auf uns einst\u00fcrzt\u201d (Niggli Verlag) vor.<\/strong><br \/>\n<em>In der Reihe: Literatur der Nachbarn.<\/em><br \/>\nO, sch\u00f6ne Zeit! Wo voller Geigen\/\/Der Himmel hing, wo Elfenreigen\/\/Und Nixentanz und Koboldscherz\/\/Umgaukelt mein m\u00e4rchentrunkenes Herz!<br \/>\nSo Heine in seinem Gedicht, das von der K\u00fcnstlerin Nives Widauer mit Wolfram Berger als Sprecher\/Heine kongenial als Film umgesetzt wurde.<br \/>\nAls Herausgeberin des Buches \u00fcber die Meteoriten, versammelt sie Autoren von Gernot und Hartmut B\u00f6hme bis Peter Sloterdijk und Karl Valentin zu einer wunderbaren Anthologie \u00fcber das, \u201ewas von au\u00dfen auf uns einst\u00fcrz\u201d.<\/p>\n<p><strong>17.9.2006<\/strong>, <strong>19:30 Uhr <\/strong><br \/>\n<strong>Manfred Trojahn, Schriften zur Musik, Stroemfeld Verlag<\/strong><br \/>\n<em>In der Reihe Zeitzeugen.<\/em><br \/>\nDer Komponist -mit Professur an der Robert-Schumann Musikhochschule in D\u00fcsseldorf- Manfred Trojahn gibt uns Einblick in sein Denken.<\/p>\n<p><strong>14.9.2006, 19:30 Uhr<br \/>\nJavier Salinas, E, Roman, Ammann Verlag<\/strong><em><br \/>\nIn der Reihe: Stipendiaten des Landes NRW im Gespr\u00e4ch.<\/em><br \/>\nWer ist E ? Wenn er das nur selber w\u00fc\u00dfte&#8230; Salinas, geboren 1972 in Bilbao, lebt in Madrid und K\u00f6ln.<\/p>\n<p><strong>13.9.2006<\/strong>, <strong>19:30 Uhr <\/strong><br \/>\n<strong>Peter Stamm, An einem Tag wie diesem, Roman, Fischer Verlag<\/strong><br \/>\n<em>In der Reihe: Literatur der Nachbarn. <\/em><br \/>\nPeter Stamm erz\u00e4hlt von der Liebesunf\u00e4higkeit und dem brennenden Verlangen nach dem gro\u00dfen Gef\u00fchl, er erz\u00e4hlt von der Wirklichkeit, die wie ein Traum vergeht, bis man sein Leben selbst in die Hand nimmt.<\/p>\n<p><strong><br \/>\n10.9.2006 11.00 Uhr<br \/>\nJ\u00f6rg Hilbert<br \/>\nRitter Rost geht zur Schule. Terzio Verlag<\/strong><br \/>\n<em>In der Reihe Junge Lesung.<\/em><br \/>\nAuch der Autor und Zeichner von Ritter Rost ist mal zur Schule gegangen. Und der Ritter selbst? Als Mitglied der Tafelrunde muss \u201eR\u00f6sti\u201d im achten Band des Kindermusicals lernen wie viel 1 + 1 ergibt. Die Burgfrau B\u00f6 und der Drache Koks helfen ihm dabei. Die Matin\u00e9e ist f\u00fcr schlaue Leute ab vier Jahren.<\/p>\n<p><strong>8.9.2006 19.30 Uhr<br \/>\nErnst Schumacher<br \/>\nMein Brecht. Erinnerungen. Henschel Verlag<\/strong><br \/>\n<em>In der Reihe Zeitzeugen.<\/em><br \/>\nDie Erinnerungen eines der letzten gro\u00dfen Zeugen sind ein Meisterwerk pers\u00f6nlicher R\u00fcckschau, aufrichtig, kritisch, fesselnd.<\/p>\n<p><strong>29.8.2006 19.30 Uhr<br \/>\nMartin Mosebach<br \/>\nDas Beben, Roman. Hanser Verlag<\/strong><br \/>\n<em>In der Reihe Neue deutsche Literatur<\/em><br \/>\nEs beginnt mit einer Liebesgeschichte im modernen Europa und endet mit einer Flucht in eine andere Welt.<\/p>\n<p><strong>23.8.2006 19.30 Uhr<br \/>\nChristina Griebel<br \/>\nWenn es regnet, dann regnet es immer gleich auf den Kopf. Erz\u00e4hlungen. Fischer Verlag<\/strong><br \/>\n<em>In der Reihe Neue deutsche Literatur.<\/em><br \/>\n\u201eDie Welt legte sich schr\u00e4g und drehte sich ein bi\u00dfchen falsch herum.\u201d<\/p>\n<p><strong>21.6.2006 19:30 Uhr<br \/>\nInka Parei<br \/>\nWas Dunkelheit war. Verlag Sch\u00f6ffling &amp; Co.<\/strong><br \/>\n<em>In der Reihe Neue deutsche Literatur<\/em><br \/>\n\u201eIch m\u00f6chte das Buch lesen, ich finde den Text wunderbar. Da stimmt alles.\u201d, sagte Norbert Miller in Klagenfurt, als Inka Parei aus ihrem Buch las und daf\u00fcr mit dem Ingeborg-Bachmann-Preis ausgezeichnet wurde.<\/p>\n<p><strong>12.6.2006 19:30<br \/>\nBernd Cailloux<br \/>\nDas Gesch\u00e4ftsjahr 1968\/69. Suhrkamp Verlag<\/strong><br \/>\n<em>In der Reihe Neue deutsche Literatur<\/em><br \/>\nMit pr\u00e4ziser Lakonie zeigt Bernd Cailloux die 68er in grellem, aber um so realistischerem Licht.<\/p>\n<p><strong>8.6.2006 19:30 Uhr<br \/>\nDurs Gr\u00fcnbein.<br \/>\nDer B\u00fcchnerpreistr\u00e4ger liest aus seinem Werk.<\/strong><br \/>\n<em>In der Reihe Neue deutsche Literatur<\/em><\/p>\n<p><strong>21.5.2006 12:00 Uhr (Matinee)<br \/>\nUrs Widmer<br \/>\nEin Leben als Zwerg. Diogenes Verlag.<\/strong><br \/>\n<em>In der Reihe Literatur der Nachbarn<\/em><br \/>\nAuch ein Zwergenleben kennt Katastrophen &#8211; und unverhofftes Wiedersehensgl\u00fcck.<\/p>\n<p><strong>10.5.2006 19:30 Uhr<br \/>\nGeorg Jappe<br \/>\nAufenthalte \u2013 ein Haibun. Matto Verlag<\/strong><br \/>\n<em>Dem Ornithopoeten Georg Jappe zum 70. Geburtstag<br \/>\nEin Haikubuch ersten Ranges.<\/em><\/p>\n<p><strong>4.5.2006 19:30 Uhr<br \/>\nMarcel Beyer, Verge\u00dft mich<br \/>\nDuMont Verlag.<\/strong><br \/>\n<em>In der Reihe Neue deutsche Literatur<\/em><br \/>\nVerge\u00dft mich ist eine Erz\u00e4hlung in Bildern und Fantasien, Erinnerungen an ein letztes Telefonat und wie hinterher gerufen: Verge\u00dft mich, drei Silben, und aus weiter Ferne: Verge\u00dft mich.<\/p>\n<p><strong>3.5.2006 19:30 Uhr<br \/>\nPeter Philipp und Jens Pr\u00fc\u00df<\/strong><br \/>\n<em>in der Reihe N\u00e4he und Ferne.<\/em><\/p>\n<p><strong><br \/>\n28.4.2006 19:30 Uhr<br \/>\nLars Brandt<br \/>\nAndenken. Hanser Verlag<\/strong><\/p>\n<p><strong><br \/>\n23.4.2006 11:00 Uhr, Matinee<br \/>\nGeorg Stefan Troller<br \/>\nIhr Unvergesslichen. 22 starke Begegnungen. Artemis &amp; Winkler<\/strong><\/p>\n<p><strong><br \/>\n19.4.2006 19:30 Uhr<br \/>\nEnrik Lauer und Regine M\u00fcller<br \/>\nMozart und die Frauen. L\u00fcbbe<\/p>\n<p><\/strong><\/p>\n<p><strong>13.4.2006<br \/>\nBeckett Tag\/Nacht<br \/>\nDen 100.Geburtstag Becketts werden wir gemeinsam mit dem D\u00fcsseldorfer Schauspielhaus und dem Kulturamt der Landeshauptstadt D\u00fcsseldorf unter dem Titel \u201eBeckett Tag\/Nacht\u201c feiern. Dazu laden wir Sie ins Heine Haus herzlich ein.<\/strong><br \/>\n15.30 Uhr<br \/>\nEndspiel, St\u00fcckauff\u00fchrung, Schauspieler:Alexander Ebeert und Till Firit<br \/>\n19.30 Uhr<br \/>\nMirlitonnades\/Tr\u00f6tent\u00f6ne, Barbara K\u00f6hler stellt ihre neue \u00dcbersetzung vor.<br \/>\nAndr\u00e9 Bernold, Becketts Freundschaft, \u00fcbersetzt von Ulrich Krafft, Berenberg Verlag, der Autor erz\u00e4hlt von seiner Freundschaft mit Beckett, \u00dcbersetzer und Verleger stellen das Buch vor.<br \/>\n23.30 Uhr<br \/>\nTritte, St\u00fcckauff\u00fchrung, Schauspielerinnen: Marianne Hoika und Lisa Schell, mit musikalischer Begleitung von Bernd Wiesemann<br \/>\n24.00 Uhr Ende<\/p>\n<p><strong>6.4.2006 19:30 Uhr<br \/>\nZsuzsa Bank<br \/>\nHei\u00dfester Sommer. Erz\u00e4hlungen. Fischer Verlag<\/strong><\/p>\n<p><strong>30.3.2006 19.30 Uhr<br \/>\nPaul Nolte<br \/>\nRiskante Moderne. Beck Verlag<\/strong><\/p>\n<p><strong>26.3.2006 11:00 Uhr<br \/>\nMartin Baltscheit Die Elefantenwahrheit<\/strong><br \/>\ngemeinsam mit dem Musiker Peter Riese und dem Illustrator Christoph Mett.<\/p>\n<p><strong>19.02.2006 12:00 Uhr<br \/>\nEr\u00f6ffnung des Heine Hauses<br \/>\nMatinee: Christian Br\u00fcckner liest Deutschland ein Winterm\u00e4rchen<br \/>\n14:00 Uhr: Arte Themenfilm Heine Wir haben alles mitgetr\u00e4umt Dokumentation von David Wittenberg (Dauer 52 Minuten)<br \/>\nAnschlie\u00dfend: offenes Haus bis 18:00 Uhr<\/strong><\/p>\n<p><strong>18.02.2006 ab 16:00 Uhr<br \/>\nEr\u00f6ffnung des Heine Hauses<br \/>\nEr\u00f6ffnungsrede von Klaus Wagenbach<br \/>\nAnschlie\u00dfend: Lesungen mit Peter Bichsel, Oswald Egger, Wilhelm Genazino, Durs Gr\u00fcnbein, Georg Klein, Barbara K\u00f6hler, Birgit Vanderbeke und Yoko Tawada.<\/strong><\/p>\n<p><strong>06.02.06 19:30 Uhr<br \/>\nDaniel Kehlmann Die Vermessung der Welt<\/strong><\/p>\n","protected":false},"excerpt":{"rendered":"<p>13.12.2006 19:30 Uhr Hier ziehe ich die Schuhe aus Geschichten zum 60.Geburtstag von Nordrhein-Westfalen. Verlag Ralf Liebe Burkhard Spinnen \u00dcber Grenzen gesprochen Moderation Manes Meckenstock 29.11.2006 19:30 Uhr Walter Homolka und Elias F\u00fcllenbach Leo Baeck \u2013 eine Skizze seines Lebens Das Judentum hat viele Gesichter Veranstaltung anl\u00e4\u00dflich des 50.Todestages des j\u00fcdischen Gelehrten Leo Baeck, der im 20. Jahrhundert zu den wichtigsten Vertretern des deutschen liberalen Judentums z\u00e4hlte und von 1907-1912 als Rabbiner in D\u00fcsseldorf wirkte. 27.11.2006 19:30 Uhr Marcel Benabou Jacob, Menachem und Mimoun. Ein Familienepos. Berlin Verlag Moderation und \u00dcbersetzung Prof. Dr.Hans Siepe, Heinrich-Heine-Universit\u00e4t D\u00fcsseldorf \u201eMit zwanzig hatte ich den Plan gefasst, f\u00fcr unsere marokkanischen Mellahs das zu schaffen, was anderen so meisterlich f\u00fcr die Ghettos und Stetl Mittel-&#8230;<\/p>\n","protected":false},"author":1,"featured_media":0,"parent":23,"menu_order":0,"comment_status":"closed","ping_status":"open","template":"","meta":{"_mc_calendar":[]},"_links":{"self":[{"href":"https:\/\/www.heinehaus.de\/index.php\/wp-json\/wp\/v2\/pages\/58"}],"collection":[{"href":"https:\/\/www.heinehaus.de\/index.php\/wp-json\/wp\/v2\/pages"}],"about":[{"href":"https:\/\/www.heinehaus.de\/index.php\/wp-json\/wp\/v2\/types\/page"}],"author":[{"embeddable":true,"href":"https:\/\/www.heinehaus.de\/index.php\/wp-json\/wp\/v2\/users\/1"}],"replies":[{"embeddable":true,"href":"https:\/\/www.heinehaus.de\/index.php\/wp-json\/wp\/v2\/comments?post=58"}],"version-history":[{"count":1,"href":"https:\/\/www.heinehaus.de\/index.php\/wp-json\/wp\/v2\/pages\/58\/revisions"}],"predecessor-version":[{"id":59,"href":"https:\/\/www.heinehaus.de\/index.php\/wp-json\/wp\/v2\/pages\/58\/revisions\/59"}],"up":[{"embeddable":true,"href":"https:\/\/www.heinehaus.de\/index.php\/wp-json\/wp\/v2\/pages\/23"}],"wp:attachment":[{"href":"https:\/\/www.heinehaus.de\/index.php\/wp-json\/wp\/v2\/media?parent=58"}],"curies":[{"name":"wp","href":"https:\/\/api.w.org\/{rel}","templated":true}]}}