{"id":5835,"date":"2020-12-01T12:05:39","date_gmt":"2020-12-01T11:05:39","guid":{"rendered":"http:\/\/relaunch.heinehaus.de\/?page_id=5835"},"modified":"2020-12-01T12:30:18","modified_gmt":"2020-12-01T11:30:18","slug":"archiv-2020","status":"publish","type":"page","link":"https:\/\/www.heinehaus.de\/index.php\/archive\/archiv-2020\/","title":{"rendered":"Archiv 2020"},"content":{"rendered":"\n<h2>Unsere Veranstaltungen im Herbst 2020<\/h2>\n\n\n\n<p><strong><strong>+++<\/strong><\/strong> <strong>Literaturkurs im Heine Haus: Lesen bei M\u00fcller &amp; B\u00f6hm<\/strong> Jean-Philippe Toussaint, Der USB Stick (Frankfurter Verlagsanstalt)<strong>, <\/strong>mit Heinz Norbert Jocks<strong> +++<\/strong> <\/p>\n\n\n\n<p><strong>+++<\/strong> <strong>Fr, 4. bis So, 6. Sept 2020: PoesieFest im Heine Haus. Das 10. Jahr.<\/strong> Mit Viola Rusche und Mirko Bonn\u00e9 (zu Christian Saalberg 1926 \u2013 2006), Marcel Beyer, Monika Rinck, Nico Bleutge, Julia Trompeter, Maren Kames, Sebastian Unger u.a. <strong>+++<\/strong> <strong><a href=\"https:\/\/www.heinehaus.de\/index.php\/poesiefest\/poesiefest-2020-das-10-jahr\/\">mehr<\/a><\/strong><\/p>\n\n\n\n<p><strong>+++ Die Video-Aufzeichnungen des PoesieFests 2020 k\u00f6nnen Sie<a rel=\"noreferrer noopener\" href=\"https:\/\/www.youtube.com\/channel\/UCQglYo-UpGeJ9d_wWVpahLg\" target=\"_blank\"> auf unserem YouTube Kanal\u00bb\u00bb<\/a> anschauen. +++<\/strong><\/p>\n\n\n\n<p> <strong>+++<\/strong> <strong>Di. 08. Sept 2020, David Grossman.<\/strong> <strong>Was Nina wusste. (Hanser Verlag)<\/strong> Autorenlesung in der Reihe <em>Literatur der Nachbarn<br>Die Lesereise mit David Grossman ist coranabedingt komplett vom Hanser Verlag abgesagt worden, d.h. die Veranstaltung ist entfallen. Sollte es in 2021 einen Ersatztermin geben, werden wir selbstverst\u00e4ndlich dar\u00fcber an dieser Stelle informieren. <\/em><strong>+++<\/strong> <strong><a href=\"https:\/\/www.heinehaus.de\/index.php\/2020\/07\/30\/david-grossman-2\/\">mehr<\/a><\/strong><\/p>\n\n\n\n<p><strong>+++<\/strong> <strong>Mi 09. Sept 2020, Peter Stamm.<\/strong> <strong>Warum wir vor der Stadt wohnen (Illustriert von Jutta Bauer. Fischer Verlag)<\/strong> Im Rahmen vom <em>Literarischen Sommer 2020 <strong>+++<\/strong> <\/em><strong><a href=\"https:\/\/www.heinehaus.de\/index.php\/2020\/07\/30\/peter-stamm-warum-wir-vor-der-stadt-wohnen\/\">mehr<\/a><\/strong><em><br><\/em><a href=\"https:\/\/www.heinehaus.de\/index.php\/2020\/07\/31\/peter-stamm-warum-wir-vor-der-stadt-wohnen\/\"><strong><br><\/strong><\/a><strong><strong>+++<\/strong>Sa 19. Sept 2020, Herta M\u00fcller. Die Collagen.<\/strong> Eine Kooperationsveranstaltung mit dem Heinrich-Heine-Institut <strong><strong>+++<\/strong><\/strong> <strong><a href=\"https:\/\/www.heinehaus.de\/index.php\/2020\/07\/24\/herta-mueller-die-collagen\/\">mehr<\/a><\/strong><\/p>\n\n\n\n<p><strong><strong>+++<\/strong><\/strong> <strong>Do 24. Sept 2020, Ulf K., Alan C. Wilder \u00a0Ltd.: Die Br\u00fccke der toten Hunde (Carlsen)<\/strong> Veranstaltung in der Reihe <em>Literaturhaus Heine f\u00fcr Gro\u00dfe und Kleine<\/em> <strong>+++<\/strong> <\/p>\n\n\n\n<p><strong><strong>+++<\/strong>Fr. 16.\u2009Okt. 2020, 19:30 Uhr<\/strong> <strong>Jean-Philippe Toussaint.<\/strong> <strong>Der USB-Stick. (Frankfurter Verlagsanstalt)<\/strong><br>Autorenlesung in der Reihe <em>Literatur der Nachbarn<\/em><br><em>in Zusammenarbeit mit der Vertretung von Ostbelgien, der F\u00f6deration Wallonie-Br\u00fcssel und der Wallonie in Berlin \u2013 en collaboration avec la D\u00e9l\u00e9gation de la Communaut\u00e9 germanophone, de la F\u00e9d\u00e9ration Wallonie-Bruxelles et de la Wallonie \u00e0 Berlin <strong><strong>+++<\/strong><\/strong><\/em> <strong><a href=\"https:\/\/www.heinehaus.de\/index.php\/2020\/10\/02\/jean-philippe-toussaint-der-usb-stick\/\">mehr<\/a><\/strong><\/p>\n\n\n\n<p><strong><strong>+++<\/strong><\/strong> <a rel=\"noreferrer noopener\" href=\"https:\/\/www.youtube.com\/watch?v=rUmf9YBYjIg&amp;feature=youtu.be\" target=\"_blank\"><strong>Zum<\/strong> <strong>Stream der Veranstaltung mit Jean-Philippe Toussaint\u00bb\u00bb<\/strong><\/a> <strong><strong>+++<\/strong><\/strong><\/p>\n\n\n\n<p><strong><strong>+++<\/strong><\/strong> <strong>Sa 17. Okt. 2020, 16 Uhr Martin Baltscheit.<\/strong>, <strong>Geschichte vom L\u00f6wen, der nicht schlafen konnte. (BELTZ)<\/strong> Leseshow in der Reihe<em> Literaturhaus Heine f\u00fcr Gro\u00dfe und Kleine <strong><strong>+++<\/strong><\/strong> <\/em><strong><a href=\"https:\/\/www.heinehaus.de\/index.php\/2020\/10\/07\/martin-baltscheit-geschichte-vom-loewen-der-nicht-schlafen-konnte\/\">mehr<\/a><\/strong><em><br><\/em><\/p>\n\n\n\n<p><strong><strong>+++<\/strong><\/strong> <strong>Mo 26. Okt. 2020, Space Poetry. Durs Gr\u00fcnbein.<\/strong> Kooperationsveranstaltung mit der Gesellschaft f\u00fcr Kultur und Raumfahrt e.V. <strong><strong>+++<\/strong><\/strong> <strong><a href=\"https:\/\/www.heinehaus.de\/index.php\/2020\/10\/08\/durs-gruenbein-space-poetry\/\">mehr<\/a><\/strong><br><\/p>\n\n\n\n<div style=\"height:100px\" aria-hidden=\"true\" class=\"wp-block-spacer\"><\/div>\n\n\n\n<h2>Unsere Veranstaltungen April, Mai 2020<\/h2>\n\n\n\n<p><strong>+++ Jan Philipp Reemtsma<\/strong> erz\u00e4hlt in seinem ersten, von Nikolaus Heidelbach illustrierten Kinderbuch eine spannende, r\u00fchrende und tolldreiste Geschichte von Kurtpeter, einem Jungen der sein Liebstes verloren hat. Am<strong> 2. April<\/strong> im Heine Haus <strong>+++ <a href=\"https:\/\/www.heinehaus.de\/index.php\/2020\/03\/19\/jan-philipp-reemtsma-nikolaus-heidelbach\/\">mehr<\/a><\/strong><\/p>\n\n\n\n<p><strong>+++<\/strong> In <strong>Hanns Zischlers<\/strong> Roman kommen eine alte und eine junge Frau zusammen, und erz\u00e4hlen einander: von ihren Reisen, dem Leben und der Liebe. Der Autor und Schauspieler sagt, Schreiben sei die gr\u00f6\u00dfte Herausforderung. <strong>7. April&nbsp; +++ <a href=\"https:\/\/www.heinehaus.de\/index.php\/2020\/03\/19\/hanns-zischler-der-zerrissene-brief-galiani-verlag\/\">mehr<\/a><\/strong><\/p>\n\n\n\n<p><strong>+++ Alexander Nitzberg<\/strong> verleiht der Lakonie in <strong>Puschkins<\/strong> <em>Pique Dame<\/em> einen neuen Klang. <strong>Kat Menschik<\/strong> zeichnet dazu einen komisch-gruseligen Reigen aus Spielkartenfiguren.<strong> 21. April +++ <a href=\"https:\/\/www.heinehaus.de\/index.php\/2020\/03\/19\/alexander-nitzberg-uebersetzer-alexander-puschkin\/\">mehr<\/a><\/strong><\/p>\n\n\n\n<p><strong>+++<\/strong> Die Schauspielerin<strong> Claudia H\u00fcbbecker<\/strong> bestreitet in diesem Jahr die zweite <strong>Auslese<\/strong> in der Kunstsammlung NRW. Am<strong> 3. Mai +++ <a href=\"https:\/\/www.heinehaus.de\/index.php\/2020\/03\/19\/auslese_claudia_huebbecker\/\">mehr<\/a><\/strong><\/p>\n\n\n\n<p><strong>Monika Helfers<\/strong> neuer Roman <em>Die Bagage<\/em> ist eine ber\u00fchrende Geschichte von Herkunft und Familie. Sie liest daraus am<strong> 14. Mai<\/strong> im Heine Haus <strong>+++ <a href=\"https:\/\/www.heinehaus.de\/index.php\/2020\/03\/19\/monika-helfer-die-bagage\/\">mehr<\/a><\/strong><\/p>\n\n\n\n<p><strong>+++<\/strong> Eine geschlossene Veranstaltung f\u00fcr Schulen am<strong> 20. Mai<\/strong> mit <strong>Kenneth Oppel<\/strong> und <strong>Marian Funk.<\/strong> Nach einem starken Regenfall taucht \u00fcberall schwarzes Gras auf, dessen Herkunft sich niemand erkl\u00e4ren kann. <strong>+++<a href=\"https:\/\/www.heinehaus.de\/index.php\/2020\/03\/19\/kenneth-oppel-bloom-beltz-verlag\/\"> mehr<\/a><\/strong><\/p>\n\n\n\n<p><strong>+++<\/strong> Wie wird ein aufrechter B\u00fcchermensch zum Reaktion\u00e4r \u2013 oder zum Revoluzzer? Eine aufw\u00fchlende Geschichte \u00fcber uns alle erz\u00e4hlt<strong> Ingo Schulze<\/strong> in seinem neuen Buch<em> Die rechtschaffenen M\u00f6rder<\/em>. Am <strong>25. Mai +++ <a href=\"https:\/\/www.heinehaus.de\/index.php\/2020\/03\/19\/ingo-schulze-die-rechtschaffenen-moerder\/\">mehr<\/a><\/strong><\/p>\n\n\n\n<div style=\"height:100px\" aria-hidden=\"true\" class=\"wp-block-spacer\"><\/div>\n\n\n\n<h2>Unsere Veranstaltungen Februar, M\u00e4rz 2020<\/h2>\n\n\n\n<p><strong>+++<\/strong> Die \u00f6sterreichische Schriftstellerin, \u00dcbersetzerin und Journalistin <a href=\"https:\/\/www.heinehaus.de\/index.php\/2020\/01\/10\/auslese-erika-fischer\/\"><strong>Erica Fischer<\/strong> <\/a>bestreitet in diesem Jahr die erste Veranstaltung der Reihe \u00bbAuslese \u2013 B\u00fccher f\u00fcr die Sammlung\u00ab in der Kunstsammlung NRW. <strong>Am 2. Februar +++ <a href=\"https:\/\/www.heinehaus.de\/index.php\/2020\/01\/10\/auslese-erika-fischer\/\" target=\"_blank\" rel=\"noreferrer noopener\">mehr<\/a><\/strong><\/p>\n\n\n\n<p><strong>+++&nbsp;<a href=\"https:\/\/www.heinehaus.de\/index.php\/2020\/01\/10\/delius2020\/\"> Friedrich Christian Delius<\/a><\/strong> liest aus seinem neuen widerborstigen, pointierten, hochpolitischen und hellsichtigen Roman <em>Wenn die Chinesen R\u00fcgen kaufen, dann denkt an mich<\/em> am <strong>11. Februar +++ <a href=\"https:\/\/www.heinehaus.de\/index.php\/2020\/01\/10\/delius2020\/\">mehr<\/a><\/strong><\/p>\n\n\n\n<p><strong>+++ <a href=\"https:\/\/www.heinehaus.de\/index.php\/2020\/01\/27\/katharina-hacker-2\/\"><strong>Katharina Hacker <\/strong><\/a><\/strong>liest in der Reihe <em>Neue deutsche Literatur<\/em> aus&nbsp; ihren <em>Minutenessays<\/em> im Heine Haus . Am<strong> Mittwoch 26. Februar +++ <a href=\"https:\/\/www.heinehaus.de\/index.php\/2020\/01\/27\/katharina-hacker-2\/\">mehr<\/a><\/strong><\/p>\n\n\n\n<p>+++ Schiefer, dem vielgestaltigen, wandlungsf\u00e4higen Sedimentgestein, und den Slate Islands, einem kleinen Archipel vor der Westk\u00fcste Schottlands, ist<a href=\"https:\/\/www.heinehaus.de\/index.php\/2020\/01\/10\/esther-kinsky\/\"><strong> Esther Kinskys<\/strong> <\/a>neues Buch gewidmet. Sie kommt am<strong> 9. M\u00e4rz<\/strong> ins Heine Haus. <strong>+++<\/strong><a href=\"https:\/\/www.heinehaus.de\/index.php\/2020\/01\/10\/esther-kinsky\/\"><strong> mehr<\/strong><\/a><\/p>\n\n\n\n<p><strong>+++<\/strong> Eine Veranstaltung f\u00fcr Schulen: Die schwedische Kinderbuchautorin <a href=\"https:\/\/www.heinehaus.de\/index.php\/2020\/01\/10\/rose-lagercrantz\/\"><strong>Rose Lagercrantz<\/strong><\/a> stellt ihr neues Buch<em> So gl\u00fccklich wie noch nie<\/em> vor. Am <strong>11. M\u00e4rz +++<a href=\"https:\/\/www.heinehaus.de\/index.php\/2020\/01\/10\/rose-lagercrantz\/\"> mehr<\/a><\/strong><\/p>\n\n\n\n<p><strong>+++<\/strong> M\u00fchelos verwebt <a href=\"https:\/\/www.heinehaus.de\/index.php\/2020\/01\/10\/waterdrinker\/\"><strong>Pieter Waterdrinker<\/strong><\/a> in seinem Buch <em>Tschaikowskistra\u00dfe 40<\/em> die Geschichte Russlands mit seiner eigenen, l\u00e4sst Vergangenes und Gegenw\u00e4rtiges ineinanderflie\u00dfen. Er liest daraus am<strong> 16. M\u00e4rz +++ <a href=\"https:\/\/www.heinehaus.de\/index.php\/2020\/01\/10\/waterdrinker\/\">mehr<\/a><\/strong><\/p>\n\n\n\n<p><strong>+++<a href=\"https:\/\/www.heinehaus.de\/index.php\/2020\/01\/10\/aris-fioretos\/\"> Aris Fioretos<\/a><\/strong> erz\u00e4hlt in seinem neuen Roman die faszinierende Geschichte einer deutschen Flugpionierin Nelly B. im Berlin der zwanziger Jahre.<strong>+++<a href=\"https:\/\/www.heinehaus.de\/index.php\/2020\/01\/10\/aris-fioretos\/\"> mehr<\/a><\/strong><\/p>\n\n\n\n<p>+++Am <strong>23. M\u00e4rz<\/strong> stellt die kamerunische Autorin <a href=\"https:\/\/www.heinehaus.de\/index.php\/2020\/02\/27\/hemley-boum\/\"><strong>Hemley Boum<\/strong><\/a> ihren Roman <em>Gesang f\u00fcr die Verlorenen<\/em> vor+++<strong><a href=\"https:\/\/www.heinehaus.de\/index.php\/2020\/02\/27\/hemley-boum\/\"> mehr<\/a><\/strong><\/p>\n\n\n\n<div style=\"height:100px\" aria-hidden=\"true\" class=\"wp-block-spacer\"><\/div>\n\n\n\n<h2>Unsere Veranstaltungen im Januar 2020<\/h2>\n\n\n\n<p><strong>+++ Raoul Schrott <\/strong>erz\u00e4hlt die Geschichte von dem Deutschen Kanonier Juan Alemann, der vor 500 Jahren mit Magellans Flotte zu den Gew\u00fcrzinseln aufbrach \u2013 ins v\u00f6llig Ungewisse. Am<strong> 23. Januar<\/strong> liest der Autor aus seinem neuen Buch.<strong> +++ <a href=\"https:\/\/www.heinehaus.de\/index.php\/2019\/10\/14\/raoul-schrott-3\/\">mehr<\/a><\/strong><\/p>\n\n\n\n<p><strong>+++<\/strong>\u00a0 Mit gro\u00dfer Intensit\u00e4t erz\u00e4hlt <strong>Norbert Scheuer<\/strong> einf\u00fchlsam, pr\u00e4zise und spannend von einer Welt, die gepr\u00e4gt ist\u00a0 von dem Wunsch nach einer friedlichen Zukunft. Er liest aus seinem Buch Winterbienen am<strong> 27. Januar +++ <a href=\"https:\/\/www.heinehaus.de\/index.php\/2019\/10\/14\/norbert-scheuer-3\/\">mehr<\/a><\/strong><\/p>\n","protected":false},"excerpt":{"rendered":"<p>Unsere Veranstaltungen im Herbst 2020 +++ Literaturkurs im Heine Haus: Lesen bei M\u00fcller &amp; B\u00f6hm Jean-Philippe Toussaint, Der USB Stick (Frankfurter Verlagsanstalt), mit Heinz Norbert Jocks +++ +++ Fr, 4. bis So, 6. Sept 2020: PoesieFest im Heine Haus. Das 10. Jahr. Mit Viola Rusche und Mirko Bonn\u00e9 (zu Christian Saalberg 1926 \u2013 2006), Marcel Beyer, Monika Rinck, Nico Bleutge, Julia Trompeter, Maren Kames, Sebastian Unger u.a. +++ mehr +++ Die Video-Aufzeichnungen des PoesieFests 2020 k\u00f6nnen Sie auf unserem YouTube Kanal\u00bb\u00bb anschauen. +++ +++ Di. 08. Sept 2020, David Grossman. Was Nina wusste. (Hanser Verlag) Autorenlesung in der Reihe Literatur der NachbarnDie Lesereise mit David Grossman ist coranabedingt komplett vom Hanser Verlag abgesagt worden, d.h. die Veranstaltung ist entfallen. Sollte&#8230;<\/p>\n","protected":false},"author":1,"featured_media":0,"parent":23,"menu_order":0,"comment_status":"closed","ping_status":"closed","template":"","meta":{"_mc_calendar":[]},"_links":{"self":[{"href":"https:\/\/www.heinehaus.de\/index.php\/wp-json\/wp\/v2\/pages\/5835"}],"collection":[{"href":"https:\/\/www.heinehaus.de\/index.php\/wp-json\/wp\/v2\/pages"}],"about":[{"href":"https:\/\/www.heinehaus.de\/index.php\/wp-json\/wp\/v2\/types\/page"}],"author":[{"embeddable":true,"href":"https:\/\/www.heinehaus.de\/index.php\/wp-json\/wp\/v2\/users\/1"}],"replies":[{"embeddable":true,"href":"https:\/\/www.heinehaus.de\/index.php\/wp-json\/wp\/v2\/comments?post=5835"}],"version-history":[{"count":11,"href":"https:\/\/www.heinehaus.de\/index.php\/wp-json\/wp\/v2\/pages\/5835\/revisions"}],"predecessor-version":[{"id":5848,"href":"https:\/\/www.heinehaus.de\/index.php\/wp-json\/wp\/v2\/pages\/5835\/revisions\/5848"}],"up":[{"embeddable":true,"href":"https:\/\/www.heinehaus.de\/index.php\/wp-json\/wp\/v2\/pages\/23"}],"wp:attachment":[{"href":"https:\/\/www.heinehaus.de\/index.php\/wp-json\/wp\/v2\/media?parent=5835"}],"curies":[{"name":"wp","href":"https:\/\/api.w.org\/{rel}","templated":true}]}}