{"id":7560,"date":"2024-08-21T14:26:47","date_gmt":"2024-08-21T12:26:47","guid":{"rendered":"https:\/\/www.heinehaus.de\/?page_id=7560"},"modified":"2024-08-21T14:31:03","modified_gmt":"2024-08-21T12:31:03","slug":"poesiefest-2023","status":"publish","type":"page","link":"https:\/\/www.heinehaus.de\/index.php\/poesiefest-2023\/","title":{"rendered":"PoesieFest 2023"},"content":{"rendered":"\n<hr class=\"wp-block-separator has-css-opacity\"\/>\n\n\n\n<p><strong><a href=\"https:\/\/www.heinehaus.de\/wp-content\/uploads\/2023\/08\/2023_PROGRAMM_POSIE.pdf\" target=\"_blank\" rel=\"noreferrer noopener\">Laden Sie das vollst\u00e4ndige Programm hier herunter \u00bb\u00bb<\/a><\/strong><\/p>\n\n\n\n<hr class=\"wp-block-separator has-css-opacity\"\/>\n\n\n\n<p><strong>01.09.2023, Fr., 19.00 Uhr Er\u00f6ffnungsabend<br>Monika Rinck, Yevgeniy Breyger und Daniela Seel<\/strong><br>Ein Abend zu 20 Jahren kookbooks.<br>Autorenlesung und Gespr\u00e4ch<br>Einf\u00fchrung: Christoph Buchwald, Tobias Lehmkuhl, Rudolf M\u00fcller<br>Moderation: Tobias Lehmkuhl<\/p>\n\n\n\n<hr class=\"wp-block-separator has-alpha-channel-opacity\"\/>\n\n\n\n<p><strong>02.09.2023, Sa., 16.00 Uhr<br>Oswald Egger, Volha Hapeyeva und Kerstin Preiwu\u00df<\/strong><br>Autorenlesung und Gespr\u00e4ch<br>Moderation: Christoph Buchwald, Tobias Lehmkuhl, Rudolf M\u00fcller<\/p>\n\n\n\n<hr class=\"wp-block-separator has-alpha-channel-opacity\"\/>\n\n\n\n<p><strong>03.09.2023, So., 11.00 Uhr<br>Preisverleihung PoesieDeb\u00fct Preis D\u00fcsseldorf 2023<br>an Ronya Othmann f\u00fcr \u00bbdie verbrechen\u00ab (Hanser Verlag)<\/strong><br>Gru\u00dfworte: Vertreter*in der Landeshauptstadt D\u00fcsseldorf und<br>Dr. Thomas Jelitte (Vorsitzender Heine Haus e.V.)<br>Laudatio: Marcel Beyer<br>Lesung: Ronya Othmann<br>Klavier: Frederike M\u00f6ller<\/p>\n\n\n\n<hr class=\"wp-block-separator has-alpha-channel-opacity\"\/>\n\n\n\n<p><strong>05.09.2023, Di., 19.30 Uhr<br>Maria Stepanova und Durs Gr\u00fcnbein<\/strong><br>Autorenlesung &amp; Gespr\u00e4ch<br>Einf\u00fchrung: Rudolf M\u00fcller<\/p>\n\n\n\n<hr class=\"wp-block-separator has-alpha-channel-opacity\"\/>\n\n\n\n<p><em>au\u00dfer Haus<\/em><br><strong>18.09.2023, Mo., 19.30 Uhr<br>Christoph Ransmayr.<br>Unter einem Zuckerhimmel. Balladen und Gedichte.<br>Illustriert von Anselm Kiefer (S. Fischer)<\/strong><br>Autorenlesung &amp; Gespr\u00e4ch<br>Moderation: Andreas Platthaus (FAZ)<br>Ort: FFT D\u00fcsseldorf<\/p>\n\n\n\n<hr class=\"wp-block-separator has-css-opacity\"\/>\n\n\n\n<p>Das Motto des PoesieFest 2023 \u00bbGedichte in Zeiten von\u2009\u2009Krieg\u2009\u2009und Krise \u00ab<br>stammt von Oswald Egger:<br><\/p>\n\n\n\n<figure class=\"wp-block-image size-large\"><img decoding=\"async\" loading=\"lazy\" width=\"720\" height=\"180\" src=\"https:\/\/www.heinehaus.de\/wp-content\/uploads\/2023\/07\/motto165-720x180.jpg\" alt=\"\" class=\"wp-image-7153\" srcset=\"https:\/\/www.heinehaus.de\/wp-content\/uploads\/2023\/07\/motto165-720x180.jpg 720w, https:\/\/www.heinehaus.de\/wp-content\/uploads\/2023\/07\/motto165-450x112.jpg 450w, https:\/\/www.heinehaus.de\/wp-content\/uploads\/2023\/07\/motto165-768x192.jpg 768w, https:\/\/www.heinehaus.de\/wp-content\/uploads\/2023\/07\/motto165-1536x384.jpg 1536w, https:\/\/www.heinehaus.de\/wp-content\/uploads\/2023\/07\/motto165-2048x512.jpg 2048w, https:\/\/www.heinehaus.de\/wp-content\/uploads\/2023\/07\/motto165-640x160.jpg 640w\" sizes=\"(max-width: 720px) 100vw, 720px\" \/><\/figure>\n\n\n\n<p><strong><br><\/strong><\/p>\n\n\n\n<hr class=\"wp-block-separator has-css-opacity\"\/>\n\n\n\n<p><strong>Monika Rinck<\/strong> lebt in Berlin Moabit und seit j\u00fcngstem auch in K\u00f6ln. Sie studierte Allgemeine und Vergleichende Literaturwissenschaft, Religionswissenschaft und Germanistik an der Ruhr Universit\u00e4t Bochum, an der FU Berlin und an der Yale-University New Haven. F\u00fcr ihre literarischen Arbeiten wurde Monika Rinck vielfach ausgezeichnet, u. a. mit dem Peter-Huchel-Preis 2013, dem Kleist-Preis 2015, dem Ernst-Jandl-Preis 2017 und dem Friedrich H\u00f6lderlin-Preis 2022.<\/p>\n\n\n\n<hr class=\"wp-block-separator has-alpha-channel-opacity\"\/>\n\n\n\n<p><strong>Yevgeniy Breyger<\/strong> (* 26. Juli 1989 in Charkiw) emigrierte im Alter von zehn Jahren mit seinen Eltern und den Eltern seines Vaters als j\u00fcdische Kontingentfl\u00fcchtlinge nach Deutschland und lebte einige Jahre in Magdeburg. Breyger ist Lyriker, \u00dcbersetzer und Herausgeber. Im Fr\u00fchling 2023 erschien sein j\u00fcngster Band <em>Frieden ohne Krieg<\/em> (kookbooks Verlag). Yevgeniy Breyger lebt und arbeitet in Frankfurt am Main.<\/p>\n\n\n\n<hr class=\"wp-block-separator has-alpha-channel-opacity\"\/>\n\n\n\n<p><br><strong>Daniela Seel <\/strong>(1974 in Frankfurt\/Main) lebt als Dichterin und Verlegerin von kookbooks \u2013 Labor f\u00fcr Poesie als Lebensform in Berlin. Es ist zwanzig Jahre her, dass Daniela Seel kookbooks gr\u00fcndete. Nicht als einsames Unterfangen, sondern als Ausdruck einer neu aufkommenden Autorengeneration, die sich mit Dichtung behaupten will. Es ist eine Erfolgsgeschichte \u2013 eigentlich. Kein Verlag hat die gegenw\u00e4rtige Lyrik-Landschaft so aufgemischt wie dieser, der kein Haus hat, keine Angestellten und kaum Kapital. <\/p>\n\n\n\n<hr class=\"wp-block-separator has-alpha-channel-opacity\"\/>\n\n\n\n<p><strong>Oswald Egger<\/strong> wurde 1963 in Lana\/S\u00fcdtirol geboren. Seit 2011 ist er Professor f\u00fcr Sprache und Gestalt an der Muthesius Kunsthochschule in Kiel, er ist Mitglied der Deutschen Akademie f\u00fcr Sprache und Dichtung. Oswald Egger lebt und arbeitet auf der Raketenstation Hombroich. <\/p>\n\n\n\n<hr class=\"wp-block-separator has-alpha-channel-opacity\"\/>\n\n\n\n<p><strong>Volha Hapeyeva<\/strong>, geboren in Minsk (Belarus), ist Lyrikerin, Autorin, \u00dcbersetzerin und promovierte Linguistin. F\u00fcr ihr Werk erhielt sie zahlreiche Preise und Auszeichnungen. Ihre Gedichte wurden in mehr als 15 Sprachen \u00fcbersetzt. Kerstin Preiwu\u00df,<em> (<\/em>1980 in L\u00fcbz) Romanautorin, Essayistin und Dichterin, lebt und arbeitet in Leipzig. Seit 2021 ist sie Professorin am Deutschen Literaturinstitut Leipzig und Mitglied der Deutschen Akademie f\u00fcr Sprache und Dichtung.<\/p>\n\n\n\n<hr class=\"wp-block-separator has-alpha-channel-opacity\"\/>\n\n\n\n<p><br><strong>Ronya Othmann <\/strong>(1993 in M\u00fcnchen) lebt in Leipzig. Sie schreibt Prosa, Gedichte und Essays und ist als Journalistin t\u00e4tig (u.a. f\u00fcr die FAZ). F\u00fcr den Gedichtband<em> die verbrechen<\/em> (2021) erh\u00e4lt sie den PoesieDeb\u00fctPreis D\u00fcsseldorf 2023. Die Laudatio h\u00e4lt Marcel Beyer. <\/p>\n\n\n\n<hr class=\"wp-block-separator has-alpha-channel-opacity\"\/>\n\n\n\n<p><strong>Marcel Beyer <\/strong><em>(<\/em>1965 in Tailfingen) studierte Germanistik, Anglistik und Literaturwissenschaft an der Universit\u00e4t Siegen. Er ver\u00f6ffentlichte zahlreiche Essays, Romane und Lyrikb\u00e4nde, die sich immer wieder mit der deutschen Geschichte auseinandersetzen. F\u00fcr sein Werk wurde er vielfach ausgezeichnet, unter anderem mit dem Georg-B\u00fcchner-Preis (2016). Marcel Beyer lebt und arbeitet in Dresden.<\/p>\n\n\n\n<hr class=\"wp-block-separator has-alpha-channel-opacity\"\/>\n\n\n\n<p><br><strong>Maria Stepanova, <\/strong>1972 in Moskau geboren, ist die international erfolgreichste russische Dichterin der Gegenwart. F\u00fcr ihr umfangreiches lyrisches und essayistisches Werk wurde sie vielfach ausgezeichnet, zuletzt 2023 mit dem Leipziger Buchpreis f\u00fcr Europ\u00e4ische Verst\u00e4ndigung. Zurzeit ist sie Fellow des Wissenschaftskollegs zu Berlin.<\/p>\n\n\n\n<hr class=\"wp-block-separator has-alpha-channel-opacity\"\/>\n\n\n\n<p><strong><br>Durs Gr\u00fcnbein <\/strong>wurde am 9. Oktober 1962 in Dresden geboren. Er ist einer der bedeutendsten und auch international wirkm\u00e4chtigsten deutschen Dichter und Essayisten. F\u00fcr sein Werk erhielt er eine Vielzahl von Preisen, u.a. den Georg-B\u00fcchner-Preis, zuletzt den Internationalen Literaturpreis der Zbigniew-Herbert-Stiftung. Er lebt und arbeitet in Berlin und Rom.<\/p>\n\n\n\n<hr class=\"wp-block-separator has-alpha-channel-opacity\"\/>\n\n\n\n<p><br><strong>Christoph Ransmayr <\/strong>wurde 1954 in Wels\/Ober\u00f6sterreich geboren und lebt nach Jahren in Irland und auf Reisen wieder in Wien. Zum Werk Christoph Ransmayrs erschien der Band \u00bbBericht am Feuer\u00ab (Hrsg. Insa Wilke). F\u00fcr seine B\u00fccher, die in mehr als drei\u00dfig Sprachen \u00fcbersetzt wurden, erhielt er zahlreiche literarische Auszeichnungen, gemeinsam mit Salman Rushdie den Prix Aristeion der Europ\u00e4ischen Union, und 2020 den Ludwig-B\u00f6rne-Preis.<\/p>\n\n\n\n<hr class=\"wp-block-separator has-css-opacity\"\/>\n\n\n\n<p><strong>Veranstalter:<\/strong> Verein zur F\u00f6rderung des Heinrich Heine Geburtshauses e.V., M\u00fcller &amp; B\u00f6hm Literaturhandlung. Das PoesieFest 2022 wird gef\u00f6rdert von: Kulturamt der Landeshauptstadt D\u00fcsseldorf und der Kunststiftung NRW.<\/p>\n\n\n\n<p><strong>VVK:<\/strong> M\u00fcller &amp; B\u00f6hm Literaturhandlung im Heine Haus<\/p>\n\n\n\n<p><strong><em>Festivalkarte, alle Veranstaltungen (EUR 30,\u2013)<br>Tageskarte (EUR 10,\u2013\u2009\/\u20098,\u2013 erm.), Tageskarte Sonntag (EUR 5,\u2013)<br>Ransmayr, au\u00dfer Haus FFT (20,\u2013\/10,\u2013 erm.)<\/em><\/strong><\/p>\n\n\n\n<p><\/p>\n\n\n\n<hr class=\"wp-block-separator has-css-opacity\"\/>\n\n\n\n<p><em>Programm: Dr. Selinde B\u00f6hm<br>Beirat: Christoph Buchwald, Verleger, Coss\u00e9e Verlag Amsterdam, seit 1979 Hrsg. Jahrbuch der Lyrik. Tobias Lehmkuhl, Journalist (2017 ausgezeichnet mit dem Berliner Preis fu\u0308r Literaturkritik) Herausgeber und Schriftsteller. Rudolf Mu\u0308ller, Buchh\u00e4ndler (Inhaber der Mu\u0308ller&amp;B\u00f6hm Literaturhandlung, u.a. Mitglied Akademie Deutscher Buchpreis, Juror Du\u0308sseldorfer Literaturpreis)<br><\/em><\/p>\n\n\n\n<hr class=\"wp-block-separator has-css-opacity\"\/>\n\n\n\n<p><em>Gef\u00f6rdert durch die Landeshauptstadt Du\u0308sseldorf, das Kulturamt der Landeshauptstadt Du\u0308sseldorf und die Kunststiftung NRW<\/em><\/p>\n","protected":false},"excerpt":{"rendered":"<p>Laden Sie das vollst\u00e4ndige Programm hier herunter \u00bb\u00bb 01.09.2023, Fr., 19.00 Uhr Er\u00f6ffnungsabendMonika Rinck, Yevgeniy Breyger und Daniela SeelEin Abend zu 20 Jahren kookbooks.Autorenlesung und Gespr\u00e4chEinf\u00fchrung: Christoph Buchwald, Tobias Lehmkuhl, Rudolf M\u00fcllerModeration: Tobias Lehmkuhl 02.09.2023, Sa., 16.00 UhrOswald Egger, Volha Hapeyeva und Kerstin Preiwu\u00dfAutorenlesung und Gespr\u00e4chModeration: Christoph Buchwald, Tobias Lehmkuhl, Rudolf M\u00fcller 03.09.2023, So., 11.00 UhrPreisverleihung PoesieDeb\u00fct Preis D\u00fcsseldorf 2023an Ronya Othmann f\u00fcr \u00bbdie verbrechen\u00ab (Hanser Verlag)Gru\u00dfworte: Vertreter*in der Landeshauptstadt D\u00fcsseldorf undDr. Thomas Jelitte (Vorsitzender Heine Haus e.V.)Laudatio: Marcel BeyerLesung: Ronya OthmannKlavier: Frederike M\u00f6ller 05.09.2023, Di., 19.30 UhrMaria Stepanova und Durs Gr\u00fcnbeinAutorenlesung &amp; Gespr\u00e4chEinf\u00fchrung: Rudolf M\u00fcller au\u00dfer Haus18.09.2023, Mo., 19.30 UhrChristoph Ransmayr.Unter einem Zuckerhimmel. Balladen und Gedichte.Illustriert von Anselm Kiefer (S. Fischer)Autorenlesung &amp; Gespr\u00e4chModeration: Andreas Platthaus (FAZ)Ort: FFT D\u00fcsseldorf Das&#8230;<\/p>\n","protected":false},"author":1,"featured_media":0,"parent":0,"menu_order":0,"comment_status":"closed","ping_status":"closed","template":"","meta":{"_mc_calendar":[]},"_links":{"self":[{"href":"https:\/\/www.heinehaus.de\/index.php\/wp-json\/wp\/v2\/pages\/7560"}],"collection":[{"href":"https:\/\/www.heinehaus.de\/index.php\/wp-json\/wp\/v2\/pages"}],"about":[{"href":"https:\/\/www.heinehaus.de\/index.php\/wp-json\/wp\/v2\/types\/page"}],"author":[{"embeddable":true,"href":"https:\/\/www.heinehaus.de\/index.php\/wp-json\/wp\/v2\/users\/1"}],"replies":[{"embeddable":true,"href":"https:\/\/www.heinehaus.de\/index.php\/wp-json\/wp\/v2\/comments?post=7560"}],"version-history":[{"count":4,"href":"https:\/\/www.heinehaus.de\/index.php\/wp-json\/wp\/v2\/pages\/7560\/revisions"}],"predecessor-version":[{"id":7568,"href":"https:\/\/www.heinehaus.de\/index.php\/wp-json\/wp\/v2\/pages\/7560\/revisions\/7568"}],"wp:attachment":[{"href":"https:\/\/www.heinehaus.de\/index.php\/wp-json\/wp\/v2\/media?parent=7560"}],"curies":[{"name":"wp","href":"https:\/\/api.w.org\/{rel}","templated":true}]}}